{"id":2663,"date":"2023-11-24T15:54:16","date_gmt":"2023-11-24T12:54:16","guid":{"rendered":"https:\/\/nordlube.ee\/toode\/mpm-coolant-premium-longlife-40c-g12-ready-to-use\/"},"modified":"2023-12-06T14:14:30","modified_gmt":"2023-12-06T11:14:30","slug":"mpm-coolant-premium-longlife-40c-g12-ready-to-use","status":"publish","type":"product","link":"https:\/\/nordlube.ee\/en\/product\/mpm-coolant-premium-longlife-40c-g12-ready-to-use\/","title":{"rendered":"MPM Coolant Premium Longlife -40\u00b0C G12+ Ready to Use"},"content":{"rendered":"<p>Pikaajalise toimega silikaadivaba jahutusvedelikG12+kasutamiseks temperatuuril -40\u00b0C.K\u00f5rge kvaliteediga pikaajalise toimega silikaadivaba OAT jahutusvedelik on spetsiaalselt v\u00e4lja t\u00f6\u00f6tatud kasutamiseks selliste mitteraudmetallide kaitsmiseks nagu alumiinium ja magneesium. Jahutusvedelik on kasutusvalmis.Vastab spetsifikatsioonidele:Daf 74002Ford ESE-M97B49-A \/ WSS-M97B44-C \/ WSS-M97B44-DGM\/Opel 1940 656 \/ 6277MMAN 248 \/ 324 SNFMB-Approval 326.3Paccar 74002Renault 41-01-001ScaniaSuzukiVW TL 774D G12+ \/ 774F G12+Volvo No. 260<\/p>\n","protected":false},"excerpt":{"rendered":"<p>Pikaajalise toimega silikaadivaba jahutusvedelikG12+kasutamiseks temperatuuril -40\u00b0C.K\u00f5rge kvaliteediga pikaajalise toimega silikaadivaba OAT jahutusvedelik on spetsiaalselt v\u00e4lja t\u00f6\u00f6tatud kasutamiseks selliste mitteraudmetallide kaitsmiseks nagu alumiinium ja magneesium. Jahutusvedelik on kasutusvalmis.Vastab spetsifikatsioonidele:Daf 74002Ford ESE-M97B49-A \/ WSS-M97B44-C \/ WSS-M97B44-DGM\/Opel 1940 656 \/ 6277MMAN 248 \/ 324 SNFMB-Approval 326.3Paccar 74002Renault 41-01-001ScaniaSuzukiVW TL 774D G12+ \/ 774F G12+Volvo No. 260<\/p>\n","protected":false},"featured_media":1693,"template":"","meta":{"_acf_changed":false},"product_brand":[580],"product_cat":[562,556,579],"product_tag":[],"class_list":{"0":"post-2663","1":"product","2":"type-product","3":"status-publish","4":"has-post-thumbnail","6":"product_appliance-automotive-en","7":"product_brand-mpm-oil-en","8":"product_cat-coolants-en","9":"product_cat-other-et-en","10":"product_cat-ready-to-use-en","11":"pa_maht-1-l-et-en","12":"pa_maht-20-l-et-en","13":"pa_maht-5-l-et-en","15":"first","16":"instock","17":"taxable","18":"shipping-taxable","19":"purchasable","20":"product-type-variable"},"acf":[],"yoast_head":"<!-- This site is optimized with the Yoast SEO plugin v27.4 - https:\/\/yoast.com\/product\/yoast-seo-wordpress\/ -->\n<title>MPM Coolant Premium Longlife -40\u00b0C G12+ Ready to Use - Nordlube<\/title>\n<meta name=\"robots\" content=\"index, follow, max-snippet:-1, max-image-preview:large, max-video-preview:-1\" \/>\n<link rel=\"canonical\" href=\"https:\/\/nordlube.ee\/product\/mpm-coolant-premium-longlife-40c-g12-ready-to-use\/\" \/>\n<meta property=\"og:locale\" content=\"en_US\" \/>\n<meta property=\"og:type\" content=\"article\" \/>\n<meta property=\"og:title\" content=\"MPM Coolant Premium Longlife -40\u00b0C G12+ Ready to Use - Nordlube\" \/>\n<meta property=\"og:description\" content=\"Pikaajalise toimega silikaadivaba jahutusvedelikG12+kasutamiseks temperatuuril -40\u00b0C.K\u00f5rge kvaliteediga pikaajalise toimega silikaadivaba OAT jahutusvedelik on spetsiaalselt v\u00e4lja t\u00f6\u00f6tatud kasutamiseks selliste mitteraudmetallide kaitsmiseks nagu alumiinium ja magneesium. Jahutusvedelik on kasutusvalmis.Vastab spetsifikatsioonidele:Daf 74002Ford ESE-M97B49-A \/ WSS-M97B44-C \/ WSS-M97B44-DGM\/Opel 1940 656 \/ 6277MMAN 248 \/ 324 SNFMB-Approval 326.3Paccar 74002Renault 41-01-001ScaniaSuzukiVW TL 774D G12+ \/ 774F G12+Volvo No. 260\" \/>\n<meta property=\"og:url\" content=\"https:\/\/nordlube.ee\/product\/mpm-coolant-premium-longlife-40c-g12-ready-to-use\/\" \/>\n<meta property=\"og:site_name\" content=\"Nordlube\" \/>\n<meta property=\"article:modified_time\" content=\"2023-12-06T11:14:30+00:00\" \/>\n<meta property=\"og:image\" content=\"https:\/\/nordlube.ee\/wp-content\/uploads\/2023\/11\/86000C-1024x1024.png\" \/>\n\t<meta property=\"og:image:width\" content=\"1024\" \/>\n\t<meta property=\"og:image:height\" content=\"1024\" \/>\n\t<meta property=\"og:image:type\" content=\"image\/png\" \/>\n<meta name=\"twitter:card\" content=\"summary_large_image\" \/>\n<script type=\"application\/ld+json\" class=\"yoast-schema-graph\">{\"@context\":\"https:\\\/\\\/schema.org\",\"@graph\":[{\"@type\":\"WebPage\",\"@id\":\"https:\\\/\\\/nordlube.ee\\\/product\\\/mpm-coolant-premium-longlife-40c-g12-ready-to-use\\\/\",\"url\":\"https:\\\/\\\/nordlube.ee\\\/product\\\/mpm-coolant-premium-longlife-40c-g12-ready-to-use\\\/\",\"name\":\"MPM Coolant Premium Longlife -40\u00b0C G12+ Ready to Use - Nordlube\",\"isPartOf\":{\"@id\":\"https:\\\/\\\/nordlube.ee\\\/#website\"},\"primaryImageOfPage\":{\"@id\":\"https:\\\/\\\/nordlube.ee\\\/product\\\/mpm-coolant-premium-longlife-40c-g12-ready-to-use\\\/#primaryimage\"},\"image\":{\"@id\":\"https:\\\/\\\/nordlube.ee\\\/product\\\/mpm-coolant-premium-longlife-40c-g12-ready-to-use\\\/#primaryimage\"},\"thumbnailUrl\":\"https:\\\/\\\/nordlube.ee\\\/wp-content\\\/uploads\\\/2023\\\/11\\\/86000C.png\",\"datePublished\":\"2023-11-24T12:54:16+00:00\",\"dateModified\":\"2023-12-06T11:14:30+00:00\",\"breadcrumb\":{\"@id\":\"https:\\\/\\\/nordlube.ee\\\/product\\\/mpm-coolant-premium-longlife-40c-g12-ready-to-use\\\/#breadcrumb\"},\"inLanguage\":\"en-US\",\"potentialAction\":[{\"@type\":\"ReadAction\",\"target\":[\"https:\\\/\\\/nordlube.ee\\\/product\\\/mpm-coolant-premium-longlife-40c-g12-ready-to-use\\\/\"]}]},{\"@type\":\"ImageObject\",\"inLanguage\":\"en-US\",\"@id\":\"https:\\\/\\\/nordlube.ee\\\/product\\\/mpm-coolant-premium-longlife-40c-g12-ready-to-use\\\/#primaryimage\",\"url\":\"https:\\\/\\\/nordlube.ee\\\/wp-content\\\/uploads\\\/2023\\\/11\\\/86000C.png\",\"contentUrl\":\"https:\\\/\\\/nordlube.ee\\\/wp-content\\\/uploads\\\/2023\\\/11\\\/86000C.png\",\"width\":2635,\"height\":2635},{\"@type\":\"BreadcrumbList\",\"@id\":\"https:\\\/\\\/nordlube.ee\\\/product\\\/mpm-coolant-premium-longlife-40c-g12-ready-to-use\\\/#breadcrumb\",\"itemListElement\":[{\"@type\":\"ListItem\",\"position\":1,\"name\":\"Home\",\"item\":\"https:\\\/\\\/nordlube.ee\\\/en\\\/\"},{\"@type\":\"ListItem\",\"position\":2,\"name\":\"Products\",\"item\":\"https:\\\/\\\/nordlube.ee\\\/tooted\\\/\"},{\"@type\":\"ListItem\",\"position\":3,\"name\":\"MPM Coolant Premium Longlife -40\u00b0C G12+ Ready to Use\"}]},{\"@type\":\"WebSite\",\"@id\":\"https:\\\/\\\/nordlube.ee\\\/#website\",\"url\":\"https:\\\/\\\/nordlube.ee\\\/\",\"name\":\"Nordlube\",\"description\":\"NESTE Lubricants ametlik esindaja Eestis\",\"potentialAction\":[{\"@type\":\"SearchAction\",\"target\":{\"@type\":\"EntryPoint\",\"urlTemplate\":\"https:\\\/\\\/nordlube.ee\\\/?s={search_term_string}\"},\"query-input\":{\"@type\":\"PropertyValueSpecification\",\"valueRequired\":true,\"valueName\":\"search_term_string\"}}],\"inLanguage\":\"en-US\"}]}<\/script>\n<!-- \/ Yoast SEO plugin. -->","yoast_head_json":{"title":"MPM Coolant Premium Longlife -40\u00b0C G12+ Ready to Use - Nordlube","robots":{"index":"index","follow":"follow","max-snippet":"max-snippet:-1","max-image-preview":"max-image-preview:large","max-video-preview":"max-video-preview:-1"},"canonical":"https:\/\/nordlube.ee\/product\/mpm-coolant-premium-longlife-40c-g12-ready-to-use\/","og_locale":"en_US","og_type":"article","og_title":"MPM Coolant Premium Longlife -40\u00b0C G12+ Ready to Use - Nordlube","og_description":"Pikaajalise toimega silikaadivaba jahutusvedelikG12+kasutamiseks temperatuuril -40\u00b0C.K\u00f5rge kvaliteediga pikaajalise toimega silikaadivaba OAT jahutusvedelik on spetsiaalselt v\u00e4lja t\u00f6\u00f6tatud kasutamiseks selliste mitteraudmetallide kaitsmiseks nagu alumiinium ja magneesium. Jahutusvedelik on kasutusvalmis.Vastab spetsifikatsioonidele:Daf 74002Ford ESE-M97B49-A \/ WSS-M97B44-C \/ WSS-M97B44-DGM\/Opel 1940 656 \/ 6277MMAN 248 \/ 324 SNFMB-Approval 326.3Paccar 74002Renault 41-01-001ScaniaSuzukiVW TL 774D G12+ \/ 774F G12+Volvo No. 260","og_url":"https:\/\/nordlube.ee\/product\/mpm-coolant-premium-longlife-40c-g12-ready-to-use\/","og_site_name":"Nordlube","article_modified_time":"2023-12-06T11:14:30+00:00","og_image":[{"width":1024,"height":1024,"url":"https:\/\/nordlube.ee\/wp-content\/uploads\/2023\/11\/86000C-1024x1024.png","type":"image\/png"}],"twitter_card":"summary_large_image","schema":{"@context":"https:\/\/schema.org","@graph":[{"@type":"WebPage","@id":"https:\/\/nordlube.ee\/product\/mpm-coolant-premium-longlife-40c-g12-ready-to-use\/","url":"https:\/\/nordlube.ee\/product\/mpm-coolant-premium-longlife-40c-g12-ready-to-use\/","name":"MPM Coolant Premium Longlife -40\u00b0C G12+ Ready to Use - Nordlube","isPartOf":{"@id":"https:\/\/nordlube.ee\/#website"},"primaryImageOfPage":{"@id":"https:\/\/nordlube.ee\/product\/mpm-coolant-premium-longlife-40c-g12-ready-to-use\/#primaryimage"},"image":{"@id":"https:\/\/nordlube.ee\/product\/mpm-coolant-premium-longlife-40c-g12-ready-to-use\/#primaryimage"},"thumbnailUrl":"https:\/\/nordlube.ee\/wp-content\/uploads\/2023\/11\/86000C.png","datePublished":"2023-11-24T12:54:16+00:00","dateModified":"2023-12-06T11:14:30+00:00","breadcrumb":{"@id":"https:\/\/nordlube.ee\/product\/mpm-coolant-premium-longlife-40c-g12-ready-to-use\/#breadcrumb"},"inLanguage":"en-US","potentialAction":[{"@type":"ReadAction","target":["https:\/\/nordlube.ee\/product\/mpm-coolant-premium-longlife-40c-g12-ready-to-use\/"]}]},{"@type":"ImageObject","inLanguage":"en-US","@id":"https:\/\/nordlube.ee\/product\/mpm-coolant-premium-longlife-40c-g12-ready-to-use\/#primaryimage","url":"https:\/\/nordlube.ee\/wp-content\/uploads\/2023\/11\/86000C.png","contentUrl":"https:\/\/nordlube.ee\/wp-content\/uploads\/2023\/11\/86000C.png","width":2635,"height":2635},{"@type":"BreadcrumbList","@id":"https:\/\/nordlube.ee\/product\/mpm-coolant-premium-longlife-40c-g12-ready-to-use\/#breadcrumb","itemListElement":[{"@type":"ListItem","position":1,"name":"Home","item":"https:\/\/nordlube.ee\/en\/"},{"@type":"ListItem","position":2,"name":"Products","item":"https:\/\/nordlube.ee\/tooted\/"},{"@type":"ListItem","position":3,"name":"MPM Coolant Premium Longlife -40\u00b0C G12+ Ready to Use"}]},{"@type":"WebSite","@id":"https:\/\/nordlube.ee\/#website","url":"https:\/\/nordlube.ee\/","name":"Nordlube","description":"NESTE Lubricants ametlik esindaja Eestis","potentialAction":[{"@type":"SearchAction","target":{"@type":"EntryPoint","urlTemplate":"https:\/\/nordlube.ee\/?s={search_term_string}"},"query-input":{"@type":"PropertyValueSpecification","valueRequired":true,"valueName":"search_term_string"}}],"inLanguage":"en-US"}]}},"_links":{"self":[{"href":"https:\/\/nordlube.ee\/en\/wp-json\/wp\/v2\/product\/2663","targetHints":{"allow":["GET"]}}],"collection":[{"href":"https:\/\/nordlube.ee\/en\/wp-json\/wp\/v2\/product"}],"about":[{"href":"https:\/\/nordlube.ee\/en\/wp-json\/wp\/v2\/types\/product"}],"wp:featuredmedia":[{"embeddable":true,"href":"https:\/\/nordlube.ee\/en\/wp-json\/wp\/v2\/media\/1693"}],"wp:attachment":[{"href":"https:\/\/nordlube.ee\/en\/wp-json\/wp\/v2\/media?parent=2663"}],"wp:term":[{"taxonomy":"product_brand","embeddable":true,"href":"https:\/\/nordlube.ee\/en\/wp-json\/wp\/v2\/product_brand?post=2663"},{"taxonomy":"product_cat","embeddable":true,"href":"https:\/\/nordlube.ee\/en\/wp-json\/wp\/v2\/product_cat?post=2663"},{"taxonomy":"product_tag","embeddable":true,"href":"https:\/\/nordlube.ee\/en\/wp-json\/wp\/v2\/product_tag?post=2663"}],"curies":[{"name":"wp","href":"https:\/\/api.w.org\/{rel}","templated":true}]}}