{"id":2654,"date":"2023-11-24T15:54:28","date_gmt":"2023-11-24T12:54:28","guid":{"rendered":"https:\/\/nordlube.ee\/toode\/mpm-motor-oil-5w-30-premium-synthetic-c2-citroen-peugeot\/"},"modified":"2023-11-24T15:54:28","modified_gmt":"2023-11-24T12:54:28","slug":"mpm-motor-oil-5w-30-premium-synthetic-c2-citroen-peugeot","status":"publish","type":"product","link":"https:\/\/nordlube.ee\/en\/product\/mpm-motor-oil-5w-30-premium-synthetic-c2-citroen-peugeot\/","title":{"rendered":"MPM Motor Oil 5W-30 Premium Synthetic C2 Citro\u00ebn \/ Peugeot"},"content":{"rendered":"<p>T\u00e4iss\u00fcnteetiline \u00f5li \u201eMID SAPS\u201c mudelitele \u201eCitro\u00ebn\u201c ja \u201ePeugot\u201c.Vastab spetsifikatsioonidele:ACEA C2API CF \/ SNPSA B71 2290Renault RN 0700<\/p>\n","protected":false},"excerpt":{"rendered":"<p>T\u00e4iss\u00fcnteetiline \u00f5li \u201eMID SAPS\u201c mudelitele \u201eCitro\u00ebn\u201c ja \u201ePeugot\u201c.Vastab spetsifikatsioonidele:ACEA C2API CF \/ SNPSA B71 2290Renault RN 0700<\/p>\n","protected":false},"featured_media":1781,"template":"","meta":{"_acf_changed":false},"product_brand":[580],"product_cat":[572,582],"product_tag":[],"class_list":{"0":"post-2654","1":"product","2":"type-product","3":"status-publish","4":"has-post-thumbnail","6":"product_appliance-automotive-en","7":"product_brand-mpm-oil-en","8":"product_cat-motor-oils-en","9":"product_cat-premium-synthetic-et-en","10":"pa_maht-1-l-et-en","11":"pa_maht-20-l-et-en","12":"pa_maht-205-l-et-en","13":"pa_maht-5-l-et-en","14":"pa_maht-60-l-et-en","16":"first","17":"instock","18":"taxable","19":"shipping-taxable","20":"purchasable","21":"product-type-variable"},"acf":[],"yoast_head":"<!-- This site is optimized with the Yoast SEO plugin v27.4 - https:\/\/yoast.com\/product\/yoast-seo-wordpress\/ -->\n<title>MPM Motor Oil 5W-30 Premium Synthetic C2 Citro\u00ebn \/ Peugeot - Nordlube<\/title>\n<meta name=\"robots\" content=\"index, follow, max-snippet:-1, max-image-preview:large, max-video-preview:-1\" \/>\n<link rel=\"canonical\" href=\"https:\/\/nordlube.ee\/product\/mpm-motor-oil-5w-30-premium-synthetic-c2-citroen-peugeot\/\" \/>\n<meta property=\"og:locale\" content=\"en_US\" \/>\n<meta property=\"og:type\" content=\"article\" \/>\n<meta property=\"og:title\" content=\"MPM Motor Oil 5W-30 Premium Synthetic C2 Citro\u00ebn \/ Peugeot - Nordlube\" \/>\n<meta property=\"og:description\" content=\"T\u00e4iss\u00fcnteetiline \u00f5li \u201eMID SAPS\u201c mudelitele \u201eCitro\u00ebn\u201c ja \u201ePeugot\u201c.Vastab spetsifikatsioonidele:ACEA C2API CF \/ SNPSA B71 2290Renault RN 0700\" \/>\n<meta property=\"og:url\" content=\"https:\/\/nordlube.ee\/product\/mpm-motor-oil-5w-30-premium-synthetic-c2-citroen-peugeot\/\" \/>\n<meta property=\"og:site_name\" content=\"Nordlube\" \/>\n<meta property=\"og:image\" content=\"https:\/\/nordlube.ee\/wp-content\/uploads\/2023\/11\/05000C2-1024x1024.png\" \/>\n\t<meta property=\"og:image:width\" content=\"1024\" \/>\n\t<meta property=\"og:image:height\" content=\"1024\" \/>\n\t<meta property=\"og:image:type\" content=\"image\/png\" \/>\n<meta name=\"twitter:card\" content=\"summary_large_image\" \/>\n<script type=\"application\/ld+json\" class=\"yoast-schema-graph\">{\"@context\":\"https:\\\/\\\/schema.org\",\"@graph\":[{\"@type\":\"WebPage\",\"@id\":\"https:\\\/\\\/nordlube.ee\\\/product\\\/mpm-motor-oil-5w-30-premium-synthetic-c2-citroen-peugeot\\\/\",\"url\":\"https:\\\/\\\/nordlube.ee\\\/product\\\/mpm-motor-oil-5w-30-premium-synthetic-c2-citroen-peugeot\\\/\",\"name\":\"MPM Motor Oil 5W-30 Premium Synthetic C2 Citro\u00ebn \\\/ Peugeot - Nordlube\",\"isPartOf\":{\"@id\":\"https:\\\/\\\/nordlube.ee\\\/#website\"},\"primaryImageOfPage\":{\"@id\":\"https:\\\/\\\/nordlube.ee\\\/product\\\/mpm-motor-oil-5w-30-premium-synthetic-c2-citroen-peugeot\\\/#primaryimage\"},\"image\":{\"@id\":\"https:\\\/\\\/nordlube.ee\\\/product\\\/mpm-motor-oil-5w-30-premium-synthetic-c2-citroen-peugeot\\\/#primaryimage\"},\"thumbnailUrl\":\"https:\\\/\\\/nordlube.ee\\\/wp-content\\\/uploads\\\/2023\\\/11\\\/05000C2.png\",\"datePublished\":\"2023-11-24T12:54:28+00:00\",\"breadcrumb\":{\"@id\":\"https:\\\/\\\/nordlube.ee\\\/product\\\/mpm-motor-oil-5w-30-premium-synthetic-c2-citroen-peugeot\\\/#breadcrumb\"},\"inLanguage\":\"en-US\",\"potentialAction\":[{\"@type\":\"ReadAction\",\"target\":[\"https:\\\/\\\/nordlube.ee\\\/product\\\/mpm-motor-oil-5w-30-premium-synthetic-c2-citroen-peugeot\\\/\"]}]},{\"@type\":\"ImageObject\",\"inLanguage\":\"en-US\",\"@id\":\"https:\\\/\\\/nordlube.ee\\\/product\\\/mpm-motor-oil-5w-30-premium-synthetic-c2-citroen-peugeot\\\/#primaryimage\",\"url\":\"https:\\\/\\\/nordlube.ee\\\/wp-content\\\/uploads\\\/2023\\\/11\\\/05000C2.png\",\"contentUrl\":\"https:\\\/\\\/nordlube.ee\\\/wp-content\\\/uploads\\\/2023\\\/11\\\/05000C2.png\",\"width\":2635,\"height\":2635},{\"@type\":\"BreadcrumbList\",\"@id\":\"https:\\\/\\\/nordlube.ee\\\/product\\\/mpm-motor-oil-5w-30-premium-synthetic-c2-citroen-peugeot\\\/#breadcrumb\",\"itemListElement\":[{\"@type\":\"ListItem\",\"position\":1,\"name\":\"Home\",\"item\":\"https:\\\/\\\/nordlube.ee\\\/en\\\/\"},{\"@type\":\"ListItem\",\"position\":2,\"name\":\"Products\",\"item\":\"https:\\\/\\\/nordlube.ee\\\/tooted\\\/\"},{\"@type\":\"ListItem\",\"position\":3,\"name\":\"MPM Motor Oil 5W-30 Premium Synthetic C2 Citro\u00ebn \\\/ Peugeot\"}]},{\"@type\":\"WebSite\",\"@id\":\"https:\\\/\\\/nordlube.ee\\\/#website\",\"url\":\"https:\\\/\\\/nordlube.ee\\\/\",\"name\":\"Nordlube\",\"description\":\"NESTE Lubricants ametlik esindaja Eestis\",\"potentialAction\":[{\"@type\":\"SearchAction\",\"target\":{\"@type\":\"EntryPoint\",\"urlTemplate\":\"https:\\\/\\\/nordlube.ee\\\/?s={search_term_string}\"},\"query-input\":{\"@type\":\"PropertyValueSpecification\",\"valueRequired\":true,\"valueName\":\"search_term_string\"}}],\"inLanguage\":\"en-US\"}]}<\/script>\n<!-- \/ Yoast SEO plugin. -->","yoast_head_json":{"title":"MPM Motor Oil 5W-30 Premium Synthetic C2 Citro\u00ebn \/ Peugeot - Nordlube","robots":{"index":"index","follow":"follow","max-snippet":"max-snippet:-1","max-image-preview":"max-image-preview:large","max-video-preview":"max-video-preview:-1"},"canonical":"https:\/\/nordlube.ee\/product\/mpm-motor-oil-5w-30-premium-synthetic-c2-citroen-peugeot\/","og_locale":"en_US","og_type":"article","og_title":"MPM Motor Oil 5W-30 Premium Synthetic C2 Citro\u00ebn \/ Peugeot - Nordlube","og_description":"T\u00e4iss\u00fcnteetiline \u00f5li \u201eMID SAPS\u201c mudelitele \u201eCitro\u00ebn\u201c ja \u201ePeugot\u201c.Vastab spetsifikatsioonidele:ACEA C2API CF \/ SNPSA B71 2290Renault RN 0700","og_url":"https:\/\/nordlube.ee\/product\/mpm-motor-oil-5w-30-premium-synthetic-c2-citroen-peugeot\/","og_site_name":"Nordlube","og_image":[{"width":1024,"height":1024,"url":"https:\/\/nordlube.ee\/wp-content\/uploads\/2023\/11\/05000C2-1024x1024.png","type":"image\/png"}],"twitter_card":"summary_large_image","schema":{"@context":"https:\/\/schema.org","@graph":[{"@type":"WebPage","@id":"https:\/\/nordlube.ee\/product\/mpm-motor-oil-5w-30-premium-synthetic-c2-citroen-peugeot\/","url":"https:\/\/nordlube.ee\/product\/mpm-motor-oil-5w-30-premium-synthetic-c2-citroen-peugeot\/","name":"MPM Motor Oil 5W-30 Premium Synthetic C2 Citro\u00ebn \/ Peugeot - Nordlube","isPartOf":{"@id":"https:\/\/nordlube.ee\/#website"},"primaryImageOfPage":{"@id":"https:\/\/nordlube.ee\/product\/mpm-motor-oil-5w-30-premium-synthetic-c2-citroen-peugeot\/#primaryimage"},"image":{"@id":"https:\/\/nordlube.ee\/product\/mpm-motor-oil-5w-30-premium-synthetic-c2-citroen-peugeot\/#primaryimage"},"thumbnailUrl":"https:\/\/nordlube.ee\/wp-content\/uploads\/2023\/11\/05000C2.png","datePublished":"2023-11-24T12:54:28+00:00","breadcrumb":{"@id":"https:\/\/nordlube.ee\/product\/mpm-motor-oil-5w-30-premium-synthetic-c2-citroen-peugeot\/#breadcrumb"},"inLanguage":"en-US","potentialAction":[{"@type":"ReadAction","target":["https:\/\/nordlube.ee\/product\/mpm-motor-oil-5w-30-premium-synthetic-c2-citroen-peugeot\/"]}]},{"@type":"ImageObject","inLanguage":"en-US","@id":"https:\/\/nordlube.ee\/product\/mpm-motor-oil-5w-30-premium-synthetic-c2-citroen-peugeot\/#primaryimage","url":"https:\/\/nordlube.ee\/wp-content\/uploads\/2023\/11\/05000C2.png","contentUrl":"https:\/\/nordlube.ee\/wp-content\/uploads\/2023\/11\/05000C2.png","width":2635,"height":2635},{"@type":"BreadcrumbList","@id":"https:\/\/nordlube.ee\/product\/mpm-motor-oil-5w-30-premium-synthetic-c2-citroen-peugeot\/#breadcrumb","itemListElement":[{"@type":"ListItem","position":1,"name":"Home","item":"https:\/\/nordlube.ee\/en\/"},{"@type":"ListItem","position":2,"name":"Products","item":"https:\/\/nordlube.ee\/tooted\/"},{"@type":"ListItem","position":3,"name":"MPM Motor Oil 5W-30 Premium Synthetic C2 Citro\u00ebn \/ Peugeot"}]},{"@type":"WebSite","@id":"https:\/\/nordlube.ee\/#website","url":"https:\/\/nordlube.ee\/","name":"Nordlube","description":"NESTE Lubricants ametlik esindaja Eestis","potentialAction":[{"@type":"SearchAction","target":{"@type":"EntryPoint","urlTemplate":"https:\/\/nordlube.ee\/?s={search_term_string}"},"query-input":{"@type":"PropertyValueSpecification","valueRequired":true,"valueName":"search_term_string"}}],"inLanguage":"en-US"}]}},"_links":{"self":[{"href":"https:\/\/nordlube.ee\/en\/wp-json\/wp\/v2\/product\/2654","targetHints":{"allow":["GET"]}}],"collection":[{"href":"https:\/\/nordlube.ee\/en\/wp-json\/wp\/v2\/product"}],"about":[{"href":"https:\/\/nordlube.ee\/en\/wp-json\/wp\/v2\/types\/product"}],"wp:featuredmedia":[{"embeddable":true,"href":"https:\/\/nordlube.ee\/en\/wp-json\/wp\/v2\/media\/1781"}],"wp:attachment":[{"href":"https:\/\/nordlube.ee\/en\/wp-json\/wp\/v2\/media?parent=2654"}],"wp:term":[{"taxonomy":"product_brand","embeddable":true,"href":"https:\/\/nordlube.ee\/en\/wp-json\/wp\/v2\/product_brand?post=2654"},{"taxonomy":"product_cat","embeddable":true,"href":"https:\/\/nordlube.ee\/en\/wp-json\/wp\/v2\/product_cat?post=2654"},{"taxonomy":"product_tag","embeddable":true,"href":"https:\/\/nordlube.ee\/en\/wp-json\/wp\/v2\/product_tag?post=2654"}],"curies":[{"name":"wp","href":"https:\/\/api.w.org\/{rel}","templated":true}]}}