{"id":2652,"date":"2023-11-24T15:54:35","date_gmt":"2023-11-24T12:54:35","guid":{"rendered":"https:\/\/nordlube.ee\/toode\/mpm-dsg-direct-shift-gearbox-special-fluid\/"},"modified":"2023-11-24T15:54:35","modified_gmt":"2023-11-24T12:54:35","slug":"mpm-dsg-direct-shift-gearbox-special-fluid","status":"publish","type":"product","link":"https:\/\/nordlube.ee\/en\/product\/mpm-dsg-direct-shift-gearbox-special-fluid\/","title":{"rendered":"MPM DSG Direct Shift Gearbox Special Fluid"},"content":{"rendered":"<p>Spetsiaalne DSG k\u00e4igukastivedelik m\u00e4rgsidurile.Spetsiaalne DSG k\u00e4igukasti\u00f5li on v\u00e4lja t\u00f6\u00f6tatud kasutamiseks ainult Audi ja Volkswagen mudelite m\u00e4rgsiduriga ja kahe siduriga k\u00e4igukastides. Spetsiaalne MPM DSG vedelik vastab k\u00f5ikidele DSG k\u00f5rgtehnoloogia \u00e4\u00e4rmiselt k\u00f5rgetele n\u00f5uetele.Vastab spetsifikatsioonidele:Ford WSS-M2C936-AVW G 052 182 \/ 052 529VW TL 52 182 \/ 52 529Volvo 1161838<\/p>\n","protected":false},"excerpt":{"rendered":"<p>Spetsiaalne DSG k\u00e4igukastivedelik m\u00e4rgsidurile.Spetsiaalne DSG k\u00e4igukasti\u00f5li on v\u00e4lja t\u00f6\u00f6tatud kasutamiseks ainult Audi ja Volkswagen mudelite m\u00e4rgsiduriga ja kahe siduriga k\u00e4igukastides. Spetsiaalne MPM DSG vedelik vastab k\u00f5ikidele DSG k\u00f5rgtehnoloogia \u00e4\u00e4rmiselt k\u00f5rgetele n\u00f5uetele.Vastab spetsifikatsioonidele:Ford WSS-M2C936-AVW G 052 182 \/ 052 529VW TL 52 182 \/ 52 529Volvo 1161838<\/p>\n","protected":false},"featured_media":1828,"template":"","meta":{"_acf_changed":false},"product_brand":[580],"product_cat":[566,564],"product_tag":[],"class_list":{"0":"post-2652","1":"product","2":"type-product","3":"status-publish","4":"has-post-thumbnail","6":"product_appliance-automotive-en","7":"product_brand-mpm-oil-en","8":"product_cat-automatic-transmission-oils-en","9":"product_cat-gearbox-and-differential-oils-en","10":"pa_maht-1-l-et-en","11":"pa_maht-20-l-et-en","12":"pa_maht-4-l-et-en","13":"pa_maht-60-l-et-en","15":"first","16":"instock","17":"taxable","18":"shipping-taxable","19":"purchasable","20":"product-type-variable"},"acf":[],"yoast_head":"<!-- This site is optimized with the Yoast SEO plugin v27.4 - https:\/\/yoast.com\/product\/yoast-seo-wordpress\/ -->\n<title>MPM DSG Direct Shift Gearbox Special Fluid - Nordlube<\/title>\n<meta name=\"robots\" content=\"index, follow, max-snippet:-1, max-image-preview:large, max-video-preview:-1\" \/>\n<link rel=\"canonical\" href=\"https:\/\/nordlube.ee\/product\/mpm-dsg-direct-shift-gearbox-special-fluid\/\" \/>\n<meta property=\"og:locale\" content=\"en_US\" \/>\n<meta property=\"og:type\" content=\"article\" \/>\n<meta property=\"og:title\" content=\"MPM DSG Direct Shift Gearbox Special Fluid - Nordlube\" \/>\n<meta property=\"og:description\" content=\"Spetsiaalne DSG k\u00e4igukastivedelik m\u00e4rgsidurile.Spetsiaalne DSG k\u00e4igukasti\u00f5li on v\u00e4lja t\u00f6\u00f6tatud kasutamiseks ainult Audi ja Volkswagen mudelite m\u00e4rgsiduriga ja kahe siduriga k\u00e4igukastides. Spetsiaalne MPM DSG vedelik vastab k\u00f5ikidele DSG k\u00f5rgtehnoloogia \u00e4\u00e4rmiselt k\u00f5rgetele n\u00f5uetele.Vastab spetsifikatsioonidele:Ford WSS-M2C936-AVW G 052 182 \/ 052 529VW TL 52 182 \/ 52 529Volvo 1161838\" \/>\n<meta property=\"og:url\" content=\"https:\/\/nordlube.ee\/product\/mpm-dsg-direct-shift-gearbox-special-fluid\/\" \/>\n<meta property=\"og:site_name\" content=\"Nordlube\" \/>\n<meta property=\"og:image\" content=\"https:\/\/nordlube.ee\/wp-content\/uploads\/2023\/11\/16000DSG-1024x1024.png\" \/>\n\t<meta property=\"og:image:width\" content=\"1024\" \/>\n\t<meta property=\"og:image:height\" content=\"1024\" \/>\n\t<meta property=\"og:image:type\" content=\"image\/png\" \/>\n<meta name=\"twitter:card\" content=\"summary_large_image\" \/>\n<script type=\"application\/ld+json\" class=\"yoast-schema-graph\">{\"@context\":\"https:\\\/\\\/schema.org\",\"@graph\":[{\"@type\":\"WebPage\",\"@id\":\"https:\\\/\\\/nordlube.ee\\\/product\\\/mpm-dsg-direct-shift-gearbox-special-fluid\\\/\",\"url\":\"https:\\\/\\\/nordlube.ee\\\/product\\\/mpm-dsg-direct-shift-gearbox-special-fluid\\\/\",\"name\":\"MPM DSG Direct Shift Gearbox Special Fluid - Nordlube\",\"isPartOf\":{\"@id\":\"https:\\\/\\\/nordlube.ee\\\/#website\"},\"primaryImageOfPage\":{\"@id\":\"https:\\\/\\\/nordlube.ee\\\/product\\\/mpm-dsg-direct-shift-gearbox-special-fluid\\\/#primaryimage\"},\"image\":{\"@id\":\"https:\\\/\\\/nordlube.ee\\\/product\\\/mpm-dsg-direct-shift-gearbox-special-fluid\\\/#primaryimage\"},\"thumbnailUrl\":\"https:\\\/\\\/nordlube.ee\\\/wp-content\\\/uploads\\\/2023\\\/11\\\/16000DSG.png\",\"datePublished\":\"2023-11-24T12:54:35+00:00\",\"breadcrumb\":{\"@id\":\"https:\\\/\\\/nordlube.ee\\\/product\\\/mpm-dsg-direct-shift-gearbox-special-fluid\\\/#breadcrumb\"},\"inLanguage\":\"en-US\",\"potentialAction\":[{\"@type\":\"ReadAction\",\"target\":[\"https:\\\/\\\/nordlube.ee\\\/product\\\/mpm-dsg-direct-shift-gearbox-special-fluid\\\/\"]}]},{\"@type\":\"ImageObject\",\"inLanguage\":\"en-US\",\"@id\":\"https:\\\/\\\/nordlube.ee\\\/product\\\/mpm-dsg-direct-shift-gearbox-special-fluid\\\/#primaryimage\",\"url\":\"https:\\\/\\\/nordlube.ee\\\/wp-content\\\/uploads\\\/2023\\\/11\\\/16000DSG.png\",\"contentUrl\":\"https:\\\/\\\/nordlube.ee\\\/wp-content\\\/uploads\\\/2023\\\/11\\\/16000DSG.png\",\"width\":2635,\"height\":2635},{\"@type\":\"BreadcrumbList\",\"@id\":\"https:\\\/\\\/nordlube.ee\\\/product\\\/mpm-dsg-direct-shift-gearbox-special-fluid\\\/#breadcrumb\",\"itemListElement\":[{\"@type\":\"ListItem\",\"position\":1,\"name\":\"Home\",\"item\":\"https:\\\/\\\/nordlube.ee\\\/en\\\/\"},{\"@type\":\"ListItem\",\"position\":2,\"name\":\"Products\",\"item\":\"https:\\\/\\\/nordlube.ee\\\/tooted\\\/\"},{\"@type\":\"ListItem\",\"position\":3,\"name\":\"MPM DSG Direct Shift Gearbox Special Fluid\"}]},{\"@type\":\"WebSite\",\"@id\":\"https:\\\/\\\/nordlube.ee\\\/#website\",\"url\":\"https:\\\/\\\/nordlube.ee\\\/\",\"name\":\"Nordlube\",\"description\":\"NESTE Lubricants ametlik esindaja Eestis\",\"potentialAction\":[{\"@type\":\"SearchAction\",\"target\":{\"@type\":\"EntryPoint\",\"urlTemplate\":\"https:\\\/\\\/nordlube.ee\\\/?s={search_term_string}\"},\"query-input\":{\"@type\":\"PropertyValueSpecification\",\"valueRequired\":true,\"valueName\":\"search_term_string\"}}],\"inLanguage\":\"en-US\"}]}<\/script>\n<!-- \/ Yoast SEO plugin. -->","yoast_head_json":{"title":"MPM DSG Direct Shift Gearbox Special Fluid - Nordlube","robots":{"index":"index","follow":"follow","max-snippet":"max-snippet:-1","max-image-preview":"max-image-preview:large","max-video-preview":"max-video-preview:-1"},"canonical":"https:\/\/nordlube.ee\/product\/mpm-dsg-direct-shift-gearbox-special-fluid\/","og_locale":"en_US","og_type":"article","og_title":"MPM DSG Direct Shift Gearbox Special Fluid - Nordlube","og_description":"Spetsiaalne DSG k\u00e4igukastivedelik m\u00e4rgsidurile.Spetsiaalne DSG k\u00e4igukasti\u00f5li on v\u00e4lja t\u00f6\u00f6tatud kasutamiseks ainult Audi ja Volkswagen mudelite m\u00e4rgsiduriga ja kahe siduriga k\u00e4igukastides. Spetsiaalne MPM DSG vedelik vastab k\u00f5ikidele DSG k\u00f5rgtehnoloogia \u00e4\u00e4rmiselt k\u00f5rgetele n\u00f5uetele.Vastab spetsifikatsioonidele:Ford WSS-M2C936-AVW G 052 182 \/ 052 529VW TL 52 182 \/ 52 529Volvo 1161838","og_url":"https:\/\/nordlube.ee\/product\/mpm-dsg-direct-shift-gearbox-special-fluid\/","og_site_name":"Nordlube","og_image":[{"width":1024,"height":1024,"url":"https:\/\/nordlube.ee\/wp-content\/uploads\/2023\/11\/16000DSG-1024x1024.png","type":"image\/png"}],"twitter_card":"summary_large_image","schema":{"@context":"https:\/\/schema.org","@graph":[{"@type":"WebPage","@id":"https:\/\/nordlube.ee\/product\/mpm-dsg-direct-shift-gearbox-special-fluid\/","url":"https:\/\/nordlube.ee\/product\/mpm-dsg-direct-shift-gearbox-special-fluid\/","name":"MPM DSG Direct Shift Gearbox Special Fluid - Nordlube","isPartOf":{"@id":"https:\/\/nordlube.ee\/#website"},"primaryImageOfPage":{"@id":"https:\/\/nordlube.ee\/product\/mpm-dsg-direct-shift-gearbox-special-fluid\/#primaryimage"},"image":{"@id":"https:\/\/nordlube.ee\/product\/mpm-dsg-direct-shift-gearbox-special-fluid\/#primaryimage"},"thumbnailUrl":"https:\/\/nordlube.ee\/wp-content\/uploads\/2023\/11\/16000DSG.png","datePublished":"2023-11-24T12:54:35+00:00","breadcrumb":{"@id":"https:\/\/nordlube.ee\/product\/mpm-dsg-direct-shift-gearbox-special-fluid\/#breadcrumb"},"inLanguage":"en-US","potentialAction":[{"@type":"ReadAction","target":["https:\/\/nordlube.ee\/product\/mpm-dsg-direct-shift-gearbox-special-fluid\/"]}]},{"@type":"ImageObject","inLanguage":"en-US","@id":"https:\/\/nordlube.ee\/product\/mpm-dsg-direct-shift-gearbox-special-fluid\/#primaryimage","url":"https:\/\/nordlube.ee\/wp-content\/uploads\/2023\/11\/16000DSG.png","contentUrl":"https:\/\/nordlube.ee\/wp-content\/uploads\/2023\/11\/16000DSG.png","width":2635,"height":2635},{"@type":"BreadcrumbList","@id":"https:\/\/nordlube.ee\/product\/mpm-dsg-direct-shift-gearbox-special-fluid\/#breadcrumb","itemListElement":[{"@type":"ListItem","position":1,"name":"Home","item":"https:\/\/nordlube.ee\/en\/"},{"@type":"ListItem","position":2,"name":"Products","item":"https:\/\/nordlube.ee\/tooted\/"},{"@type":"ListItem","position":3,"name":"MPM DSG Direct Shift Gearbox Special Fluid"}]},{"@type":"WebSite","@id":"https:\/\/nordlube.ee\/#website","url":"https:\/\/nordlube.ee\/","name":"Nordlube","description":"NESTE Lubricants ametlik esindaja Eestis","potentialAction":[{"@type":"SearchAction","target":{"@type":"EntryPoint","urlTemplate":"https:\/\/nordlube.ee\/?s={search_term_string}"},"query-input":{"@type":"PropertyValueSpecification","valueRequired":true,"valueName":"search_term_string"}}],"inLanguage":"en-US"}]}},"_links":{"self":[{"href":"https:\/\/nordlube.ee\/en\/wp-json\/wp\/v2\/product\/2652","targetHints":{"allow":["GET"]}}],"collection":[{"href":"https:\/\/nordlube.ee\/en\/wp-json\/wp\/v2\/product"}],"about":[{"href":"https:\/\/nordlube.ee\/en\/wp-json\/wp\/v2\/types\/product"}],"wp:featuredmedia":[{"embeddable":true,"href":"https:\/\/nordlube.ee\/en\/wp-json\/wp\/v2\/media\/1828"}],"wp:attachment":[{"href":"https:\/\/nordlube.ee\/en\/wp-json\/wp\/v2\/media?parent=2652"}],"wp:term":[{"taxonomy":"product_brand","embeddable":true,"href":"https:\/\/nordlube.ee\/en\/wp-json\/wp\/v2\/product_brand?post=2652"},{"taxonomy":"product_cat","embeddable":true,"href":"https:\/\/nordlube.ee\/en\/wp-json\/wp\/v2\/product_cat?post=2652"},{"taxonomy":"product_tag","embeddable":true,"href":"https:\/\/nordlube.ee\/en\/wp-json\/wp\/v2\/product_tag?post=2652"}],"curies":[{"name":"wp","href":"https:\/\/api.w.org\/{rel}","templated":true}]}}