{"id":2650,"date":"2023-11-24T15:54:45","date_gmt":"2023-11-24T12:54:45","guid":{"rendered":"https:\/\/nordlube.ee\/toode\/mpm-gearbox-oil-75w-80-gl-5-semi-synthetic-rpc\/"},"modified":"2023-12-06T14:14:29","modified_gmt":"2023-12-06T11:14:29","slug":"mpm-gearbox-oil-75w-80-gl-5-semi-synthetic-rpc","status":"publish","type":"product","link":"https:\/\/nordlube.ee\/en\/product\/mpm-gearbox-oil-75w-80-gl-5-semi-synthetic-rpc\/","title":{"rendered":"MPM Gearbox Oil 75W-80 GL-5 Semi Synthetic RPC"},"content":{"rendered":"<p>Pools\u00fcnteetiline k\u00e4igukasti\u00f5li\u00a0SAE 75W-80 GL-5, muuhulgas ka Renault, Peugeot ja Citro\u00ebn\u00a0mudelitele.Pools\u00fcnteetiline k\u00e4igukasti\u00f5li SAE 75W-80 on spetsiaalselt v\u00e4lja t\u00f6\u00f6tatud kasutamiseks Renault, Peugeot ja Citro\u00ebn mudelites ning teistes transmissioonis\u00fcsteemides, mille puhul SAE 75W-80 GL-5 spetsifikatsioon on tootja poolt n\u00f5utav.Vastab spetsifikatsioonidele:API GL-5Citro\u00ebnPeugeotRenault<\/p>\n","protected":false},"excerpt":{"rendered":"<p>Pools\u00fcnteetiline k\u00e4igukasti\u00f5li\u00a0SAE 75W-80 GL-5, muuhulgas ka Renault, Peugeot ja Citro\u00ebn\u00a0mudelitele.Pools\u00fcnteetiline k\u00e4igukasti\u00f5li SAE 75W-80 on spetsiaalselt v\u00e4lja t\u00f6\u00f6tatud kasutamiseks Renault, Peugeot ja Citro\u00ebn mudelites ning teistes transmissioonis\u00fcsteemides, mille puhul SAE 75W-80 GL-5 spetsifikatsioon on tootja poolt n\u00f5utav.Vastab spetsifikatsioonidele:API GL-5Citro\u00ebnPeugeotRenault<\/p>\n","protected":false},"featured_media":1890,"template":"","meta":{"_acf_changed":false},"product_brand":[580],"product_cat":[564,567,556,601],"product_tag":[],"class_list":{"0":"post-2650","1":"product","2":"type-product","3":"status-publish","4":"has-post-thumbnail","6":"product_appliance-automotive-en","7":"product_brand-mpm-oil-en","8":"product_cat-gearbox-and-differential-oils-en","9":"product_cat-manual-transmission-oils-en","10":"product_cat-other-et-en","11":"product_cat-semi-synthetic-oils-et-en","12":"pa_maht-1-l-et-en","13":"pa_maht-20-l-et-en","14":"pa_maht-205-l-et-en","15":"pa_maht-4-l-et-en","17":"first","18":"instock","19":"taxable","20":"shipping-taxable","21":"purchasable","22":"product-type-variable"},"acf":[],"yoast_head":"<!-- This site is optimized with the Yoast SEO plugin v27.4 - https:\/\/yoast.com\/product\/yoast-seo-wordpress\/ -->\n<title>MPM Gearbox Oil 75W-80 GL-5 Semi Synthetic RPC - Nordlube<\/title>\n<meta name=\"robots\" content=\"index, follow, max-snippet:-1, max-image-preview:large, max-video-preview:-1\" \/>\n<link rel=\"canonical\" href=\"https:\/\/nordlube.ee\/product\/mpm-gearbox-oil-75w-80-gl-5-semi-synthetic-rpc\/\" \/>\n<meta property=\"og:locale\" content=\"en_US\" \/>\n<meta property=\"og:type\" content=\"article\" \/>\n<meta property=\"og:title\" content=\"MPM Gearbox Oil 75W-80 GL-5 Semi Synthetic RPC - Nordlube\" \/>\n<meta property=\"og:description\" content=\"Pools\u00fcnteetiline k\u00e4igukasti\u00f5li\u00a0SAE 75W-80 GL-5, muuhulgas ka Renault, Peugeot ja Citro\u00ebn\u00a0mudelitele.Pools\u00fcnteetiline k\u00e4igukasti\u00f5li SAE 75W-80 on spetsiaalselt v\u00e4lja t\u00f6\u00f6tatud kasutamiseks Renault, Peugeot ja Citro\u00ebn mudelites ning teistes transmissioonis\u00fcsteemides, mille puhul SAE 75W-80 GL-5 spetsifikatsioon on tootja poolt n\u00f5utav.Vastab spetsifikatsioonidele:API GL-5Citro\u00ebnPeugeotRenault\" \/>\n<meta property=\"og:url\" content=\"https:\/\/nordlube.ee\/product\/mpm-gearbox-oil-75w-80-gl-5-semi-synthetic-rpc\/\" \/>\n<meta property=\"og:site_name\" content=\"Nordlube\" \/>\n<meta property=\"article:modified_time\" content=\"2023-12-06T11:14:29+00:00\" \/>\n<meta property=\"og:image\" content=\"https:\/\/nordlube.ee\/wp-content\/uploads\/2023\/11\/13000-1024x1024.png\" \/>\n\t<meta property=\"og:image:width\" content=\"1024\" \/>\n\t<meta property=\"og:image:height\" content=\"1024\" \/>\n\t<meta property=\"og:image:type\" content=\"image\/png\" \/>\n<meta name=\"twitter:card\" content=\"summary_large_image\" \/>\n<script type=\"application\/ld+json\" class=\"yoast-schema-graph\">{\"@context\":\"https:\\\/\\\/schema.org\",\"@graph\":[{\"@type\":\"WebPage\",\"@id\":\"https:\\\/\\\/nordlube.ee\\\/product\\\/mpm-gearbox-oil-75w-80-gl-5-semi-synthetic-rpc\\\/\",\"url\":\"https:\\\/\\\/nordlube.ee\\\/product\\\/mpm-gearbox-oil-75w-80-gl-5-semi-synthetic-rpc\\\/\",\"name\":\"MPM Gearbox Oil 75W-80 GL-5 Semi Synthetic RPC - Nordlube\",\"isPartOf\":{\"@id\":\"https:\\\/\\\/nordlube.ee\\\/#website\"},\"primaryImageOfPage\":{\"@id\":\"https:\\\/\\\/nordlube.ee\\\/product\\\/mpm-gearbox-oil-75w-80-gl-5-semi-synthetic-rpc\\\/#primaryimage\"},\"image\":{\"@id\":\"https:\\\/\\\/nordlube.ee\\\/product\\\/mpm-gearbox-oil-75w-80-gl-5-semi-synthetic-rpc\\\/#primaryimage\"},\"thumbnailUrl\":\"https:\\\/\\\/nordlube.ee\\\/wp-content\\\/uploads\\\/2023\\\/11\\\/13000.png\",\"datePublished\":\"2023-11-24T12:54:45+00:00\",\"dateModified\":\"2023-12-06T11:14:29+00:00\",\"breadcrumb\":{\"@id\":\"https:\\\/\\\/nordlube.ee\\\/product\\\/mpm-gearbox-oil-75w-80-gl-5-semi-synthetic-rpc\\\/#breadcrumb\"},\"inLanguage\":\"en-US\",\"potentialAction\":[{\"@type\":\"ReadAction\",\"target\":[\"https:\\\/\\\/nordlube.ee\\\/product\\\/mpm-gearbox-oil-75w-80-gl-5-semi-synthetic-rpc\\\/\"]}]},{\"@type\":\"ImageObject\",\"inLanguage\":\"en-US\",\"@id\":\"https:\\\/\\\/nordlube.ee\\\/product\\\/mpm-gearbox-oil-75w-80-gl-5-semi-synthetic-rpc\\\/#primaryimage\",\"url\":\"https:\\\/\\\/nordlube.ee\\\/wp-content\\\/uploads\\\/2023\\\/11\\\/13000.png\",\"contentUrl\":\"https:\\\/\\\/nordlube.ee\\\/wp-content\\\/uploads\\\/2023\\\/11\\\/13000.png\",\"width\":2635,\"height\":2635},{\"@type\":\"BreadcrumbList\",\"@id\":\"https:\\\/\\\/nordlube.ee\\\/product\\\/mpm-gearbox-oil-75w-80-gl-5-semi-synthetic-rpc\\\/#breadcrumb\",\"itemListElement\":[{\"@type\":\"ListItem\",\"position\":1,\"name\":\"Home\",\"item\":\"https:\\\/\\\/nordlube.ee\\\/en\\\/\"},{\"@type\":\"ListItem\",\"position\":2,\"name\":\"Products\",\"item\":\"https:\\\/\\\/nordlube.ee\\\/tooted\\\/\"},{\"@type\":\"ListItem\",\"position\":3,\"name\":\"MPM Gearbox Oil 75W-80 GL-5 Semi Synthetic RPC\"}]},{\"@type\":\"WebSite\",\"@id\":\"https:\\\/\\\/nordlube.ee\\\/#website\",\"url\":\"https:\\\/\\\/nordlube.ee\\\/\",\"name\":\"Nordlube\",\"description\":\"NESTE Lubricants ametlik esindaja Eestis\",\"potentialAction\":[{\"@type\":\"SearchAction\",\"target\":{\"@type\":\"EntryPoint\",\"urlTemplate\":\"https:\\\/\\\/nordlube.ee\\\/?s={search_term_string}\"},\"query-input\":{\"@type\":\"PropertyValueSpecification\",\"valueRequired\":true,\"valueName\":\"search_term_string\"}}],\"inLanguage\":\"en-US\"}]}<\/script>\n<!-- \/ Yoast SEO plugin. -->","yoast_head_json":{"title":"MPM Gearbox Oil 75W-80 GL-5 Semi Synthetic RPC - Nordlube","robots":{"index":"index","follow":"follow","max-snippet":"max-snippet:-1","max-image-preview":"max-image-preview:large","max-video-preview":"max-video-preview:-1"},"canonical":"https:\/\/nordlube.ee\/product\/mpm-gearbox-oil-75w-80-gl-5-semi-synthetic-rpc\/","og_locale":"en_US","og_type":"article","og_title":"MPM Gearbox Oil 75W-80 GL-5 Semi Synthetic RPC - Nordlube","og_description":"Pools\u00fcnteetiline k\u00e4igukasti\u00f5li\u00a0SAE 75W-80 GL-5, muuhulgas ka Renault, Peugeot ja Citro\u00ebn\u00a0mudelitele.Pools\u00fcnteetiline k\u00e4igukasti\u00f5li SAE 75W-80 on spetsiaalselt v\u00e4lja t\u00f6\u00f6tatud kasutamiseks Renault, Peugeot ja Citro\u00ebn mudelites ning teistes transmissioonis\u00fcsteemides, mille puhul SAE 75W-80 GL-5 spetsifikatsioon on tootja poolt n\u00f5utav.Vastab spetsifikatsioonidele:API GL-5Citro\u00ebnPeugeotRenault","og_url":"https:\/\/nordlube.ee\/product\/mpm-gearbox-oil-75w-80-gl-5-semi-synthetic-rpc\/","og_site_name":"Nordlube","article_modified_time":"2023-12-06T11:14:29+00:00","og_image":[{"width":1024,"height":1024,"url":"https:\/\/nordlube.ee\/wp-content\/uploads\/2023\/11\/13000-1024x1024.png","type":"image\/png"}],"twitter_card":"summary_large_image","schema":{"@context":"https:\/\/schema.org","@graph":[{"@type":"WebPage","@id":"https:\/\/nordlube.ee\/product\/mpm-gearbox-oil-75w-80-gl-5-semi-synthetic-rpc\/","url":"https:\/\/nordlube.ee\/product\/mpm-gearbox-oil-75w-80-gl-5-semi-synthetic-rpc\/","name":"MPM Gearbox Oil 75W-80 GL-5 Semi Synthetic RPC - Nordlube","isPartOf":{"@id":"https:\/\/nordlube.ee\/#website"},"primaryImageOfPage":{"@id":"https:\/\/nordlube.ee\/product\/mpm-gearbox-oil-75w-80-gl-5-semi-synthetic-rpc\/#primaryimage"},"image":{"@id":"https:\/\/nordlube.ee\/product\/mpm-gearbox-oil-75w-80-gl-5-semi-synthetic-rpc\/#primaryimage"},"thumbnailUrl":"https:\/\/nordlube.ee\/wp-content\/uploads\/2023\/11\/13000.png","datePublished":"2023-11-24T12:54:45+00:00","dateModified":"2023-12-06T11:14:29+00:00","breadcrumb":{"@id":"https:\/\/nordlube.ee\/product\/mpm-gearbox-oil-75w-80-gl-5-semi-synthetic-rpc\/#breadcrumb"},"inLanguage":"en-US","potentialAction":[{"@type":"ReadAction","target":["https:\/\/nordlube.ee\/product\/mpm-gearbox-oil-75w-80-gl-5-semi-synthetic-rpc\/"]}]},{"@type":"ImageObject","inLanguage":"en-US","@id":"https:\/\/nordlube.ee\/product\/mpm-gearbox-oil-75w-80-gl-5-semi-synthetic-rpc\/#primaryimage","url":"https:\/\/nordlube.ee\/wp-content\/uploads\/2023\/11\/13000.png","contentUrl":"https:\/\/nordlube.ee\/wp-content\/uploads\/2023\/11\/13000.png","width":2635,"height":2635},{"@type":"BreadcrumbList","@id":"https:\/\/nordlube.ee\/product\/mpm-gearbox-oil-75w-80-gl-5-semi-synthetic-rpc\/#breadcrumb","itemListElement":[{"@type":"ListItem","position":1,"name":"Home","item":"https:\/\/nordlube.ee\/en\/"},{"@type":"ListItem","position":2,"name":"Products","item":"https:\/\/nordlube.ee\/tooted\/"},{"@type":"ListItem","position":3,"name":"MPM Gearbox Oil 75W-80 GL-5 Semi Synthetic RPC"}]},{"@type":"WebSite","@id":"https:\/\/nordlube.ee\/#website","url":"https:\/\/nordlube.ee\/","name":"Nordlube","description":"NESTE Lubricants ametlik esindaja Eestis","potentialAction":[{"@type":"SearchAction","target":{"@type":"EntryPoint","urlTemplate":"https:\/\/nordlube.ee\/?s={search_term_string}"},"query-input":{"@type":"PropertyValueSpecification","valueRequired":true,"valueName":"search_term_string"}}],"inLanguage":"en-US"}]}},"_links":{"self":[{"href":"https:\/\/nordlube.ee\/en\/wp-json\/wp\/v2\/product\/2650","targetHints":{"allow":["GET"]}}],"collection":[{"href":"https:\/\/nordlube.ee\/en\/wp-json\/wp\/v2\/product"}],"about":[{"href":"https:\/\/nordlube.ee\/en\/wp-json\/wp\/v2\/types\/product"}],"wp:featuredmedia":[{"embeddable":true,"href":"https:\/\/nordlube.ee\/en\/wp-json\/wp\/v2\/media\/1890"}],"wp:attachment":[{"href":"https:\/\/nordlube.ee\/en\/wp-json\/wp\/v2\/media?parent=2650"}],"wp:term":[{"taxonomy":"product_brand","embeddable":true,"href":"https:\/\/nordlube.ee\/en\/wp-json\/wp\/v2\/product_brand?post=2650"},{"taxonomy":"product_cat","embeddable":true,"href":"https:\/\/nordlube.ee\/en\/wp-json\/wp\/v2\/product_cat?post=2650"},{"taxonomy":"product_tag","embeddable":true,"href":"https:\/\/nordlube.ee\/en\/wp-json\/wp\/v2\/product_tag?post=2650"}],"curies":[{"name":"wp","href":"https:\/\/api.w.org\/{rel}","templated":true}]}}