{"id":2643,"date":"2023-11-24T15:55:11","date_gmt":"2023-11-24T12:55:11","guid":{"rendered":"https:\/\/nordlube.ee\/toode\/mpm-hand-cleaner-classic-red\/"},"modified":"2023-12-06T14:14:28","modified_gmt":"2023-12-06T11:14:28","slug":"mpm-hand-cleaner-classic-red","status":"publish","type":"product","link":"https:\/\/nordlube.ee\/en\/product\/mpm-hand-cleaner-classic-red\/","title":{"rendered":"MPM Hand Cleaner Classic Red"},"content":{"rendered":"<p>K\u00e4tepuhastusvahendClassic Red.Tugevatoimeline pasta, mis eemaldab k\u00e4telt t\u00f6\u00f6stusliku mustuse. Sobib h\u00e4sti (mineraal\u00f5lip\u00f5hise) m\u00e4\u00e4rdeaine ja rasva eemaldamiseks. Sisaldab meeldiva aroomiga l\u00f5hnaainet. MPM k\u00e4tepuhastusvahend Classic Red puhastab ja hooldab k\u00e4si, see on dermetoloogiliselt testitud, neutraalse pH tasemega ning biolagunev.<\/p>\n","protected":false},"excerpt":{"rendered":"<p>K\u00e4tepuhastusvahendClassic Red.Tugevatoimeline pasta, mis eemaldab k\u00e4telt t\u00f6\u00f6stusliku mustuse. Sobib h\u00e4sti (mineraal\u00f5lip\u00f5hise) m\u00e4\u00e4rdeaine ja rasva eemaldamiseks. Sisaldab meeldiva aroomiga l\u00f5hnaainet. MPM k\u00e4tepuhastusvahend Classic Red puhastab ja hooldab k\u00e4si, see on dermetoloogiliselt testitud, neutraalse pH tasemega ning biolagunev.<\/p>\n","protected":false},"featured_media":2068,"template":"","meta":{"_acf_changed":false},"product_brand":[580],"product_cat":[568,556],"product_tag":[],"class_list":{"0":"post-2643","1":"product","2":"type-product","3":"status-publish","4":"has-post-thumbnail","6":"product_brand-mpm-oil-en","7":"product_cat-hand-cleaning-en","8":"product_cat-other-et-en","9":"pa_maht-10-l-et-en","10":"pa_maht-45-l-et-en","11":"pa_maht-600-ml-et-en","13":"first","14":"instock","15":"taxable","16":"shipping-taxable","17":"purchasable","18":"product-type-simple"},"acf":[],"yoast_head":"<!-- This site is optimized with the Yoast SEO plugin v27.4 - https:\/\/yoast.com\/product\/yoast-seo-wordpress\/ -->\n<title>MPM Hand Cleaner Classic Red - Nordlube<\/title>\n<meta name=\"robots\" content=\"index, follow, max-snippet:-1, max-image-preview:large, max-video-preview:-1\" \/>\n<link rel=\"canonical\" href=\"https:\/\/nordlube.ee\/product\/mpm-hand-cleaner-classic-red\/\" \/>\n<meta property=\"og:locale\" content=\"en_US\" \/>\n<meta property=\"og:type\" content=\"article\" \/>\n<meta property=\"og:title\" content=\"MPM Hand Cleaner Classic Red - Nordlube\" \/>\n<meta property=\"og:description\" content=\"K\u00e4tepuhastusvahendClassic Red.Tugevatoimeline pasta, mis eemaldab k\u00e4telt t\u00f6\u00f6stusliku mustuse. Sobib h\u00e4sti (mineraal\u00f5lip\u00f5hise) m\u00e4\u00e4rdeaine ja rasva eemaldamiseks. Sisaldab meeldiva aroomiga l\u00f5hnaainet. MPM k\u00e4tepuhastusvahend Classic Red puhastab ja hooldab k\u00e4si, see on dermetoloogiliselt testitud, neutraalse pH tasemega ning biolagunev.\" \/>\n<meta property=\"og:url\" content=\"https:\/\/nordlube.ee\/product\/mpm-hand-cleaner-classic-red\/\" \/>\n<meta property=\"og:site_name\" content=\"Nordlube\" \/>\n<meta property=\"article:modified_time\" content=\"2023-12-06T11:14:28+00:00\" \/>\n<meta property=\"og:image\" content=\"https:\/\/nordlube.ee\/wp-content\/uploads\/2023\/11\/10100.png\" \/>\n\t<meta property=\"og:image:width\" content=\"720\" \/>\n\t<meta property=\"og:image:height\" content=\"720\" \/>\n\t<meta property=\"og:image:type\" content=\"image\/png\" \/>\n<meta name=\"twitter:card\" content=\"summary_large_image\" \/>\n<script type=\"application\/ld+json\" class=\"yoast-schema-graph\">{\"@context\":\"https:\\\/\\\/schema.org\",\"@graph\":[{\"@type\":\"WebPage\",\"@id\":\"https:\\\/\\\/nordlube.ee\\\/product\\\/mpm-hand-cleaner-classic-red\\\/\",\"url\":\"https:\\\/\\\/nordlube.ee\\\/product\\\/mpm-hand-cleaner-classic-red\\\/\",\"name\":\"MPM Hand Cleaner Classic Red - Nordlube\",\"isPartOf\":{\"@id\":\"https:\\\/\\\/nordlube.ee\\\/#website\"},\"primaryImageOfPage\":{\"@id\":\"https:\\\/\\\/nordlube.ee\\\/product\\\/mpm-hand-cleaner-classic-red\\\/#primaryimage\"},\"image\":{\"@id\":\"https:\\\/\\\/nordlube.ee\\\/product\\\/mpm-hand-cleaner-classic-red\\\/#primaryimage\"},\"thumbnailUrl\":\"https:\\\/\\\/nordlube.ee\\\/wp-content\\\/uploads\\\/2023\\\/11\\\/10100.png\",\"datePublished\":\"2023-11-24T12:55:11+00:00\",\"dateModified\":\"2023-12-06T11:14:28+00:00\",\"breadcrumb\":{\"@id\":\"https:\\\/\\\/nordlube.ee\\\/product\\\/mpm-hand-cleaner-classic-red\\\/#breadcrumb\"},\"inLanguage\":\"en-US\",\"potentialAction\":[{\"@type\":\"ReadAction\",\"target\":[\"https:\\\/\\\/nordlube.ee\\\/product\\\/mpm-hand-cleaner-classic-red\\\/\"]}]},{\"@type\":\"ImageObject\",\"inLanguage\":\"en-US\",\"@id\":\"https:\\\/\\\/nordlube.ee\\\/product\\\/mpm-hand-cleaner-classic-red\\\/#primaryimage\",\"url\":\"https:\\\/\\\/nordlube.ee\\\/wp-content\\\/uploads\\\/2023\\\/11\\\/10100.png\",\"contentUrl\":\"https:\\\/\\\/nordlube.ee\\\/wp-content\\\/uploads\\\/2023\\\/11\\\/10100.png\",\"width\":720,\"height\":720},{\"@type\":\"BreadcrumbList\",\"@id\":\"https:\\\/\\\/nordlube.ee\\\/product\\\/mpm-hand-cleaner-classic-red\\\/#breadcrumb\",\"itemListElement\":[{\"@type\":\"ListItem\",\"position\":1,\"name\":\"Home\",\"item\":\"https:\\\/\\\/nordlube.ee\\\/en\\\/\"},{\"@type\":\"ListItem\",\"position\":2,\"name\":\"Products\",\"item\":\"https:\\\/\\\/nordlube.ee\\\/tooted\\\/\"},{\"@type\":\"ListItem\",\"position\":3,\"name\":\"MPM Hand Cleaner Classic Red\"}]},{\"@type\":\"WebSite\",\"@id\":\"https:\\\/\\\/nordlube.ee\\\/#website\",\"url\":\"https:\\\/\\\/nordlube.ee\\\/\",\"name\":\"Nordlube\",\"description\":\"NESTE Lubricants ametlik esindaja Eestis\",\"potentialAction\":[{\"@type\":\"SearchAction\",\"target\":{\"@type\":\"EntryPoint\",\"urlTemplate\":\"https:\\\/\\\/nordlube.ee\\\/?s={search_term_string}\"},\"query-input\":{\"@type\":\"PropertyValueSpecification\",\"valueRequired\":true,\"valueName\":\"search_term_string\"}}],\"inLanguage\":\"en-US\"}]}<\/script>\n<!-- \/ Yoast SEO plugin. -->","yoast_head_json":{"title":"MPM Hand Cleaner Classic Red - Nordlube","robots":{"index":"index","follow":"follow","max-snippet":"max-snippet:-1","max-image-preview":"max-image-preview:large","max-video-preview":"max-video-preview:-1"},"canonical":"https:\/\/nordlube.ee\/product\/mpm-hand-cleaner-classic-red\/","og_locale":"en_US","og_type":"article","og_title":"MPM Hand Cleaner Classic Red - Nordlube","og_description":"K\u00e4tepuhastusvahendClassic Red.Tugevatoimeline pasta, mis eemaldab k\u00e4telt t\u00f6\u00f6stusliku mustuse. Sobib h\u00e4sti (mineraal\u00f5lip\u00f5hise) m\u00e4\u00e4rdeaine ja rasva eemaldamiseks. Sisaldab meeldiva aroomiga l\u00f5hnaainet. MPM k\u00e4tepuhastusvahend Classic Red puhastab ja hooldab k\u00e4si, see on dermetoloogiliselt testitud, neutraalse pH tasemega ning biolagunev.","og_url":"https:\/\/nordlube.ee\/product\/mpm-hand-cleaner-classic-red\/","og_site_name":"Nordlube","article_modified_time":"2023-12-06T11:14:28+00:00","og_image":[{"width":720,"height":720,"url":"https:\/\/nordlube.ee\/wp-content\/uploads\/2023\/11\/10100.png","type":"image\/png"}],"twitter_card":"summary_large_image","schema":{"@context":"https:\/\/schema.org","@graph":[{"@type":"WebPage","@id":"https:\/\/nordlube.ee\/product\/mpm-hand-cleaner-classic-red\/","url":"https:\/\/nordlube.ee\/product\/mpm-hand-cleaner-classic-red\/","name":"MPM Hand Cleaner Classic Red - Nordlube","isPartOf":{"@id":"https:\/\/nordlube.ee\/#website"},"primaryImageOfPage":{"@id":"https:\/\/nordlube.ee\/product\/mpm-hand-cleaner-classic-red\/#primaryimage"},"image":{"@id":"https:\/\/nordlube.ee\/product\/mpm-hand-cleaner-classic-red\/#primaryimage"},"thumbnailUrl":"https:\/\/nordlube.ee\/wp-content\/uploads\/2023\/11\/10100.png","datePublished":"2023-11-24T12:55:11+00:00","dateModified":"2023-12-06T11:14:28+00:00","breadcrumb":{"@id":"https:\/\/nordlube.ee\/product\/mpm-hand-cleaner-classic-red\/#breadcrumb"},"inLanguage":"en-US","potentialAction":[{"@type":"ReadAction","target":["https:\/\/nordlube.ee\/product\/mpm-hand-cleaner-classic-red\/"]}]},{"@type":"ImageObject","inLanguage":"en-US","@id":"https:\/\/nordlube.ee\/product\/mpm-hand-cleaner-classic-red\/#primaryimage","url":"https:\/\/nordlube.ee\/wp-content\/uploads\/2023\/11\/10100.png","contentUrl":"https:\/\/nordlube.ee\/wp-content\/uploads\/2023\/11\/10100.png","width":720,"height":720},{"@type":"BreadcrumbList","@id":"https:\/\/nordlube.ee\/product\/mpm-hand-cleaner-classic-red\/#breadcrumb","itemListElement":[{"@type":"ListItem","position":1,"name":"Home","item":"https:\/\/nordlube.ee\/en\/"},{"@type":"ListItem","position":2,"name":"Products","item":"https:\/\/nordlube.ee\/tooted\/"},{"@type":"ListItem","position":3,"name":"MPM Hand Cleaner Classic Red"}]},{"@type":"WebSite","@id":"https:\/\/nordlube.ee\/#website","url":"https:\/\/nordlube.ee\/","name":"Nordlube","description":"NESTE Lubricants ametlik esindaja Eestis","potentialAction":[{"@type":"SearchAction","target":{"@type":"EntryPoint","urlTemplate":"https:\/\/nordlube.ee\/?s={search_term_string}"},"query-input":{"@type":"PropertyValueSpecification","valueRequired":true,"valueName":"search_term_string"}}],"inLanguage":"en-US"}]}},"_links":{"self":[{"href":"https:\/\/nordlube.ee\/en\/wp-json\/wp\/v2\/product\/2643","targetHints":{"allow":["GET"]}}],"collection":[{"href":"https:\/\/nordlube.ee\/en\/wp-json\/wp\/v2\/product"}],"about":[{"href":"https:\/\/nordlube.ee\/en\/wp-json\/wp\/v2\/types\/product"}],"wp:featuredmedia":[{"embeddable":true,"href":"https:\/\/nordlube.ee\/en\/wp-json\/wp\/v2\/media\/2068"}],"wp:attachment":[{"href":"https:\/\/nordlube.ee\/en\/wp-json\/wp\/v2\/media?parent=2643"}],"wp:term":[{"taxonomy":"product_brand","embeddable":true,"href":"https:\/\/nordlube.ee\/en\/wp-json\/wp\/v2\/product_brand?post=2643"},{"taxonomy":"product_cat","embeddable":true,"href":"https:\/\/nordlube.ee\/en\/wp-json\/wp\/v2\/product_cat?post=2643"},{"taxonomy":"product_tag","embeddable":true,"href":"https:\/\/nordlube.ee\/en\/wp-json\/wp\/v2\/product_tag?post=2643"}],"curies":[{"name":"wp","href":"https:\/\/api.w.org\/{rel}","templated":true}]}}