{"id":2630,"date":"2023-11-24T15:54:32","date_gmt":"2023-11-24T12:54:32","guid":{"rendered":"https:\/\/nordlube.ee\/toode\/mpm-gearbox-oil-75w-140-gl-5-premium-synthetic-limited-slip-special\/"},"modified":"2023-11-24T15:54:32","modified_gmt":"2023-11-24T12:54:32","slug":"mpm-gearbox-oil-75w-140-gl-5-premium-synthetic-limited-slip-special","status":"publish","type":"product","link":"https:\/\/nordlube.ee\/en\/product\/mpm-gearbox-oil-75w-140-gl-5-premium-synthetic-limited-slip-special\/","title":{"rendered":"MPM Gearbox Oil 75W-140 GL-5 Premium Synthetic Limited Slip Special"},"content":{"rendered":"<p>Preemiumklassi s\u00fcnteetilinek\u00e4igukasti\u00f5liSAE 75W-140 GL-5 kasutamiseks piiratud libisemiga h\u00fcpoid\u00fclekandes\u00fcsteemides.Preemiumklassi s\u00fcnteetiline piiratud libisemisega k\u00e4igukasti\u00f5li SAE 75W-140 on spetsiaalselt v\u00e4lja t\u00f6\u00f6tatud kasutamiseks nendes v\u00e4ga suurel koormusel t\u00f6\u00f6tavates l\u00f5pp-ajamites ja tagatelgedes, mille puhul SAE 75W-140 GL-5 piiratud libisemisega \u00f5li kasutamine on tootja poolt n\u00f5utav, muuhulgas ka BMW M3, M5 ja Nissan GTR mudelites.Vastab spetsifikatsioonidele:API GL-5 Limited SlipBMW LS Rear AxleMB-Approval 235.61Nissan GTR Front Axle \/ Rear AxleZF TE-ML 05D \/ 12D \/ 16G \/ 18 \/ 21D<\/p>\n","protected":false},"excerpt":{"rendered":"<p>Preemiumklassi s\u00fcnteetilinek\u00e4igukasti\u00f5liSAE 75W-140 GL-5 kasutamiseks piiratud libisemiga h\u00fcpoid\u00fclekandes\u00fcsteemides.Preemiumklassi s\u00fcnteetiline piiratud libisemisega k\u00e4igukasti\u00f5li SAE 75W-140 on spetsiaalselt v\u00e4lja t\u00f6\u00f6tatud kasutamiseks nendes v\u00e4ga suurel koormusel t\u00f6\u00f6tavates l\u00f5pp-ajamites ja tagatelgedes, mille puhul SAE 75W-140 GL-5 piiratud libisemisega \u00f5li kasutamine on tootja poolt n\u00f5utav, muuhulgas ka BMW M3, M5 ja Nissan GTR mudelites.Vastab spetsifikatsioonidele:API GL-5 Limited SlipBMW LS Rear AxleMB-Approval 235.61Nissan GTR Front Axle \/ Rear AxleZF TE-ML 05D \/ 12D \/ 16G \/ 18 \/ 21D<\/p>\n","protected":false},"featured_media":1792,"template":"","meta":{"_acf_changed":false},"product_brand":[580],"product_cat":[564,567],"product_tag":[],"class_list":{"0":"post-2630","1":"product","2":"type-product","3":"status-publish","4":"has-post-thumbnail","6":"product_appliance-automotive-en","7":"product_appliance-trucks-and-buses-en","8":"product_brand-mpm-oil-en","9":"product_cat-gearbox-and-differential-oils-en","10":"product_cat-manual-transmission-oils-en","11":"pa_maht-1-l-et-en","12":"pa_maht-20-l-et-en","14":"first","15":"instock","16":"taxable","17":"shipping-taxable","18":"purchasable","19":"product-type-variable"},"acf":[],"yoast_head":"<!-- This site is optimized with the Yoast SEO plugin v27.4 - https:\/\/yoast.com\/product\/yoast-seo-wordpress\/ -->\n<title>MPM Gearbox Oil 75W-140 GL-5 Premium Synthetic Limited Slip Special - Nordlube<\/title>\n<meta name=\"robots\" content=\"index, follow, max-snippet:-1, max-image-preview:large, max-video-preview:-1\" \/>\n<link rel=\"canonical\" href=\"https:\/\/nordlube.ee\/product\/mpm-gearbox-oil-75w-140-gl-5-premium-synthetic-limited-slip-special\/\" \/>\n<meta property=\"og:locale\" content=\"en_US\" \/>\n<meta property=\"og:type\" content=\"article\" \/>\n<meta property=\"og:title\" content=\"MPM Gearbox Oil 75W-140 GL-5 Premium Synthetic Limited Slip Special - Nordlube\" \/>\n<meta property=\"og:description\" content=\"Preemiumklassi s\u00fcnteetilinek\u00e4igukasti\u00f5liSAE 75W-140 GL-5 kasutamiseks piiratud libisemiga h\u00fcpoid\u00fclekandes\u00fcsteemides.Preemiumklassi s\u00fcnteetiline piiratud libisemisega k\u00e4igukasti\u00f5li SAE 75W-140 on spetsiaalselt v\u00e4lja t\u00f6\u00f6tatud kasutamiseks nendes v\u00e4ga suurel koormusel t\u00f6\u00f6tavates l\u00f5pp-ajamites ja tagatelgedes, mille puhul SAE 75W-140 GL-5 piiratud libisemisega \u00f5li kasutamine on tootja poolt n\u00f5utav, muuhulgas ka BMW M3, M5 ja Nissan GTR mudelites.Vastab spetsifikatsioonidele:API GL-5 Limited SlipBMW LS Rear AxleMB-Approval 235.61Nissan GTR Front Axle \/ Rear AxleZF TE-ML 05D \/ 12D \/ 16G \/ 18 \/ 21D\" \/>\n<meta property=\"og:url\" content=\"https:\/\/nordlube.ee\/product\/mpm-gearbox-oil-75w-140-gl-5-premium-synthetic-limited-slip-special\/\" \/>\n<meta property=\"og:site_name\" content=\"Nordlube\" \/>\n<meta property=\"og:image\" content=\"https:\/\/nordlube.ee\/wp-content\/uploads\/2023\/11\/18000SLS_18001SLS-1-1024x1024.png\" \/>\n\t<meta property=\"og:image:width\" content=\"1024\" \/>\n\t<meta property=\"og:image:height\" content=\"1024\" \/>\n\t<meta property=\"og:image:type\" content=\"image\/png\" \/>\n<meta name=\"twitter:card\" content=\"summary_large_image\" \/>\n<script type=\"application\/ld+json\" class=\"yoast-schema-graph\">{\"@context\":\"https:\\\/\\\/schema.org\",\"@graph\":[{\"@type\":\"WebPage\",\"@id\":\"https:\\\/\\\/nordlube.ee\\\/product\\\/mpm-gearbox-oil-75w-140-gl-5-premium-synthetic-limited-slip-special\\\/\",\"url\":\"https:\\\/\\\/nordlube.ee\\\/product\\\/mpm-gearbox-oil-75w-140-gl-5-premium-synthetic-limited-slip-special\\\/\",\"name\":\"MPM Gearbox Oil 75W-140 GL-5 Premium Synthetic Limited Slip Special - Nordlube\",\"isPartOf\":{\"@id\":\"https:\\\/\\\/nordlube.ee\\\/#website\"},\"primaryImageOfPage\":{\"@id\":\"https:\\\/\\\/nordlube.ee\\\/product\\\/mpm-gearbox-oil-75w-140-gl-5-premium-synthetic-limited-slip-special\\\/#primaryimage\"},\"image\":{\"@id\":\"https:\\\/\\\/nordlube.ee\\\/product\\\/mpm-gearbox-oil-75w-140-gl-5-premium-synthetic-limited-slip-special\\\/#primaryimage\"},\"thumbnailUrl\":\"https:\\\/\\\/nordlube.ee\\\/wp-content\\\/uploads\\\/2023\\\/11\\\/18000SLS_18001SLS-1.png\",\"datePublished\":\"2023-11-24T12:54:32+00:00\",\"breadcrumb\":{\"@id\":\"https:\\\/\\\/nordlube.ee\\\/product\\\/mpm-gearbox-oil-75w-140-gl-5-premium-synthetic-limited-slip-special\\\/#breadcrumb\"},\"inLanguage\":\"en-US\",\"potentialAction\":[{\"@type\":\"ReadAction\",\"target\":[\"https:\\\/\\\/nordlube.ee\\\/product\\\/mpm-gearbox-oil-75w-140-gl-5-premium-synthetic-limited-slip-special\\\/\"]}]},{\"@type\":\"ImageObject\",\"inLanguage\":\"en-US\",\"@id\":\"https:\\\/\\\/nordlube.ee\\\/product\\\/mpm-gearbox-oil-75w-140-gl-5-premium-synthetic-limited-slip-special\\\/#primaryimage\",\"url\":\"https:\\\/\\\/nordlube.ee\\\/wp-content\\\/uploads\\\/2023\\\/11\\\/18000SLS_18001SLS-1.png\",\"contentUrl\":\"https:\\\/\\\/nordlube.ee\\\/wp-content\\\/uploads\\\/2023\\\/11\\\/18000SLS_18001SLS-1.png\",\"width\":2512,\"height\":2512},{\"@type\":\"BreadcrumbList\",\"@id\":\"https:\\\/\\\/nordlube.ee\\\/product\\\/mpm-gearbox-oil-75w-140-gl-5-premium-synthetic-limited-slip-special\\\/#breadcrumb\",\"itemListElement\":[{\"@type\":\"ListItem\",\"position\":1,\"name\":\"Home\",\"item\":\"https:\\\/\\\/nordlube.ee\\\/en\\\/\"},{\"@type\":\"ListItem\",\"position\":2,\"name\":\"Products\",\"item\":\"https:\\\/\\\/nordlube.ee\\\/tooted\\\/\"},{\"@type\":\"ListItem\",\"position\":3,\"name\":\"MPM Gearbox Oil 75W-140 GL-5 Premium Synthetic Limited Slip Special\"}]},{\"@type\":\"WebSite\",\"@id\":\"https:\\\/\\\/nordlube.ee\\\/#website\",\"url\":\"https:\\\/\\\/nordlube.ee\\\/\",\"name\":\"Nordlube\",\"description\":\"NESTE Lubricants ametlik esindaja Eestis\",\"potentialAction\":[{\"@type\":\"SearchAction\",\"target\":{\"@type\":\"EntryPoint\",\"urlTemplate\":\"https:\\\/\\\/nordlube.ee\\\/?s={search_term_string}\"},\"query-input\":{\"@type\":\"PropertyValueSpecification\",\"valueRequired\":true,\"valueName\":\"search_term_string\"}}],\"inLanguage\":\"en-US\"}]}<\/script>\n<!-- \/ Yoast SEO plugin. -->","yoast_head_json":{"title":"MPM Gearbox Oil 75W-140 GL-5 Premium Synthetic Limited Slip Special - Nordlube","robots":{"index":"index","follow":"follow","max-snippet":"max-snippet:-1","max-image-preview":"max-image-preview:large","max-video-preview":"max-video-preview:-1"},"canonical":"https:\/\/nordlube.ee\/product\/mpm-gearbox-oil-75w-140-gl-5-premium-synthetic-limited-slip-special\/","og_locale":"en_US","og_type":"article","og_title":"MPM Gearbox Oil 75W-140 GL-5 Premium Synthetic Limited Slip Special - Nordlube","og_description":"Preemiumklassi s\u00fcnteetilinek\u00e4igukasti\u00f5liSAE 75W-140 GL-5 kasutamiseks piiratud libisemiga h\u00fcpoid\u00fclekandes\u00fcsteemides.Preemiumklassi s\u00fcnteetiline piiratud libisemisega k\u00e4igukasti\u00f5li SAE 75W-140 on spetsiaalselt v\u00e4lja t\u00f6\u00f6tatud kasutamiseks nendes v\u00e4ga suurel koormusel t\u00f6\u00f6tavates l\u00f5pp-ajamites ja tagatelgedes, mille puhul SAE 75W-140 GL-5 piiratud libisemisega \u00f5li kasutamine on tootja poolt n\u00f5utav, muuhulgas ka BMW M3, M5 ja Nissan GTR mudelites.Vastab spetsifikatsioonidele:API GL-5 Limited SlipBMW LS Rear AxleMB-Approval 235.61Nissan GTR Front Axle \/ Rear AxleZF TE-ML 05D \/ 12D \/ 16G \/ 18 \/ 21D","og_url":"https:\/\/nordlube.ee\/product\/mpm-gearbox-oil-75w-140-gl-5-premium-synthetic-limited-slip-special\/","og_site_name":"Nordlube","og_image":[{"width":1024,"height":1024,"url":"https:\/\/nordlube.ee\/wp-content\/uploads\/2023\/11\/18000SLS_18001SLS-1-1024x1024.png","type":"image\/png"}],"twitter_card":"summary_large_image","schema":{"@context":"https:\/\/schema.org","@graph":[{"@type":"WebPage","@id":"https:\/\/nordlube.ee\/product\/mpm-gearbox-oil-75w-140-gl-5-premium-synthetic-limited-slip-special\/","url":"https:\/\/nordlube.ee\/product\/mpm-gearbox-oil-75w-140-gl-5-premium-synthetic-limited-slip-special\/","name":"MPM Gearbox Oil 75W-140 GL-5 Premium Synthetic Limited Slip Special - Nordlube","isPartOf":{"@id":"https:\/\/nordlube.ee\/#website"},"primaryImageOfPage":{"@id":"https:\/\/nordlube.ee\/product\/mpm-gearbox-oil-75w-140-gl-5-premium-synthetic-limited-slip-special\/#primaryimage"},"image":{"@id":"https:\/\/nordlube.ee\/product\/mpm-gearbox-oil-75w-140-gl-5-premium-synthetic-limited-slip-special\/#primaryimage"},"thumbnailUrl":"https:\/\/nordlube.ee\/wp-content\/uploads\/2023\/11\/18000SLS_18001SLS-1.png","datePublished":"2023-11-24T12:54:32+00:00","breadcrumb":{"@id":"https:\/\/nordlube.ee\/product\/mpm-gearbox-oil-75w-140-gl-5-premium-synthetic-limited-slip-special\/#breadcrumb"},"inLanguage":"en-US","potentialAction":[{"@type":"ReadAction","target":["https:\/\/nordlube.ee\/product\/mpm-gearbox-oil-75w-140-gl-5-premium-synthetic-limited-slip-special\/"]}]},{"@type":"ImageObject","inLanguage":"en-US","@id":"https:\/\/nordlube.ee\/product\/mpm-gearbox-oil-75w-140-gl-5-premium-synthetic-limited-slip-special\/#primaryimage","url":"https:\/\/nordlube.ee\/wp-content\/uploads\/2023\/11\/18000SLS_18001SLS-1.png","contentUrl":"https:\/\/nordlube.ee\/wp-content\/uploads\/2023\/11\/18000SLS_18001SLS-1.png","width":2512,"height":2512},{"@type":"BreadcrumbList","@id":"https:\/\/nordlube.ee\/product\/mpm-gearbox-oil-75w-140-gl-5-premium-synthetic-limited-slip-special\/#breadcrumb","itemListElement":[{"@type":"ListItem","position":1,"name":"Home","item":"https:\/\/nordlube.ee\/en\/"},{"@type":"ListItem","position":2,"name":"Products","item":"https:\/\/nordlube.ee\/tooted\/"},{"@type":"ListItem","position":3,"name":"MPM Gearbox Oil 75W-140 GL-5 Premium Synthetic Limited Slip Special"}]},{"@type":"WebSite","@id":"https:\/\/nordlube.ee\/#website","url":"https:\/\/nordlube.ee\/","name":"Nordlube","description":"NESTE Lubricants ametlik esindaja Eestis","potentialAction":[{"@type":"SearchAction","target":{"@type":"EntryPoint","urlTemplate":"https:\/\/nordlube.ee\/?s={search_term_string}"},"query-input":{"@type":"PropertyValueSpecification","valueRequired":true,"valueName":"search_term_string"}}],"inLanguage":"en-US"}]}},"_links":{"self":[{"href":"https:\/\/nordlube.ee\/en\/wp-json\/wp\/v2\/product\/2630","targetHints":{"allow":["GET"]}}],"collection":[{"href":"https:\/\/nordlube.ee\/en\/wp-json\/wp\/v2\/product"}],"about":[{"href":"https:\/\/nordlube.ee\/en\/wp-json\/wp\/v2\/types\/product"}],"wp:featuredmedia":[{"embeddable":true,"href":"https:\/\/nordlube.ee\/en\/wp-json\/wp\/v2\/media\/1792"}],"wp:attachment":[{"href":"https:\/\/nordlube.ee\/en\/wp-json\/wp\/v2\/media?parent=2630"}],"wp:term":[{"taxonomy":"product_brand","embeddable":true,"href":"https:\/\/nordlube.ee\/en\/wp-json\/wp\/v2\/product_brand?post=2630"},{"taxonomy":"product_cat","embeddable":true,"href":"https:\/\/nordlube.ee\/en\/wp-json\/wp\/v2\/product_cat?post=2630"},{"taxonomy":"product_tag","embeddable":true,"href":"https:\/\/nordlube.ee\/en\/wp-json\/wp\/v2\/product_tag?post=2630"}],"curies":[{"name":"wp","href":"https:\/\/api.w.org\/{rel}","templated":true}]}}