{"id":2617,"date":"2023-11-24T15:55:11","date_gmt":"2023-11-24T12:55:11","guid":{"rendered":"https:\/\/nordlube.ee\/toode\/mpm-lithium-complex-grease-ep-2\/"},"modified":"2023-12-06T14:14:28","modified_gmt":"2023-12-06T11:14:28","slug":"mpm-lithium-complex-grease-ep-2","status":"publish","type":"product","link":"https:\/\/nordlube.ee\/en\/product\/mpm-lithium-complex-grease-ep-2\/","title":{"rendered":"MPM Lithium Complex grease EP-2"},"content":{"rendered":"<p>Liitiumikompleksiga rikastatud m\u00e4\u00e4re EP-2.Liitiumikompleksiga rikastatud m\u00e4\u00e4re EP-2 on spetsiaalselt v\u00e4lja t\u00f6\u00f6tatud kasutamiseks suure koormusega, keskmisel ja madalal kiirusel ning laias temperatuurivahemikus t\u00f6\u00f6tavatel mehhanismides ja laagritel. M\u00e4\u00e4rdeaine k\u00f5rge tilkumistase v\u00f5imaldab seda kasutada ka k\u00f5rgetel temperatuuridel ilma selle f\u00fc\u00fcsikalisi ja keemilisi omadusi kaotamata.Vastab spetsifikatsioonidele:DIN 51502ISO 6743 \/ L-XCC IB2KP2K-30<\/p>\n","protected":false},"excerpt":{"rendered":"<p>Liitiumikompleksiga rikastatud m\u00e4\u00e4re EP-2.Liitiumikompleksiga rikastatud m\u00e4\u00e4re EP-2 on spetsiaalselt v\u00e4lja t\u00f6\u00f6tatud kasutamiseks suure koormusega, keskmisel ja madalal kiirusel ning laias temperatuurivahemikus t\u00f6\u00f6tavatel mehhanismides ja laagritel. M\u00e4\u00e4rdeaine k\u00f5rge tilkumistase v\u00f5imaldab seda kasutada ka k\u00f5rgetel temperatuuridel ilma selle f\u00fc\u00fcsikalisi ja keemilisi omadusi kaotamata.Vastab spetsifikatsioonidele:DIN 51502ISO 6743 \/ L-XCC IB2KP2K-30<\/p>\n","protected":false},"featured_media":2064,"template":"","meta":{"_acf_changed":false},"product_brand":[580],"product_cat":[573,556],"product_tag":[],"class_list":{"0":"post-2617","1":"product","2":"type-product","3":"status-publish","4":"has-post-thumbnail","6":"product_brand-mpm-oil-en","7":"product_cat-greases-en","8":"product_cat-other-et-en","9":"pa_maht-18-kg-et-en","10":"pa_maht-185-kg-et-en","11":"pa_maht-400-g-et-en","12":"pa_maht-5-kg-et-en","13":"pa_maht-50-kg-et-en","15":"first","16":"instock","17":"taxable","18":"shipping-taxable","19":"purchasable","20":"product-type-simple"},"acf":[],"yoast_head":"<!-- This site is optimized with the Yoast SEO plugin v27.4 - https:\/\/yoast.com\/product\/yoast-seo-wordpress\/ -->\n<title>MPM Lithium Complex grease EP-2 - Nordlube<\/title>\n<meta name=\"robots\" content=\"index, follow, max-snippet:-1, max-image-preview:large, max-video-preview:-1\" \/>\n<link rel=\"canonical\" href=\"https:\/\/nordlube.ee\/product\/mpm-lithium-complex-grease-ep-2\/\" \/>\n<meta property=\"og:locale\" content=\"en_US\" \/>\n<meta property=\"og:type\" content=\"article\" \/>\n<meta property=\"og:title\" content=\"MPM Lithium Complex grease EP-2 - Nordlube\" \/>\n<meta property=\"og:description\" content=\"Liitiumikompleksiga rikastatud m\u00e4\u00e4re EP-2.Liitiumikompleksiga rikastatud m\u00e4\u00e4re EP-2 on spetsiaalselt v\u00e4lja t\u00f6\u00f6tatud kasutamiseks suure koormusega, keskmisel ja madalal kiirusel ning laias temperatuurivahemikus t\u00f6\u00f6tavatel mehhanismides ja laagritel. M\u00e4\u00e4rdeaine k\u00f5rge tilkumistase v\u00f5imaldab seda kasutada ka k\u00f5rgetel temperatuuridel ilma selle f\u00fc\u00fcsikalisi ja keemilisi omadusi kaotamata.Vastab spetsifikatsioonidele:DIN 51502ISO 6743 \/ L-XCC IB2KP2K-30\" \/>\n<meta property=\"og:url\" content=\"https:\/\/nordlube.ee\/product\/mpm-lithium-complex-grease-ep-2\/\" \/>\n<meta property=\"og:site_name\" content=\"Nordlube\" \/>\n<meta property=\"article:modified_time\" content=\"2023-12-06T11:14:28+00:00\" \/>\n<meta property=\"og:image\" content=\"https:\/\/nordlube.ee\/wp-content\/uploads\/2023\/11\/65000B_65000B.png\" \/>\n\t<meta property=\"og:image:width\" content=\"2531\" \/>\n\t<meta property=\"og:image:height\" content=\"2531\" \/>\n\t<meta property=\"og:image:type\" content=\"image\/png\" \/>\n<meta name=\"twitter:card\" content=\"summary_large_image\" \/>\n<script type=\"application\/ld+json\" class=\"yoast-schema-graph\">{\"@context\":\"https:\\\/\\\/schema.org\",\"@graph\":[{\"@type\":\"WebPage\",\"@id\":\"https:\\\/\\\/nordlube.ee\\\/product\\\/mpm-lithium-complex-grease-ep-2\\\/\",\"url\":\"https:\\\/\\\/nordlube.ee\\\/product\\\/mpm-lithium-complex-grease-ep-2\\\/\",\"name\":\"MPM Lithium Complex grease EP-2 - Nordlube\",\"isPartOf\":{\"@id\":\"https:\\\/\\\/nordlube.ee\\\/#website\"},\"primaryImageOfPage\":{\"@id\":\"https:\\\/\\\/nordlube.ee\\\/product\\\/mpm-lithium-complex-grease-ep-2\\\/#primaryimage\"},\"image\":{\"@id\":\"https:\\\/\\\/nordlube.ee\\\/product\\\/mpm-lithium-complex-grease-ep-2\\\/#primaryimage\"},\"thumbnailUrl\":\"https:\\\/\\\/nordlube.ee\\\/wp-content\\\/uploads\\\/2023\\\/11\\\/65000B_65000B.png\",\"datePublished\":\"2023-11-24T12:55:11+00:00\",\"dateModified\":\"2023-12-06T11:14:28+00:00\",\"breadcrumb\":{\"@id\":\"https:\\\/\\\/nordlube.ee\\\/product\\\/mpm-lithium-complex-grease-ep-2\\\/#breadcrumb\"},\"inLanguage\":\"en-US\",\"potentialAction\":[{\"@type\":\"ReadAction\",\"target\":[\"https:\\\/\\\/nordlube.ee\\\/product\\\/mpm-lithium-complex-grease-ep-2\\\/\"]}]},{\"@type\":\"ImageObject\",\"inLanguage\":\"en-US\",\"@id\":\"https:\\\/\\\/nordlube.ee\\\/product\\\/mpm-lithium-complex-grease-ep-2\\\/#primaryimage\",\"url\":\"https:\\\/\\\/nordlube.ee\\\/wp-content\\\/uploads\\\/2023\\\/11\\\/65000B_65000B.png\",\"contentUrl\":\"https:\\\/\\\/nordlube.ee\\\/wp-content\\\/uploads\\\/2023\\\/11\\\/65000B_65000B.png\",\"width\":2531,\"height\":2531},{\"@type\":\"BreadcrumbList\",\"@id\":\"https:\\\/\\\/nordlube.ee\\\/product\\\/mpm-lithium-complex-grease-ep-2\\\/#breadcrumb\",\"itemListElement\":[{\"@type\":\"ListItem\",\"position\":1,\"name\":\"Home\",\"item\":\"https:\\\/\\\/nordlube.ee\\\/en\\\/\"},{\"@type\":\"ListItem\",\"position\":2,\"name\":\"Products\",\"item\":\"https:\\\/\\\/nordlube.ee\\\/tooted\\\/\"},{\"@type\":\"ListItem\",\"position\":3,\"name\":\"MPM Lithium Complex grease EP-2\"}]},{\"@type\":\"WebSite\",\"@id\":\"https:\\\/\\\/nordlube.ee\\\/#website\",\"url\":\"https:\\\/\\\/nordlube.ee\\\/\",\"name\":\"Nordlube\",\"description\":\"NESTE Lubricants ametlik esindaja Eestis\",\"potentialAction\":[{\"@type\":\"SearchAction\",\"target\":{\"@type\":\"EntryPoint\",\"urlTemplate\":\"https:\\\/\\\/nordlube.ee\\\/?s={search_term_string}\"},\"query-input\":{\"@type\":\"PropertyValueSpecification\",\"valueRequired\":true,\"valueName\":\"search_term_string\"}}],\"inLanguage\":\"en-US\"}]}<\/script>\n<!-- \/ Yoast SEO plugin. -->","yoast_head_json":{"title":"MPM Lithium Complex grease EP-2 - Nordlube","robots":{"index":"index","follow":"follow","max-snippet":"max-snippet:-1","max-image-preview":"max-image-preview:large","max-video-preview":"max-video-preview:-1"},"canonical":"https:\/\/nordlube.ee\/product\/mpm-lithium-complex-grease-ep-2\/","og_locale":"en_US","og_type":"article","og_title":"MPM Lithium Complex grease EP-2 - Nordlube","og_description":"Liitiumikompleksiga rikastatud m\u00e4\u00e4re EP-2.Liitiumikompleksiga rikastatud m\u00e4\u00e4re EP-2 on spetsiaalselt v\u00e4lja t\u00f6\u00f6tatud kasutamiseks suure koormusega, keskmisel ja madalal kiirusel ning laias temperatuurivahemikus t\u00f6\u00f6tavatel mehhanismides ja laagritel. M\u00e4\u00e4rdeaine k\u00f5rge tilkumistase v\u00f5imaldab seda kasutada ka k\u00f5rgetel temperatuuridel ilma selle f\u00fc\u00fcsikalisi ja keemilisi omadusi kaotamata.Vastab spetsifikatsioonidele:DIN 51502ISO 6743 \/ L-XCC IB2KP2K-30","og_url":"https:\/\/nordlube.ee\/product\/mpm-lithium-complex-grease-ep-2\/","og_site_name":"Nordlube","article_modified_time":"2023-12-06T11:14:28+00:00","og_image":[{"width":2531,"height":2531,"url":"https:\/\/nordlube.ee\/wp-content\/uploads\/2023\/11\/65000B_65000B.png","type":"image\/png"}],"twitter_card":"summary_large_image","schema":{"@context":"https:\/\/schema.org","@graph":[{"@type":"WebPage","@id":"https:\/\/nordlube.ee\/product\/mpm-lithium-complex-grease-ep-2\/","url":"https:\/\/nordlube.ee\/product\/mpm-lithium-complex-grease-ep-2\/","name":"MPM Lithium Complex grease EP-2 - Nordlube","isPartOf":{"@id":"https:\/\/nordlube.ee\/#website"},"primaryImageOfPage":{"@id":"https:\/\/nordlube.ee\/product\/mpm-lithium-complex-grease-ep-2\/#primaryimage"},"image":{"@id":"https:\/\/nordlube.ee\/product\/mpm-lithium-complex-grease-ep-2\/#primaryimage"},"thumbnailUrl":"https:\/\/nordlube.ee\/wp-content\/uploads\/2023\/11\/65000B_65000B.png","datePublished":"2023-11-24T12:55:11+00:00","dateModified":"2023-12-06T11:14:28+00:00","breadcrumb":{"@id":"https:\/\/nordlube.ee\/product\/mpm-lithium-complex-grease-ep-2\/#breadcrumb"},"inLanguage":"en-US","potentialAction":[{"@type":"ReadAction","target":["https:\/\/nordlube.ee\/product\/mpm-lithium-complex-grease-ep-2\/"]}]},{"@type":"ImageObject","inLanguage":"en-US","@id":"https:\/\/nordlube.ee\/product\/mpm-lithium-complex-grease-ep-2\/#primaryimage","url":"https:\/\/nordlube.ee\/wp-content\/uploads\/2023\/11\/65000B_65000B.png","contentUrl":"https:\/\/nordlube.ee\/wp-content\/uploads\/2023\/11\/65000B_65000B.png","width":2531,"height":2531},{"@type":"BreadcrumbList","@id":"https:\/\/nordlube.ee\/product\/mpm-lithium-complex-grease-ep-2\/#breadcrumb","itemListElement":[{"@type":"ListItem","position":1,"name":"Home","item":"https:\/\/nordlube.ee\/en\/"},{"@type":"ListItem","position":2,"name":"Products","item":"https:\/\/nordlube.ee\/tooted\/"},{"@type":"ListItem","position":3,"name":"MPM Lithium Complex grease EP-2"}]},{"@type":"WebSite","@id":"https:\/\/nordlube.ee\/#website","url":"https:\/\/nordlube.ee\/","name":"Nordlube","description":"NESTE Lubricants ametlik esindaja Eestis","potentialAction":[{"@type":"SearchAction","target":{"@type":"EntryPoint","urlTemplate":"https:\/\/nordlube.ee\/?s={search_term_string}"},"query-input":{"@type":"PropertyValueSpecification","valueRequired":true,"valueName":"search_term_string"}}],"inLanguage":"en-US"}]}},"_links":{"self":[{"href":"https:\/\/nordlube.ee\/en\/wp-json\/wp\/v2\/product\/2617","targetHints":{"allow":["GET"]}}],"collection":[{"href":"https:\/\/nordlube.ee\/en\/wp-json\/wp\/v2\/product"}],"about":[{"href":"https:\/\/nordlube.ee\/en\/wp-json\/wp\/v2\/types\/product"}],"wp:featuredmedia":[{"embeddable":true,"href":"https:\/\/nordlube.ee\/en\/wp-json\/wp\/v2\/media\/2064"}],"wp:attachment":[{"href":"https:\/\/nordlube.ee\/en\/wp-json\/wp\/v2\/media?parent=2617"}],"wp:term":[{"taxonomy":"product_brand","embeddable":true,"href":"https:\/\/nordlube.ee\/en\/wp-json\/wp\/v2\/product_brand?post=2617"},{"taxonomy":"product_cat","embeddable":true,"href":"https:\/\/nordlube.ee\/en\/wp-json\/wp\/v2\/product_cat?post=2617"},{"taxonomy":"product_tag","embeddable":true,"href":"https:\/\/nordlube.ee\/en\/wp-json\/wp\/v2\/product_tag?post=2617"}],"curies":[{"name":"wp","href":"https:\/\/api.w.org\/{rel}","templated":true}]}}