{"id":2615,"date":"2023-11-24T15:55:21","date_gmt":"2023-11-24T12:55:21","guid":{"rendered":"https:\/\/nordlube.ee\/toode\/mpm-coolant-low-phosphate-37c-ready-to-use\/"},"modified":"2023-12-06T14:14:28","modified_gmt":"2023-12-06T11:14:28","slug":"mpm-coolant-low-phosphate-37c-ready-to-use","status":"publish","type":"product","link":"https:\/\/nordlube.ee\/en\/product\/mpm-coolant-low-phosphate-37c-ready-to-use\/","title":{"rendered":"MPM Coolant Low Phosphate -37\u00b0C Ready to Use"},"content":{"rendered":"<p>Madala fosfaadisisaldusega kasutusvalmis jahutusvedelik kasutamiseks temperatuuril kuni \u201337\u00b0C.Pikaajalise toimega silikaadivaba jahutusvedelik on valmistatud fosfaaditud orgaanilistelisandite tehnoloogia (P-OAT) alusel ja on eriti sobilik kasutamiseks Jaapani ja Korea p\u00e4ritolu s\u00f5idukites.K\u00f5rge kvaliteediga jahutusvedelik on eriti sobilik kasutamiseks alumiiniumist, malmist v\u00f5i nende kahe metalli kombinatsioonidest valmistatud mootorites ning alumiiniumist v\u00f5i vasesulamitest valmistatud jahutuss\u00fcsteemides. MPM 86000CLP on kasutusvalmis ning ei sisalda nitriteid, boraate ja amiine.Vastab spetsifikatsioonidele:ASTM D3306 \/ D6210Honda Type 2JIS K 2234-2006 Class IIMazda FL22Mitsubishi Dia Queen Super Long life CoolantNissan L255NSubaru 16218Suzuki (Super) Long Life CoolantToyota TSK 2601G-8A<\/p>\n","protected":false},"excerpt":{"rendered":"<p>Madala fosfaadisisaldusega kasutusvalmis jahutusvedelik kasutamiseks temperatuuril kuni \u201337\u00b0C.Pikaajalise toimega silikaadivaba jahutusvedelik on valmistatud fosfaaditud orgaanilistelisandite tehnoloogia (P-OAT) alusel ja on eriti sobilik kasutamiseks Jaapani ja Korea p\u00e4ritolu s\u00f5idukites.K\u00f5rge kvaliteediga jahutusvedelik on eriti sobilik kasutamiseks alumiiniumist, malmist v\u00f5i nende kahe metalli kombinatsioonidest valmistatud mootorites ning alumiiniumist v\u00f5i vasesulamitest valmistatud jahutuss\u00fcsteemides. MPM 86000CLP on kasutusvalmis ning ei sisalda nitriteid, boraate ja amiine.Vastab spetsifikatsioonidele:ASTM D3306 \/ D6210Honda Type 2JIS K 2234-2006 Class IIMazda FL22Mitsubishi Dia Queen Super Long life CoolantNissan L255NSubaru 16218Suzuki (Super) Long Life CoolantToyota TSK 2601G-8A<\/p>\n","protected":false},"featured_media":2087,"template":"","meta":{"_acf_changed":false},"product_brand":[580],"product_cat":[562,556,579],"product_tag":[],"class_list":{"0":"post-2615","1":"product","2":"type-product","3":"status-publish","4":"has-post-thumbnail","6":"product_appliance-automotive-en","7":"product_brand-mpm-oil-en","8":"product_cat-coolants-en","9":"product_cat-other-et-en","10":"product_cat-ready-to-use-en","11":"pa_maht-1-l-et-en","12":"pa_maht-20-l-et-en","13":"pa_maht-5-l-et-en","15":"first","16":"instock","17":"taxable","18":"shipping-taxable","19":"purchasable","20":"product-type-variable"},"acf":[],"yoast_head":"<!-- This site is optimized with the Yoast SEO plugin v27.4 - https:\/\/yoast.com\/product\/yoast-seo-wordpress\/ -->\n<title>MPM Coolant Low Phosphate -37\u00b0C Ready to Use - Nordlube<\/title>\n<meta name=\"robots\" content=\"index, follow, max-snippet:-1, max-image-preview:large, max-video-preview:-1\" \/>\n<link rel=\"canonical\" href=\"https:\/\/nordlube.ee\/product\/mpm-coolant-low-phosphate-37c-ready-to-use\/\" \/>\n<meta property=\"og:locale\" content=\"en_US\" \/>\n<meta property=\"og:type\" content=\"article\" \/>\n<meta property=\"og:title\" content=\"MPM Coolant Low Phosphate -37\u00b0C Ready to Use - Nordlube\" \/>\n<meta property=\"og:description\" content=\"Madala fosfaadisisaldusega kasutusvalmis jahutusvedelik kasutamiseks temperatuuril kuni \u201337\u00b0C.Pikaajalise toimega silikaadivaba jahutusvedelik on valmistatud fosfaaditud orgaanilistelisandite tehnoloogia (P-OAT) alusel ja on eriti sobilik kasutamiseks Jaapani ja Korea p\u00e4ritolu s\u00f5idukites.K\u00f5rge kvaliteediga jahutusvedelik on eriti sobilik kasutamiseks alumiiniumist, malmist v\u00f5i nende kahe metalli kombinatsioonidest valmistatud mootorites ning alumiiniumist v\u00f5i vasesulamitest valmistatud jahutuss\u00fcsteemides. MPM 86000CLP on kasutusvalmis ning ei sisalda nitriteid, boraate ja amiine.Vastab spetsifikatsioonidele:ASTM D3306 \/ D6210Honda Type 2JIS K 2234-2006 Class IIMazda FL22Mitsubishi Dia Queen Super Long life CoolantNissan L255NSubaru 16218Suzuki (Super) Long Life CoolantToyota TSK 2601G-8A\" \/>\n<meta property=\"og:url\" content=\"https:\/\/nordlube.ee\/product\/mpm-coolant-low-phosphate-37c-ready-to-use\/\" \/>\n<meta property=\"og:site_name\" content=\"Nordlube\" \/>\n<meta property=\"article:modified_time\" content=\"2023-12-06T11:14:28+00:00\" \/>\n<meta property=\"og:image\" content=\"https:\/\/nordlube.ee\/wp-content\/uploads\/2023\/11\/86000CLP.png\" \/>\n\t<meta property=\"og:image:width\" content=\"470\" \/>\n\t<meta property=\"og:image:height\" content=\"470\" \/>\n\t<meta property=\"og:image:type\" content=\"image\/png\" \/>\n<meta name=\"twitter:card\" content=\"summary_large_image\" \/>\n<script type=\"application\/ld+json\" class=\"yoast-schema-graph\">{\"@context\":\"https:\\\/\\\/schema.org\",\"@graph\":[{\"@type\":\"WebPage\",\"@id\":\"https:\\\/\\\/nordlube.ee\\\/product\\\/mpm-coolant-low-phosphate-37c-ready-to-use\\\/\",\"url\":\"https:\\\/\\\/nordlube.ee\\\/product\\\/mpm-coolant-low-phosphate-37c-ready-to-use\\\/\",\"name\":\"MPM Coolant Low Phosphate -37\u00b0C Ready to Use - Nordlube\",\"isPartOf\":{\"@id\":\"https:\\\/\\\/nordlube.ee\\\/#website\"},\"primaryImageOfPage\":{\"@id\":\"https:\\\/\\\/nordlube.ee\\\/product\\\/mpm-coolant-low-phosphate-37c-ready-to-use\\\/#primaryimage\"},\"image\":{\"@id\":\"https:\\\/\\\/nordlube.ee\\\/product\\\/mpm-coolant-low-phosphate-37c-ready-to-use\\\/#primaryimage\"},\"thumbnailUrl\":\"https:\\\/\\\/nordlube.ee\\\/wp-content\\\/uploads\\\/2023\\\/11\\\/86000CLP.png\",\"datePublished\":\"2023-11-24T12:55:21+00:00\",\"dateModified\":\"2023-12-06T11:14:28+00:00\",\"breadcrumb\":{\"@id\":\"https:\\\/\\\/nordlube.ee\\\/product\\\/mpm-coolant-low-phosphate-37c-ready-to-use\\\/#breadcrumb\"},\"inLanguage\":\"en-US\",\"potentialAction\":[{\"@type\":\"ReadAction\",\"target\":[\"https:\\\/\\\/nordlube.ee\\\/product\\\/mpm-coolant-low-phosphate-37c-ready-to-use\\\/\"]}]},{\"@type\":\"ImageObject\",\"inLanguage\":\"en-US\",\"@id\":\"https:\\\/\\\/nordlube.ee\\\/product\\\/mpm-coolant-low-phosphate-37c-ready-to-use\\\/#primaryimage\",\"url\":\"https:\\\/\\\/nordlube.ee\\\/wp-content\\\/uploads\\\/2023\\\/11\\\/86000CLP.png\",\"contentUrl\":\"https:\\\/\\\/nordlube.ee\\\/wp-content\\\/uploads\\\/2023\\\/11\\\/86000CLP.png\",\"width\":470,\"height\":470},{\"@type\":\"BreadcrumbList\",\"@id\":\"https:\\\/\\\/nordlube.ee\\\/product\\\/mpm-coolant-low-phosphate-37c-ready-to-use\\\/#breadcrumb\",\"itemListElement\":[{\"@type\":\"ListItem\",\"position\":1,\"name\":\"Home\",\"item\":\"https:\\\/\\\/nordlube.ee\\\/en\\\/\"},{\"@type\":\"ListItem\",\"position\":2,\"name\":\"Products\",\"item\":\"https:\\\/\\\/nordlube.ee\\\/tooted\\\/\"},{\"@type\":\"ListItem\",\"position\":3,\"name\":\"MPM Coolant Low Phosphate -37\u00b0C Ready to Use\"}]},{\"@type\":\"WebSite\",\"@id\":\"https:\\\/\\\/nordlube.ee\\\/#website\",\"url\":\"https:\\\/\\\/nordlube.ee\\\/\",\"name\":\"Nordlube\",\"description\":\"NESTE Lubricants ametlik esindaja Eestis\",\"potentialAction\":[{\"@type\":\"SearchAction\",\"target\":{\"@type\":\"EntryPoint\",\"urlTemplate\":\"https:\\\/\\\/nordlube.ee\\\/?s={search_term_string}\"},\"query-input\":{\"@type\":\"PropertyValueSpecification\",\"valueRequired\":true,\"valueName\":\"search_term_string\"}}],\"inLanguage\":\"en-US\"}]}<\/script>\n<!-- \/ Yoast SEO plugin. -->","yoast_head_json":{"title":"MPM Coolant Low Phosphate -37\u00b0C Ready to Use - Nordlube","robots":{"index":"index","follow":"follow","max-snippet":"max-snippet:-1","max-image-preview":"max-image-preview:large","max-video-preview":"max-video-preview:-1"},"canonical":"https:\/\/nordlube.ee\/product\/mpm-coolant-low-phosphate-37c-ready-to-use\/","og_locale":"en_US","og_type":"article","og_title":"MPM Coolant Low Phosphate -37\u00b0C Ready to Use - Nordlube","og_description":"Madala fosfaadisisaldusega kasutusvalmis jahutusvedelik kasutamiseks temperatuuril kuni \u201337\u00b0C.Pikaajalise toimega silikaadivaba jahutusvedelik on valmistatud fosfaaditud orgaanilistelisandite tehnoloogia (P-OAT) alusel ja on eriti sobilik kasutamiseks Jaapani ja Korea p\u00e4ritolu s\u00f5idukites.K\u00f5rge kvaliteediga jahutusvedelik on eriti sobilik kasutamiseks alumiiniumist, malmist v\u00f5i nende kahe metalli kombinatsioonidest valmistatud mootorites ning alumiiniumist v\u00f5i vasesulamitest valmistatud jahutuss\u00fcsteemides. MPM 86000CLP on kasutusvalmis ning ei sisalda nitriteid, boraate ja amiine.Vastab spetsifikatsioonidele:ASTM D3306 \/ D6210Honda Type 2JIS K 2234-2006 Class IIMazda FL22Mitsubishi Dia Queen Super Long life CoolantNissan L255NSubaru 16218Suzuki (Super) Long Life CoolantToyota TSK 2601G-8A","og_url":"https:\/\/nordlube.ee\/product\/mpm-coolant-low-phosphate-37c-ready-to-use\/","og_site_name":"Nordlube","article_modified_time":"2023-12-06T11:14:28+00:00","og_image":[{"width":470,"height":470,"url":"https:\/\/nordlube.ee\/wp-content\/uploads\/2023\/11\/86000CLP.png","type":"image\/png"}],"twitter_card":"summary_large_image","schema":{"@context":"https:\/\/schema.org","@graph":[{"@type":"WebPage","@id":"https:\/\/nordlube.ee\/product\/mpm-coolant-low-phosphate-37c-ready-to-use\/","url":"https:\/\/nordlube.ee\/product\/mpm-coolant-low-phosphate-37c-ready-to-use\/","name":"MPM Coolant Low Phosphate -37\u00b0C Ready to Use - Nordlube","isPartOf":{"@id":"https:\/\/nordlube.ee\/#website"},"primaryImageOfPage":{"@id":"https:\/\/nordlube.ee\/product\/mpm-coolant-low-phosphate-37c-ready-to-use\/#primaryimage"},"image":{"@id":"https:\/\/nordlube.ee\/product\/mpm-coolant-low-phosphate-37c-ready-to-use\/#primaryimage"},"thumbnailUrl":"https:\/\/nordlube.ee\/wp-content\/uploads\/2023\/11\/86000CLP.png","datePublished":"2023-11-24T12:55:21+00:00","dateModified":"2023-12-06T11:14:28+00:00","breadcrumb":{"@id":"https:\/\/nordlube.ee\/product\/mpm-coolant-low-phosphate-37c-ready-to-use\/#breadcrumb"},"inLanguage":"en-US","potentialAction":[{"@type":"ReadAction","target":["https:\/\/nordlube.ee\/product\/mpm-coolant-low-phosphate-37c-ready-to-use\/"]}]},{"@type":"ImageObject","inLanguage":"en-US","@id":"https:\/\/nordlube.ee\/product\/mpm-coolant-low-phosphate-37c-ready-to-use\/#primaryimage","url":"https:\/\/nordlube.ee\/wp-content\/uploads\/2023\/11\/86000CLP.png","contentUrl":"https:\/\/nordlube.ee\/wp-content\/uploads\/2023\/11\/86000CLP.png","width":470,"height":470},{"@type":"BreadcrumbList","@id":"https:\/\/nordlube.ee\/product\/mpm-coolant-low-phosphate-37c-ready-to-use\/#breadcrumb","itemListElement":[{"@type":"ListItem","position":1,"name":"Home","item":"https:\/\/nordlube.ee\/en\/"},{"@type":"ListItem","position":2,"name":"Products","item":"https:\/\/nordlube.ee\/tooted\/"},{"@type":"ListItem","position":3,"name":"MPM Coolant Low Phosphate -37\u00b0C Ready to Use"}]},{"@type":"WebSite","@id":"https:\/\/nordlube.ee\/#website","url":"https:\/\/nordlube.ee\/","name":"Nordlube","description":"NESTE Lubricants ametlik esindaja Eestis","potentialAction":[{"@type":"SearchAction","target":{"@type":"EntryPoint","urlTemplate":"https:\/\/nordlube.ee\/?s={search_term_string}"},"query-input":{"@type":"PropertyValueSpecification","valueRequired":true,"valueName":"search_term_string"}}],"inLanguage":"en-US"}]}},"_links":{"self":[{"href":"https:\/\/nordlube.ee\/en\/wp-json\/wp\/v2\/product\/2615","targetHints":{"allow":["GET"]}}],"collection":[{"href":"https:\/\/nordlube.ee\/en\/wp-json\/wp\/v2\/product"}],"about":[{"href":"https:\/\/nordlube.ee\/en\/wp-json\/wp\/v2\/types\/product"}],"wp:featuredmedia":[{"embeddable":true,"href":"https:\/\/nordlube.ee\/en\/wp-json\/wp\/v2\/media\/2087"}],"wp:attachment":[{"href":"https:\/\/nordlube.ee\/en\/wp-json\/wp\/v2\/media?parent=2615"}],"wp:term":[{"taxonomy":"product_brand","embeddable":true,"href":"https:\/\/nordlube.ee\/en\/wp-json\/wp\/v2\/product_brand?post=2615"},{"taxonomy":"product_cat","embeddable":true,"href":"https:\/\/nordlube.ee\/en\/wp-json\/wp\/v2\/product_cat?post=2615"},{"taxonomy":"product_tag","embeddable":true,"href":"https:\/\/nordlube.ee\/en\/wp-json\/wp\/v2\/product_tag?post=2615"}],"curies":[{"name":"wp","href":"https:\/\/api.w.org\/{rel}","templated":true}]}}