{"id":2545,"date":"2023-11-24T15:55:25","date_gmt":"2023-11-24T12:55:25","guid":{"rendered":"https:\/\/nordlube.ee\/toode\/mpm-engine-flush\/"},"modified":"2024-12-16T13:07:12","modified_gmt":"2024-12-16T10:07:12","slug":"mpm-engine-flush","status":"publish","type":"product","link":"https:\/\/nordlube.ee\/en\/product\/mpm-engine-flush\/","title":{"rendered":"MPM Engine Flush"},"content":{"rendered":"<p>Vahend puhastab ja loputab \u00fcle mootori seesmised \u00f5likanalid.MPM mootori loputusvahend on tugevatoimeline \u00f5lil ja pesuvahendil p\u00f5hinev vahend, mis puhastab sette ja ladestunud osakesed ning v\u00e4hendab \u00f5li tarbimist.Samuti aitab taastada k\u00fctuses\u00e4\u00e4stlikkust, suurendada mootori efektiivsust ning v\u00e4hendada bensiini- ja diiselmootori heitgaaside hulka.\u00a0Peamised kasutegurid:Tugevatoimelised puhastavad omadused puhastavad ja loputavad t\u00f5husalt \u00fcle mootori seesmised \u00f5likanalid.Eemaldab kummi- ja lakij\u00e4\u00e4nused ning muud setted.Koos mootori seisukorra parandamisega v\u00e4hendab ka k\u00fctuse tarbimist ja heitgaaside hulka.V\u00f5imaldab puhtal \u00f5lil optimaalselt toimida.Eemaldab lihtsa vaevaga s\u00fcsiniku ladestumisj\u00e4\u00e4gid ning tahma ja vedelike (vee kondenseerumine ja k\u00fctus) poolt tekitatud mootori saastumise.Kasutamine:Sobilik kasutamiseks k\u00f5ikides turbokompressoriga v\u00f5i ilma turbokompressorita bensiini-, diisel- ja LPG gaasimootorites.\u00dchildub teiste mineraal-, pools\u00fcnteetiliste jat\u00e4iss\u00fcnteetiliste mootori\u00f5lidega.Kasutusjuhend:Vala kogu 250ml MPM mootori loputusvahendi pudeli sisu l\u00e4bi\u00f5lit\u00e4ite lehtriLase mootoril 10-15 minutit t\u00fchjalt t\u00f6\u00f6tada ning lase \u00f5li koheselt v\u00e4lja joosta.Anna s\u00fcsteemile piisavalt aega selleks, et see t\u00e4ielikult \u00f5list t\u00fchjaks jookseks.Eemalda ja asenda mootori \u00f5lifilter.T\u00e4ida mootor uue OEM-i poolt soovitatud mootori\u00f5liga.\u00dche 250ml pudeli sisust piisab 3-6 liitrise \u00f5limahutiga mootori t\u00f6\u00f6tlemiseks.<\/p>\n","protected":false},"excerpt":{"rendered":"<p>Vahend puhastab ja loputab \u00fcle mootori seesmised \u00f5likanalid.MPM mootori loputusvahend on tugevatoimeline \u00f5lil ja pesuvahendil p\u00f5hinev vahend, mis puhastab sette ja ladestunud osakesed ning v\u00e4hendab \u00f5li tarbimist.Samuti aitab taastada k\u00fctuses\u00e4\u00e4stlikkust, suurendada mootori efektiivsust ning v\u00e4hendada bensiini- ja diiselmootori heitgaaside hulka.\u00a0Peamised kasutegurid:Tugevatoimelised puhastavad omadused puhastavad ja loputavad t\u00f5husalt \u00fcle mootori seesmised \u00f5likanalid.Eemaldab kummi- ja lakij\u00e4\u00e4nused ning muud setted.Koos mootori seisukorra parandamisega v\u00e4hendab ka k\u00fctuse tarbimist ja heitgaaside hulka.V\u00f5imaldab puhtal \u00f5lil optimaalselt toimida.Eemaldab lihtsa vaevaga s\u00fcsiniku ladestumisj\u00e4\u00e4gid ning tahma ja vedelike (vee kondenseerumine ja k\u00fctus) poolt tekitatud mootori saastumise.Kasutamine:Sobilik kasutamiseks k\u00f5ikides turbokompressoriga v\u00f5i ilma turbokompressorita bensiini-, diisel- ja LPG gaasimootorites.\u00dchildub teiste mineraal-, pools\u00fcnteetiliste jat\u00e4iss\u00fcnteetiliste mootori\u00f5lidega.Kasutusjuhend:Vala kogu 250ml MPM mootori loputusvahendi pudeli sisu l\u00e4bi\u00f5lit\u00e4ite lehtriLase mootoril 10-15 minutit t\u00fchjalt t\u00f6\u00f6tada ning lase \u00f5li koheselt v\u00e4lja joosta.Anna s\u00fcsteemile piisavalt aega selleks, et see t\u00e4ielikult \u00f5list t\u00fchjaks jookseks.Eemalda ja asenda mootori \u00f5lifilter.T\u00e4ida mootor uue OEM-i poolt soovitatud mootori\u00f5liga.\u00dche 250ml pudeli sisust piisab 3-6 liitrise \u00f5limahutiga mootori t\u00f6\u00f6tlemiseks.<\/p>\n","protected":false},"featured_media":2128,"template":"","meta":{"_acf_changed":false},"product_brand":[504],"product_cat":[545],"product_tag":[],"class_list":{"0":"post-2545","1":"product","2":"type-product","3":"status-publish","4":"has-post-thumbnail","6":"product_brand-mpm-oil","7":"product_cat-additives-et","8":"pa_maht-250-ml-et","10":"first","11":"instock","12":"taxable","13":"shipping-taxable","14":"purchasable","15":"product-type-simple"},"acf":[],"yoast_head":"<!-- This site is optimized with the Yoast SEO plugin v27.4 - https:\/\/yoast.com\/product\/yoast-seo-wordpress\/ -->\n<title>MPM Engine Flush - Nordlube<\/title>\n<meta name=\"robots\" content=\"index, follow, max-snippet:-1, max-image-preview:large, max-video-preview:-1\" \/>\n<link rel=\"canonical\" href=\"https:\/\/nordlube.ee\/toode\/mpm-engine-flush\/\" \/>\n<meta property=\"og:locale\" content=\"en_US\" \/>\n<meta property=\"og:type\" content=\"article\" \/>\n<meta property=\"og:title\" content=\"MPM Engine Flush - Nordlube\" \/>\n<meta property=\"og:description\" content=\"Vahend puhastab ja loputab \u00fcle mootori seesmised \u00f5likanalid.MPM mootori loputusvahend on tugevatoimeline \u00f5lil ja pesuvahendil p\u00f5hinev vahend, mis puhastab sette ja ladestunud osakesed ning v\u00e4hendab \u00f5li tarbimist.Samuti aitab taastada k\u00fctuses\u00e4\u00e4stlikkust, suurendada mootori efektiivsust ning v\u00e4hendada bensiini- ja diiselmootori heitgaaside hulka.\u00a0Peamised kasutegurid:Tugevatoimelised puhastavad omadused puhastavad ja loputavad t\u00f5husalt \u00fcle mootori seesmised \u00f5likanalid.Eemaldab kummi- ja lakij\u00e4\u00e4nused ning muud setted.Koos mootori seisukorra parandamisega v\u00e4hendab ka k\u00fctuse tarbimist ja heitgaaside hulka.V\u00f5imaldab puhtal \u00f5lil optimaalselt toimida.Eemaldab lihtsa vaevaga s\u00fcsiniku ladestumisj\u00e4\u00e4gid ning tahma ja vedelike (vee kondenseerumine ja k\u00fctus) poolt tekitatud mootori saastumise.Kasutamine:Sobilik kasutamiseks k\u00f5ikides turbokompressoriga v\u00f5i ilma turbokompressorita bensiini-, diisel- ja LPG gaasimootorites.\u00dchildub teiste mineraal-, pools\u00fcnteetiliste jat\u00e4iss\u00fcnteetiliste mootori\u00f5lidega.Kasutusjuhend:Vala kogu 250ml MPM mootori loputusvahendi pudeli sisu l\u00e4bi\u00f5lit\u00e4ite lehtriLase mootoril 10-15 minutit t\u00fchjalt t\u00f6\u00f6tada ning lase \u00f5li koheselt v\u00e4lja joosta.Anna s\u00fcsteemile piisavalt aega selleks, et see t\u00e4ielikult \u00f5list t\u00fchjaks jookseks.Eemalda ja asenda mootori \u00f5lifilter.T\u00e4ida mootor uue OEM-i poolt soovitatud mootori\u00f5liga.\u00dche 250ml pudeli sisust piisab 3-6 liitrise \u00f5limahutiga mootori t\u00f6\u00f6tlemiseks.\" \/>\n<meta property=\"og:url\" content=\"https:\/\/nordlube.ee\/toode\/mpm-engine-flush\/\" \/>\n<meta property=\"og:site_name\" content=\"Nordlube\" \/>\n<meta property=\"article:modified_time\" content=\"2024-12-16T10:07:12+00:00\" \/>\n<meta property=\"og:image\" content=\"https:\/\/nordlube.ee\/wp-content\/uploads\/2023\/11\/AD14000_AD14250.png\" \/>\n\t<meta property=\"og:image:width\" content=\"1962\" \/>\n\t<meta property=\"og:image:height\" content=\"1962\" \/>\n\t<meta property=\"og:image:type\" content=\"image\/png\" \/>\n<meta name=\"twitter:card\" content=\"summary_large_image\" \/>\n<meta name=\"twitter:label1\" content=\"Est. reading time\" \/>\n\t<meta name=\"twitter:data1\" content=\"1 minute\" \/>\n<script type=\"application\/ld+json\" class=\"yoast-schema-graph\">{\"@context\":\"https:\\\/\\\/schema.org\",\"@graph\":[{\"@type\":\"WebPage\",\"@id\":\"https:\\\/\\\/nordlube.ee\\\/toode\\\/mpm-engine-flush\\\/\",\"url\":\"https:\\\/\\\/nordlube.ee\\\/toode\\\/mpm-engine-flush\\\/\",\"name\":\"MPM Engine Flush - Nordlube\",\"isPartOf\":{\"@id\":\"https:\\\/\\\/nordlube.ee\\\/#website\"},\"primaryImageOfPage\":{\"@id\":\"https:\\\/\\\/nordlube.ee\\\/toode\\\/mpm-engine-flush\\\/#primaryimage\"},\"image\":{\"@id\":\"https:\\\/\\\/nordlube.ee\\\/toode\\\/mpm-engine-flush\\\/#primaryimage\"},\"thumbnailUrl\":\"https:\\\/\\\/nordlube.ee\\\/wp-content\\\/uploads\\\/2023\\\/11\\\/AD14000_AD14250.png\",\"datePublished\":\"2023-11-24T12:55:25+00:00\",\"dateModified\":\"2024-12-16T10:07:12+00:00\",\"breadcrumb\":{\"@id\":\"https:\\\/\\\/nordlube.ee\\\/toode\\\/mpm-engine-flush\\\/#breadcrumb\"},\"inLanguage\":\"en-US\",\"potentialAction\":[{\"@type\":\"ReadAction\",\"target\":[\"https:\\\/\\\/nordlube.ee\\\/toode\\\/mpm-engine-flush\\\/\"]}]},{\"@type\":\"ImageObject\",\"inLanguage\":\"en-US\",\"@id\":\"https:\\\/\\\/nordlube.ee\\\/toode\\\/mpm-engine-flush\\\/#primaryimage\",\"url\":\"https:\\\/\\\/nordlube.ee\\\/wp-content\\\/uploads\\\/2023\\\/11\\\/AD14000_AD14250.png\",\"contentUrl\":\"https:\\\/\\\/nordlube.ee\\\/wp-content\\\/uploads\\\/2023\\\/11\\\/AD14000_AD14250.png\",\"width\":1962,\"height\":1962},{\"@type\":\"BreadcrumbList\",\"@id\":\"https:\\\/\\\/nordlube.ee\\\/toode\\\/mpm-engine-flush\\\/#breadcrumb\",\"itemListElement\":[{\"@type\":\"ListItem\",\"position\":1,\"name\":\"Home\",\"item\":\"https:\\\/\\\/nordlube.ee\\\/en\\\/\"},{\"@type\":\"ListItem\",\"position\":2,\"name\":\"Products\",\"item\":\"https:\\\/\\\/nordlube.ee\\\/tooted\\\/\"},{\"@type\":\"ListItem\",\"position\":3,\"name\":\"MPM Engine Flush\"}]},{\"@type\":\"WebSite\",\"@id\":\"https:\\\/\\\/nordlube.ee\\\/#website\",\"url\":\"https:\\\/\\\/nordlube.ee\\\/\",\"name\":\"Nordlube\",\"description\":\"NESTE Lubricants ametlik esindaja Eestis\",\"potentialAction\":[{\"@type\":\"SearchAction\",\"target\":{\"@type\":\"EntryPoint\",\"urlTemplate\":\"https:\\\/\\\/nordlube.ee\\\/?s={search_term_string}\"},\"query-input\":{\"@type\":\"PropertyValueSpecification\",\"valueRequired\":true,\"valueName\":\"search_term_string\"}}],\"inLanguage\":\"en-US\"}]}<\/script>\n<!-- \/ Yoast SEO plugin. -->","yoast_head_json":{"title":"MPM Engine Flush - Nordlube","robots":{"index":"index","follow":"follow","max-snippet":"max-snippet:-1","max-image-preview":"max-image-preview:large","max-video-preview":"max-video-preview:-1"},"canonical":"https:\/\/nordlube.ee\/toode\/mpm-engine-flush\/","og_locale":"en_US","og_type":"article","og_title":"MPM Engine Flush - Nordlube","og_description":"Vahend puhastab ja loputab \u00fcle mootori seesmised \u00f5likanalid.MPM mootori loputusvahend on tugevatoimeline \u00f5lil ja pesuvahendil p\u00f5hinev vahend, mis puhastab sette ja ladestunud osakesed ning v\u00e4hendab \u00f5li tarbimist.Samuti aitab taastada k\u00fctuses\u00e4\u00e4stlikkust, suurendada mootori efektiivsust ning v\u00e4hendada bensiini- ja diiselmootori heitgaaside hulka.\u00a0Peamised kasutegurid:Tugevatoimelised puhastavad omadused puhastavad ja loputavad t\u00f5husalt \u00fcle mootori seesmised \u00f5likanalid.Eemaldab kummi- ja lakij\u00e4\u00e4nused ning muud setted.Koos mootori seisukorra parandamisega v\u00e4hendab ka k\u00fctuse tarbimist ja heitgaaside hulka.V\u00f5imaldab puhtal \u00f5lil optimaalselt toimida.Eemaldab lihtsa vaevaga s\u00fcsiniku ladestumisj\u00e4\u00e4gid ning tahma ja vedelike (vee kondenseerumine ja k\u00fctus) poolt tekitatud mootori saastumise.Kasutamine:Sobilik kasutamiseks k\u00f5ikides turbokompressoriga v\u00f5i ilma turbokompressorita bensiini-, diisel- ja LPG gaasimootorites.\u00dchildub teiste mineraal-, pools\u00fcnteetiliste jat\u00e4iss\u00fcnteetiliste mootori\u00f5lidega.Kasutusjuhend:Vala kogu 250ml MPM mootori loputusvahendi pudeli sisu l\u00e4bi\u00f5lit\u00e4ite lehtriLase mootoril 10-15 minutit t\u00fchjalt t\u00f6\u00f6tada ning lase \u00f5li koheselt v\u00e4lja joosta.Anna s\u00fcsteemile piisavalt aega selleks, et see t\u00e4ielikult \u00f5list t\u00fchjaks jookseks.Eemalda ja asenda mootori \u00f5lifilter.T\u00e4ida mootor uue OEM-i poolt soovitatud mootori\u00f5liga.\u00dche 250ml pudeli sisust piisab 3-6 liitrise \u00f5limahutiga mootori t\u00f6\u00f6tlemiseks.","og_url":"https:\/\/nordlube.ee\/toode\/mpm-engine-flush\/","og_site_name":"Nordlube","article_modified_time":"2024-12-16T10:07:12+00:00","og_image":[{"width":1962,"height":1962,"url":"https:\/\/nordlube.ee\/wp-content\/uploads\/2023\/11\/AD14000_AD14250.png","type":"image\/png"}],"twitter_card":"summary_large_image","twitter_misc":{"Est. reading time":"1 minute"},"schema":{"@context":"https:\/\/schema.org","@graph":[{"@type":"WebPage","@id":"https:\/\/nordlube.ee\/toode\/mpm-engine-flush\/","url":"https:\/\/nordlube.ee\/toode\/mpm-engine-flush\/","name":"MPM Engine Flush - Nordlube","isPartOf":{"@id":"https:\/\/nordlube.ee\/#website"},"primaryImageOfPage":{"@id":"https:\/\/nordlube.ee\/toode\/mpm-engine-flush\/#primaryimage"},"image":{"@id":"https:\/\/nordlube.ee\/toode\/mpm-engine-flush\/#primaryimage"},"thumbnailUrl":"https:\/\/nordlube.ee\/wp-content\/uploads\/2023\/11\/AD14000_AD14250.png","datePublished":"2023-11-24T12:55:25+00:00","dateModified":"2024-12-16T10:07:12+00:00","breadcrumb":{"@id":"https:\/\/nordlube.ee\/toode\/mpm-engine-flush\/#breadcrumb"},"inLanguage":"en-US","potentialAction":[{"@type":"ReadAction","target":["https:\/\/nordlube.ee\/toode\/mpm-engine-flush\/"]}]},{"@type":"ImageObject","inLanguage":"en-US","@id":"https:\/\/nordlube.ee\/toode\/mpm-engine-flush\/#primaryimage","url":"https:\/\/nordlube.ee\/wp-content\/uploads\/2023\/11\/AD14000_AD14250.png","contentUrl":"https:\/\/nordlube.ee\/wp-content\/uploads\/2023\/11\/AD14000_AD14250.png","width":1962,"height":1962},{"@type":"BreadcrumbList","@id":"https:\/\/nordlube.ee\/toode\/mpm-engine-flush\/#breadcrumb","itemListElement":[{"@type":"ListItem","position":1,"name":"Home","item":"https:\/\/nordlube.ee\/en\/"},{"@type":"ListItem","position":2,"name":"Products","item":"https:\/\/nordlube.ee\/tooted\/"},{"@type":"ListItem","position":3,"name":"MPM Engine Flush"}]},{"@type":"WebSite","@id":"https:\/\/nordlube.ee\/#website","url":"https:\/\/nordlube.ee\/","name":"Nordlube","description":"NESTE Lubricants ametlik esindaja Eestis","potentialAction":[{"@type":"SearchAction","target":{"@type":"EntryPoint","urlTemplate":"https:\/\/nordlube.ee\/?s={search_term_string}"},"query-input":{"@type":"PropertyValueSpecification","valueRequired":true,"valueName":"search_term_string"}}],"inLanguage":"en-US"}]}},"_links":{"self":[{"href":"https:\/\/nordlube.ee\/en\/wp-json\/wp\/v2\/product\/2545","targetHints":{"allow":["GET"]}}],"collection":[{"href":"https:\/\/nordlube.ee\/en\/wp-json\/wp\/v2\/product"}],"about":[{"href":"https:\/\/nordlube.ee\/en\/wp-json\/wp\/v2\/types\/product"}],"wp:featuredmedia":[{"embeddable":true,"href":"https:\/\/nordlube.ee\/en\/wp-json\/wp\/v2\/media\/2128"}],"wp:attachment":[{"href":"https:\/\/nordlube.ee\/en\/wp-json\/wp\/v2\/media?parent=2545"}],"wp:term":[{"taxonomy":"product_brand","embeddable":true,"href":"https:\/\/nordlube.ee\/en\/wp-json\/wp\/v2\/product_brand?post=2545"},{"taxonomy":"product_cat","embeddable":true,"href":"https:\/\/nordlube.ee\/en\/wp-json\/wp\/v2\/product_cat?post=2545"},{"taxonomy":"product_tag","embeddable":true,"href":"https:\/\/nordlube.ee\/en\/wp-json\/wp\/v2\/product_tag?post=2545"}],"curies":[{"name":"wp","href":"https:\/\/api.w.org\/{rel}","templated":true}]}}