{"id":2502,"date":"2023-11-24T15:55:17","date_gmt":"2023-11-24T12:55:17","guid":{"rendered":"https:\/\/nordlube.ee\/toode\/mpm-silicon-spray-aerosol\/"},"modified":"2024-12-16T13:07:09","modified_gmt":"2024-12-16T10:07:09","slug":"mpm-silicon-spray-aerosol","status":"publish","type":"product","link":"https:\/\/nordlube.ee\/en\/product\/mpm-silicon-spray-aerosol\/","title":{"rendered":"MPM Silicon Spray Aerosol"},"content":{"rendered":"<p>Pihustatav silikoon 400 ml aerosoolpudelis.Pihustatav silikoon on v\u00e4rvitu ja l\u00f5hnatu vahend, mis kaitseb rooste, m\u00e4\u00e4rdumise ja niiskuse eest ning on heade m\u00e4\u00e4rimisomadustega. MPM pihustatav silikoon on v\u00e4ga sobilik selliste liikuvate osade \u00f5litamiseks, mis on otsekontaktis niiskusega, samuti kasutamiseks k\u00fclmumisvastase vahendina muuhulgas ka lukkudel, hingedel ja uste kummitihenditel.<\/p>\n","protected":false},"excerpt":{"rendered":"<p>Pihustatav silikoon 400 ml aerosoolpudelis.Pihustatav silikoon on v\u00e4rvitu ja l\u00f5hnatu vahend, mis kaitseb rooste, m\u00e4\u00e4rdumise ja niiskuse eest ning on heade m\u00e4\u00e4rimisomadustega. MPM pihustatav silikoon on v\u00e4ga sobilik selliste liikuvate osade \u00f5litamiseks, mis on otsekontaktis niiskusega, samuti kasutamiseks k\u00fclmumisvastase vahendina muuhulgas ka lukkudel, hingedel ja uste kummitihenditel.<\/p>\n","protected":false},"featured_media":2071,"template":"","meta":{"_acf_changed":false},"product_brand":[504],"product_cat":[507,206],"product_tag":[],"class_list":{"0":"post-2502","1":"product","2":"type-product","3":"status-publish","4":"has-post-thumbnail","6":"product_brand-mpm-oil","7":"product_cat-aerosols-et","8":"product_cat-other-et","9":"pa_maht-400-ml-et","11":"first","12":"instock","13":"taxable","14":"shipping-taxable","15":"purchasable","16":"product-type-simple"},"acf":[],"yoast_head":"<!-- This site is optimized with the Yoast SEO plugin v27.4 - https:\/\/yoast.com\/product\/yoast-seo-wordpress\/ -->\n<title>MPM Silicon Spray Aerosol - Nordlube<\/title>\n<meta name=\"robots\" content=\"index, follow, max-snippet:-1, max-image-preview:large, max-video-preview:-1\" \/>\n<link rel=\"canonical\" href=\"https:\/\/nordlube.ee\/toode\/mpm-silicon-spray-aerosol\/\" \/>\n<meta property=\"og:locale\" content=\"en_US\" \/>\n<meta property=\"og:type\" content=\"article\" \/>\n<meta property=\"og:title\" content=\"MPM Silicon Spray Aerosol - Nordlube\" \/>\n<meta property=\"og:description\" content=\"Pihustatav silikoon 400 ml aerosoolpudelis.Pihustatav silikoon on v\u00e4rvitu ja l\u00f5hnatu vahend, mis kaitseb rooste, m\u00e4\u00e4rdumise ja niiskuse eest ning on heade m\u00e4\u00e4rimisomadustega. MPM pihustatav silikoon on v\u00e4ga sobilik selliste liikuvate osade \u00f5litamiseks, mis on otsekontaktis niiskusega, samuti kasutamiseks k\u00fclmumisvastase vahendina muuhulgas ka lukkudel, hingedel ja uste kummitihenditel.\" \/>\n<meta property=\"og:url\" content=\"https:\/\/nordlube.ee\/toode\/mpm-silicon-spray-aerosol\/\" \/>\n<meta property=\"og:site_name\" content=\"Nordlube\" \/>\n<meta property=\"article:modified_time\" content=\"2024-12-16T10:07:09+00:00\" \/>\n<meta property=\"og:image\" content=\"https:\/\/nordlube.ee\/wp-content\/uploads\/2023\/11\/A201.png\" \/>\n\t<meta property=\"og:image:width\" content=\"714\" \/>\n\t<meta property=\"og:image:height\" content=\"714\" \/>\n\t<meta property=\"og:image:type\" content=\"image\/png\" \/>\n<meta name=\"twitter:card\" content=\"summary_large_image\" \/>\n<script type=\"application\/ld+json\" class=\"yoast-schema-graph\">{\"@context\":\"https:\\\/\\\/schema.org\",\"@graph\":[{\"@type\":\"WebPage\",\"@id\":\"https:\\\/\\\/nordlube.ee\\\/toode\\\/mpm-silicon-spray-aerosol\\\/\",\"url\":\"https:\\\/\\\/nordlube.ee\\\/toode\\\/mpm-silicon-spray-aerosol\\\/\",\"name\":\"MPM Silicon Spray Aerosol - Nordlube\",\"isPartOf\":{\"@id\":\"https:\\\/\\\/nordlube.ee\\\/#website\"},\"primaryImageOfPage\":{\"@id\":\"https:\\\/\\\/nordlube.ee\\\/toode\\\/mpm-silicon-spray-aerosol\\\/#primaryimage\"},\"image\":{\"@id\":\"https:\\\/\\\/nordlube.ee\\\/toode\\\/mpm-silicon-spray-aerosol\\\/#primaryimage\"},\"thumbnailUrl\":\"https:\\\/\\\/nordlube.ee\\\/wp-content\\\/uploads\\\/2023\\\/11\\\/A201.png\",\"datePublished\":\"2023-11-24T12:55:17+00:00\",\"dateModified\":\"2024-12-16T10:07:09+00:00\",\"breadcrumb\":{\"@id\":\"https:\\\/\\\/nordlube.ee\\\/toode\\\/mpm-silicon-spray-aerosol\\\/#breadcrumb\"},\"inLanguage\":\"en-US\",\"potentialAction\":[{\"@type\":\"ReadAction\",\"target\":[\"https:\\\/\\\/nordlube.ee\\\/toode\\\/mpm-silicon-spray-aerosol\\\/\"]}]},{\"@type\":\"ImageObject\",\"inLanguage\":\"en-US\",\"@id\":\"https:\\\/\\\/nordlube.ee\\\/toode\\\/mpm-silicon-spray-aerosol\\\/#primaryimage\",\"url\":\"https:\\\/\\\/nordlube.ee\\\/wp-content\\\/uploads\\\/2023\\\/11\\\/A201.png\",\"contentUrl\":\"https:\\\/\\\/nordlube.ee\\\/wp-content\\\/uploads\\\/2023\\\/11\\\/A201.png\",\"width\":714,\"height\":714},{\"@type\":\"BreadcrumbList\",\"@id\":\"https:\\\/\\\/nordlube.ee\\\/toode\\\/mpm-silicon-spray-aerosol\\\/#breadcrumb\",\"itemListElement\":[{\"@type\":\"ListItem\",\"position\":1,\"name\":\"Home\",\"item\":\"https:\\\/\\\/nordlube.ee\\\/en\\\/\"},{\"@type\":\"ListItem\",\"position\":2,\"name\":\"Products\",\"item\":\"https:\\\/\\\/nordlube.ee\\\/tooted\\\/\"},{\"@type\":\"ListItem\",\"position\":3,\"name\":\"MPM Silicon Spray Aerosol\"}]},{\"@type\":\"WebSite\",\"@id\":\"https:\\\/\\\/nordlube.ee\\\/#website\",\"url\":\"https:\\\/\\\/nordlube.ee\\\/\",\"name\":\"Nordlube\",\"description\":\"NESTE Lubricants ametlik esindaja Eestis\",\"potentialAction\":[{\"@type\":\"SearchAction\",\"target\":{\"@type\":\"EntryPoint\",\"urlTemplate\":\"https:\\\/\\\/nordlube.ee\\\/?s={search_term_string}\"},\"query-input\":{\"@type\":\"PropertyValueSpecification\",\"valueRequired\":true,\"valueName\":\"search_term_string\"}}],\"inLanguage\":\"en-US\"}]}<\/script>\n<!-- \/ Yoast SEO plugin. -->","yoast_head_json":{"title":"MPM Silicon Spray Aerosol - Nordlube","robots":{"index":"index","follow":"follow","max-snippet":"max-snippet:-1","max-image-preview":"max-image-preview:large","max-video-preview":"max-video-preview:-1"},"canonical":"https:\/\/nordlube.ee\/toode\/mpm-silicon-spray-aerosol\/","og_locale":"en_US","og_type":"article","og_title":"MPM Silicon Spray Aerosol - Nordlube","og_description":"Pihustatav silikoon 400 ml aerosoolpudelis.Pihustatav silikoon on v\u00e4rvitu ja l\u00f5hnatu vahend, mis kaitseb rooste, m\u00e4\u00e4rdumise ja niiskuse eest ning on heade m\u00e4\u00e4rimisomadustega. MPM pihustatav silikoon on v\u00e4ga sobilik selliste liikuvate osade \u00f5litamiseks, mis on otsekontaktis niiskusega, samuti kasutamiseks k\u00fclmumisvastase vahendina muuhulgas ka lukkudel, hingedel ja uste kummitihenditel.","og_url":"https:\/\/nordlube.ee\/toode\/mpm-silicon-spray-aerosol\/","og_site_name":"Nordlube","article_modified_time":"2024-12-16T10:07:09+00:00","og_image":[{"width":714,"height":714,"url":"https:\/\/nordlube.ee\/wp-content\/uploads\/2023\/11\/A201.png","type":"image\/png"}],"twitter_card":"summary_large_image","schema":{"@context":"https:\/\/schema.org","@graph":[{"@type":"WebPage","@id":"https:\/\/nordlube.ee\/toode\/mpm-silicon-spray-aerosol\/","url":"https:\/\/nordlube.ee\/toode\/mpm-silicon-spray-aerosol\/","name":"MPM Silicon Spray Aerosol - Nordlube","isPartOf":{"@id":"https:\/\/nordlube.ee\/#website"},"primaryImageOfPage":{"@id":"https:\/\/nordlube.ee\/toode\/mpm-silicon-spray-aerosol\/#primaryimage"},"image":{"@id":"https:\/\/nordlube.ee\/toode\/mpm-silicon-spray-aerosol\/#primaryimage"},"thumbnailUrl":"https:\/\/nordlube.ee\/wp-content\/uploads\/2023\/11\/A201.png","datePublished":"2023-11-24T12:55:17+00:00","dateModified":"2024-12-16T10:07:09+00:00","breadcrumb":{"@id":"https:\/\/nordlube.ee\/toode\/mpm-silicon-spray-aerosol\/#breadcrumb"},"inLanguage":"en-US","potentialAction":[{"@type":"ReadAction","target":["https:\/\/nordlube.ee\/toode\/mpm-silicon-spray-aerosol\/"]}]},{"@type":"ImageObject","inLanguage":"en-US","@id":"https:\/\/nordlube.ee\/toode\/mpm-silicon-spray-aerosol\/#primaryimage","url":"https:\/\/nordlube.ee\/wp-content\/uploads\/2023\/11\/A201.png","contentUrl":"https:\/\/nordlube.ee\/wp-content\/uploads\/2023\/11\/A201.png","width":714,"height":714},{"@type":"BreadcrumbList","@id":"https:\/\/nordlube.ee\/toode\/mpm-silicon-spray-aerosol\/#breadcrumb","itemListElement":[{"@type":"ListItem","position":1,"name":"Home","item":"https:\/\/nordlube.ee\/en\/"},{"@type":"ListItem","position":2,"name":"Products","item":"https:\/\/nordlube.ee\/tooted\/"},{"@type":"ListItem","position":3,"name":"MPM Silicon Spray Aerosol"}]},{"@type":"WebSite","@id":"https:\/\/nordlube.ee\/#website","url":"https:\/\/nordlube.ee\/","name":"Nordlube","description":"NESTE Lubricants ametlik esindaja Eestis","potentialAction":[{"@type":"SearchAction","target":{"@type":"EntryPoint","urlTemplate":"https:\/\/nordlube.ee\/?s={search_term_string}"},"query-input":{"@type":"PropertyValueSpecification","valueRequired":true,"valueName":"search_term_string"}}],"inLanguage":"en-US"}]}},"_links":{"self":[{"href":"https:\/\/nordlube.ee\/en\/wp-json\/wp\/v2\/product\/2502","targetHints":{"allow":["GET"]}}],"collection":[{"href":"https:\/\/nordlube.ee\/en\/wp-json\/wp\/v2\/product"}],"about":[{"href":"https:\/\/nordlube.ee\/en\/wp-json\/wp\/v2\/types\/product"}],"wp:featuredmedia":[{"embeddable":true,"href":"https:\/\/nordlube.ee\/en\/wp-json\/wp\/v2\/media\/2071"}],"wp:attachment":[{"href":"https:\/\/nordlube.ee\/en\/wp-json\/wp\/v2\/media?parent=2502"}],"wp:term":[{"taxonomy":"product_brand","embeddable":true,"href":"https:\/\/nordlube.ee\/en\/wp-json\/wp\/v2\/product_brand?post=2502"},{"taxonomy":"product_cat","embeddable":true,"href":"https:\/\/nordlube.ee\/en\/wp-json\/wp\/v2\/product_cat?post=2502"},{"taxonomy":"product_tag","embeddable":true,"href":"https:\/\/nordlube.ee\/en\/wp-json\/wp\/v2\/product_tag?post=2502"}],"curies":[{"name":"wp","href":"https:\/\/api.w.org\/{rel}","templated":true}]}}