{"id":2461,"date":"2023-11-24T15:55:07","date_gmt":"2023-11-24T12:55:07","guid":{"rendered":"https:\/\/nordlube.ee\/toode\/mpm-atf-automatic-transmission-fluid-m-1375-4\/"},"modified":"2024-12-16T13:07:08","modified_gmt":"2024-12-16T10:07:08","slug":"mpm-atf-automatic-transmission-fluid-m-1375-4","status":"publish","type":"product","link":"https:\/\/nordlube.ee\/en\/product\/mpm-atf-automatic-transmission-fluid-m-1375-4\/","title":{"rendered":"MPM ATF Automatic Transmission Fluid M-1375.4"},"content":{"rendered":"<p>ATF automaat transmissioonivedelik 6-k\u00e4igulistele ZF transmissioonis\u00fcsteemidele.Preemiumklassi s\u00fcnteetiline automaat transmissiooni vedelik on spetsiaalselt v\u00e4lja t\u00f6\u00f6tatud kasutamiseks k\u00f5ikides 6-k\u00e4igulistes ZF transmissioonis\u00fcsteemides ning transmissioonis\u00fcsteemide nendes osades, mille puhul M-1375.4 \u00f5likasutamine on tootja poolt n\u00f5utav.Vastab spetsifikatsioonidele:Aston Martin ATF M-1375.4BMW 83 22 0 142 516 \/ 83 22 2 305 396Bentley PY112995PAHyundai 0400000C90SGJaguar ATF M-1375.4 \/ Fluid 8432Land Rover TYK 500050Maserati 231603 \/ Gran Turismo ATF M-1375.4 \/ Quattroporte ATF M-1375.4Porsche ATF M-1375.4Rolls Royce ATF M-1375.4VW G 055 005<\/p>\n","protected":false},"excerpt":{"rendered":"<p>ATF automaat transmissioonivedelik 6-k\u00e4igulistele ZF transmissioonis\u00fcsteemidele.Preemiumklassi s\u00fcnteetiline automaat transmissiooni vedelik on spetsiaalselt v\u00e4lja t\u00f6\u00f6tatud kasutamiseks k\u00f5ikides 6-k\u00e4igulistes ZF transmissioonis\u00fcsteemides ning transmissioonis\u00fcsteemide nendes osades, mille puhul M-1375.4 \u00f5likasutamine on tootja poolt n\u00f5utav.Vastab spetsifikatsioonidele:Aston Martin ATF M-1375.4BMW 83 22 0 142 516 \/ 83 22 2 305 396Bentley PY112995PAHyundai 0400000C90SGJaguar ATF M-1375.4 \/ Fluid 8432Land Rover TYK 500050Maserati 231603 \/ Gran Turismo ATF M-1375.4 \/ Quattroporte ATF M-1375.4Porsche ATF M-1375.4Rolls Royce ATF M-1375.4VW G 055 005<\/p>\n","protected":false},"featured_media":2022,"template":"","meta":{"_acf_changed":false},"product_brand":[504],"product_cat":[515,516,206],"product_tag":[],"class_list":{"0":"post-2461","1":"product","2":"type-product","3":"status-publish","4":"has-post-thumbnail","6":"product_appliance-autoolid","7":"product_brand-mpm-oil","8":"product_cat-automatic-transmission-et","9":"product_cat-gearbox-oil-differential-oil-et","10":"product_cat-other-et","11":"pa_maht-1-l-et","12":"pa_maht-20-l-et","13":"pa_maht-4-l-et","15":"first","16":"instock","17":"taxable","18":"shipping-taxable","19":"purchasable","20":"product-type-variable"},"acf":[],"yoast_head":"<!-- This site is optimized with the Yoast SEO plugin v27.3 - https:\/\/yoast.com\/product\/yoast-seo-wordpress\/ -->\n<title>MPM ATF Automatic Transmission Fluid M-1375.4 - Nordlube<\/title>\n<meta name=\"robots\" content=\"index, follow, max-snippet:-1, max-image-preview:large, max-video-preview:-1\" \/>\n<link rel=\"canonical\" href=\"https:\/\/nordlube.ee\/toode\/mpm-atf-automatic-transmission-fluid-m-1375-4\/\" \/>\n<meta property=\"og:locale\" content=\"en_US\" \/>\n<meta property=\"og:type\" content=\"article\" \/>\n<meta property=\"og:title\" content=\"MPM ATF Automatic Transmission Fluid M-1375.4 - Nordlube\" \/>\n<meta property=\"og:description\" content=\"ATF automaat transmissioonivedelik 6-k\u00e4igulistele ZF transmissioonis\u00fcsteemidele.Preemiumklassi s\u00fcnteetiline automaat transmissiooni vedelik on spetsiaalselt v\u00e4lja t\u00f6\u00f6tatud kasutamiseks k\u00f5ikides 6-k\u00e4igulistes ZF transmissioonis\u00fcsteemides ning transmissioonis\u00fcsteemide nendes osades, mille puhul M-1375.4 \u00f5likasutamine on tootja poolt n\u00f5utav.Vastab spetsifikatsioonidele:Aston Martin ATF M-1375.4BMW 83 22 0 142 516 \/ 83 22 2 305 396Bentley PY112995PAHyundai 0400000C90SGJaguar ATF M-1375.4 \/ Fluid 8432Land Rover TYK 500050Maserati 231603 \/ Gran Turismo ATF M-1375.4 \/ Quattroporte ATF M-1375.4Porsche ATF M-1375.4Rolls Royce ATF M-1375.4VW G 055 005\" \/>\n<meta property=\"og:url\" content=\"https:\/\/nordlube.ee\/toode\/mpm-atf-automatic-transmission-fluid-m-1375-4\/\" \/>\n<meta property=\"og:site_name\" content=\"Nordlube\" \/>\n<meta property=\"article:modified_time\" content=\"2024-12-16T10:07:08+00:00\" \/>\n<meta property=\"og:image\" content=\"https:\/\/nordlube.ee\/wp-content\/uploads\/2023\/11\/16000ZF6-1024x1024.png\" \/>\n\t<meta property=\"og:image:width\" content=\"1024\" \/>\n\t<meta property=\"og:image:height\" content=\"1024\" \/>\n\t<meta property=\"og:image:type\" content=\"image\/png\" \/>\n<meta name=\"twitter:card\" content=\"summary_large_image\" \/>\n<script type=\"application\/ld+json\" class=\"yoast-schema-graph\">{\"@context\":\"https:\\\/\\\/schema.org\",\"@graph\":[{\"@type\":\"WebPage\",\"@id\":\"https:\\\/\\\/nordlube.ee\\\/toode\\\/mpm-atf-automatic-transmission-fluid-m-1375-4\\\/\",\"url\":\"https:\\\/\\\/nordlube.ee\\\/toode\\\/mpm-atf-automatic-transmission-fluid-m-1375-4\\\/\",\"name\":\"MPM ATF Automatic Transmission Fluid M-1375.4 - Nordlube\",\"isPartOf\":{\"@id\":\"https:\\\/\\\/nordlube.ee\\\/#website\"},\"primaryImageOfPage\":{\"@id\":\"https:\\\/\\\/nordlube.ee\\\/toode\\\/mpm-atf-automatic-transmission-fluid-m-1375-4\\\/#primaryimage\"},\"image\":{\"@id\":\"https:\\\/\\\/nordlube.ee\\\/toode\\\/mpm-atf-automatic-transmission-fluid-m-1375-4\\\/#primaryimage\"},\"thumbnailUrl\":\"https:\\\/\\\/nordlube.ee\\\/wp-content\\\/uploads\\\/2023\\\/11\\\/16000ZF6.png\",\"datePublished\":\"2023-11-24T12:55:07+00:00\",\"dateModified\":\"2024-12-16T10:07:08+00:00\",\"breadcrumb\":{\"@id\":\"https:\\\/\\\/nordlube.ee\\\/toode\\\/mpm-atf-automatic-transmission-fluid-m-1375-4\\\/#breadcrumb\"},\"inLanguage\":\"en-US\",\"potentialAction\":[{\"@type\":\"ReadAction\",\"target\":[\"https:\\\/\\\/nordlube.ee\\\/toode\\\/mpm-atf-automatic-transmission-fluid-m-1375-4\\\/\"]}]},{\"@type\":\"ImageObject\",\"inLanguage\":\"en-US\",\"@id\":\"https:\\\/\\\/nordlube.ee\\\/toode\\\/mpm-atf-automatic-transmission-fluid-m-1375-4\\\/#primaryimage\",\"url\":\"https:\\\/\\\/nordlube.ee\\\/wp-content\\\/uploads\\\/2023\\\/11\\\/16000ZF6.png\",\"contentUrl\":\"https:\\\/\\\/nordlube.ee\\\/wp-content\\\/uploads\\\/2023\\\/11\\\/16000ZF6.png\",\"width\":2635,\"height\":2635},{\"@type\":\"BreadcrumbList\",\"@id\":\"https:\\\/\\\/nordlube.ee\\\/toode\\\/mpm-atf-automatic-transmission-fluid-m-1375-4\\\/#breadcrumb\",\"itemListElement\":[{\"@type\":\"ListItem\",\"position\":1,\"name\":\"Home\",\"item\":\"https:\\\/\\\/nordlube.ee\\\/en\\\/\"},{\"@type\":\"ListItem\",\"position\":2,\"name\":\"Products\",\"item\":\"https:\\\/\\\/nordlube.ee\\\/tooted\\\/\"},{\"@type\":\"ListItem\",\"position\":3,\"name\":\"MPM ATF Automatic Transmission Fluid M-1375.4\"}]},{\"@type\":\"WebSite\",\"@id\":\"https:\\\/\\\/nordlube.ee\\\/#website\",\"url\":\"https:\\\/\\\/nordlube.ee\\\/\",\"name\":\"Nordlube\",\"description\":\"NESTE Lubricants ametlik esindaja Eestis\",\"potentialAction\":[{\"@type\":\"SearchAction\",\"target\":{\"@type\":\"EntryPoint\",\"urlTemplate\":\"https:\\\/\\\/nordlube.ee\\\/?s={search_term_string}\"},\"query-input\":{\"@type\":\"PropertyValueSpecification\",\"valueRequired\":true,\"valueName\":\"search_term_string\"}}],\"inLanguage\":\"en-US\"}]}<\/script>\n<!-- \/ Yoast SEO plugin. -->","yoast_head_json":{"title":"MPM ATF Automatic Transmission Fluid M-1375.4 - Nordlube","robots":{"index":"index","follow":"follow","max-snippet":"max-snippet:-1","max-image-preview":"max-image-preview:large","max-video-preview":"max-video-preview:-1"},"canonical":"https:\/\/nordlube.ee\/toode\/mpm-atf-automatic-transmission-fluid-m-1375-4\/","og_locale":"en_US","og_type":"article","og_title":"MPM ATF Automatic Transmission Fluid M-1375.4 - Nordlube","og_description":"ATF automaat transmissioonivedelik 6-k\u00e4igulistele ZF transmissioonis\u00fcsteemidele.Preemiumklassi s\u00fcnteetiline automaat transmissiooni vedelik on spetsiaalselt v\u00e4lja t\u00f6\u00f6tatud kasutamiseks k\u00f5ikides 6-k\u00e4igulistes ZF transmissioonis\u00fcsteemides ning transmissioonis\u00fcsteemide nendes osades, mille puhul M-1375.4 \u00f5likasutamine on tootja poolt n\u00f5utav.Vastab spetsifikatsioonidele:Aston Martin ATF M-1375.4BMW 83 22 0 142 516 \/ 83 22 2 305 396Bentley PY112995PAHyundai 0400000C90SGJaguar ATF M-1375.4 \/ Fluid 8432Land Rover TYK 500050Maserati 231603 \/ Gran Turismo ATF M-1375.4 \/ Quattroporte ATF M-1375.4Porsche ATF M-1375.4Rolls Royce ATF M-1375.4VW G 055 005","og_url":"https:\/\/nordlube.ee\/toode\/mpm-atf-automatic-transmission-fluid-m-1375-4\/","og_site_name":"Nordlube","article_modified_time":"2024-12-16T10:07:08+00:00","og_image":[{"width":1024,"height":1024,"url":"https:\/\/nordlube.ee\/wp-content\/uploads\/2023\/11\/16000ZF6-1024x1024.png","type":"image\/png"}],"twitter_card":"summary_large_image","schema":{"@context":"https:\/\/schema.org","@graph":[{"@type":"WebPage","@id":"https:\/\/nordlube.ee\/toode\/mpm-atf-automatic-transmission-fluid-m-1375-4\/","url":"https:\/\/nordlube.ee\/toode\/mpm-atf-automatic-transmission-fluid-m-1375-4\/","name":"MPM ATF Automatic Transmission Fluid M-1375.4 - Nordlube","isPartOf":{"@id":"https:\/\/nordlube.ee\/#website"},"primaryImageOfPage":{"@id":"https:\/\/nordlube.ee\/toode\/mpm-atf-automatic-transmission-fluid-m-1375-4\/#primaryimage"},"image":{"@id":"https:\/\/nordlube.ee\/toode\/mpm-atf-automatic-transmission-fluid-m-1375-4\/#primaryimage"},"thumbnailUrl":"https:\/\/nordlube.ee\/wp-content\/uploads\/2023\/11\/16000ZF6.png","datePublished":"2023-11-24T12:55:07+00:00","dateModified":"2024-12-16T10:07:08+00:00","breadcrumb":{"@id":"https:\/\/nordlube.ee\/toode\/mpm-atf-automatic-transmission-fluid-m-1375-4\/#breadcrumb"},"inLanguage":"en-US","potentialAction":[{"@type":"ReadAction","target":["https:\/\/nordlube.ee\/toode\/mpm-atf-automatic-transmission-fluid-m-1375-4\/"]}]},{"@type":"ImageObject","inLanguage":"en-US","@id":"https:\/\/nordlube.ee\/toode\/mpm-atf-automatic-transmission-fluid-m-1375-4\/#primaryimage","url":"https:\/\/nordlube.ee\/wp-content\/uploads\/2023\/11\/16000ZF6.png","contentUrl":"https:\/\/nordlube.ee\/wp-content\/uploads\/2023\/11\/16000ZF6.png","width":2635,"height":2635},{"@type":"BreadcrumbList","@id":"https:\/\/nordlube.ee\/toode\/mpm-atf-automatic-transmission-fluid-m-1375-4\/#breadcrumb","itemListElement":[{"@type":"ListItem","position":1,"name":"Home","item":"https:\/\/nordlube.ee\/en\/"},{"@type":"ListItem","position":2,"name":"Products","item":"https:\/\/nordlube.ee\/tooted\/"},{"@type":"ListItem","position":3,"name":"MPM ATF Automatic Transmission Fluid M-1375.4"}]},{"@type":"WebSite","@id":"https:\/\/nordlube.ee\/#website","url":"https:\/\/nordlube.ee\/","name":"Nordlube","description":"NESTE Lubricants ametlik esindaja Eestis","potentialAction":[{"@type":"SearchAction","target":{"@type":"EntryPoint","urlTemplate":"https:\/\/nordlube.ee\/?s={search_term_string}"},"query-input":{"@type":"PropertyValueSpecification","valueRequired":true,"valueName":"search_term_string"}}],"inLanguage":"en-US"}]}},"_links":{"self":[{"href":"https:\/\/nordlube.ee\/en\/wp-json\/wp\/v2\/product\/2461","targetHints":{"allow":["GET"]}}],"collection":[{"href":"https:\/\/nordlube.ee\/en\/wp-json\/wp\/v2\/product"}],"about":[{"href":"https:\/\/nordlube.ee\/en\/wp-json\/wp\/v2\/types\/product"}],"wp:featuredmedia":[{"embeddable":true,"href":"https:\/\/nordlube.ee\/en\/wp-json\/wp\/v2\/media\/2022"}],"wp:attachment":[{"href":"https:\/\/nordlube.ee\/en\/wp-json\/wp\/v2\/media?parent=2461"}],"wp:term":[{"taxonomy":"product_brand","embeddable":true,"href":"https:\/\/nordlube.ee\/en\/wp-json\/wp\/v2\/product_brand?post=2461"},{"taxonomy":"product_cat","embeddable":true,"href":"https:\/\/nordlube.ee\/en\/wp-json\/wp\/v2\/product_cat?post=2461"},{"taxonomy":"product_tag","embeddable":true,"href":"https:\/\/nordlube.ee\/en\/wp-json\/wp\/v2\/product_tag?post=2461"}],"curies":[{"name":"wp","href":"https:\/\/api.w.org\/{rel}","templated":true}]}}