{"id":2432,"date":"2023-11-24T15:54:58","date_gmt":"2023-11-24T12:54:58","guid":{"rendered":"https:\/\/nordlube.ee\/toode\/mpm-hand-cleaner-star-special\/"},"modified":"2024-12-16T13:07:06","modified_gmt":"2024-12-16T10:07:06","slug":"mpm-hand-cleaner-star-special","status":"publish","type":"product","link":"https:\/\/nordlube.ee\/en\/product\/mpm-hand-cleaner-star-special\/","title":{"rendered":"MPM Hand Cleaner Star Special"},"content":{"rendered":"<p>K\u00e4tepuhastusvahend\u00a0Star Special.K\u00f5rge kvaliteediga lahustivaba k\u00e4tepuhastusvahend sisaldab nahahoolduse komponente ning naha- ja keskkonnas\u00f5bralikke abrasiive. MPM k\u00e4tepuhastusvahend Star Special on spetsiaalselt v\u00e4lja t\u00f6\u00f6tatud keskmise ja tugeva mustuse eemaldamiseks. T\u00e4nu oma unikaalsele koostisele ei \u00e4rrita see nahka ka sagedasel kasutamisel. K\u00e4tepuhastusvahend puhastab ja hooldab k\u00e4si, see on dermetoloogiliselt testitud, neutraalse pH tasemega ning kuni 80%osas biolagunev.<\/p>\n","protected":false},"excerpt":{"rendered":"<p>K\u00e4tepuhastusvahend\u00a0Star Special.K\u00f5rge kvaliteediga lahustivaba k\u00e4tepuhastusvahend sisaldab nahahoolduse komponente ning naha- ja keskkonnas\u00f5bralikke abrasiive. MPM k\u00e4tepuhastusvahend Star Special on spetsiaalselt v\u00e4lja t\u00f6\u00f6tatud keskmise ja tugeva mustuse eemaldamiseks. T\u00e4nu oma unikaalsele koostisele ei \u00e4rrita see nahka ka sagedasel kasutamisel. K\u00e4tepuhastusvahend puhastab ja hooldab k\u00e4si, see on dermetoloogiliselt testitud, neutraalse pH tasemega ning kuni 80%osas biolagunev.<\/p>\n","protected":false},"featured_media":1967,"template":"","meta":{"_acf_changed":false},"product_brand":[504],"product_cat":[533,206],"product_tag":[],"class_list":{"0":"post-2432","1":"product","2":"type-product","3":"status-publish","4":"has-post-thumbnail","6":"product_brand-mpm-oil","7":"product_cat-kate-puhastus","8":"product_cat-other-et","9":"pa_maht-10-l-et","10":"pa_maht-45-l-et","11":"pa_maht-600-ml-et","13":"first","14":"instock","15":"taxable","16":"shipping-taxable","17":"purchasable","18":"product-type-simple"},"acf":[],"yoast_head":"<!-- This site is optimized with the Yoast SEO plugin v27.4 - https:\/\/yoast.com\/product\/yoast-seo-wordpress\/ -->\n<title>MPM Hand Cleaner Star Special - Nordlube<\/title>\n<meta name=\"robots\" content=\"index, follow, max-snippet:-1, max-image-preview:large, max-video-preview:-1\" \/>\n<link rel=\"canonical\" href=\"https:\/\/nordlube.ee\/toode\/mpm-hand-cleaner-star-special\/\" \/>\n<meta property=\"og:locale\" content=\"en_US\" \/>\n<meta property=\"og:type\" content=\"article\" \/>\n<meta property=\"og:title\" content=\"MPM Hand Cleaner Star Special - Nordlube\" \/>\n<meta property=\"og:description\" content=\"K\u00e4tepuhastusvahend\u00a0Star Special.K\u00f5rge kvaliteediga lahustivaba k\u00e4tepuhastusvahend sisaldab nahahoolduse komponente ning naha- ja keskkonnas\u00f5bralikke abrasiive. MPM k\u00e4tepuhastusvahend Star Special on spetsiaalselt v\u00e4lja t\u00f6\u00f6tatud keskmise ja tugeva mustuse eemaldamiseks. T\u00e4nu oma unikaalsele koostisele ei \u00e4rrita see nahka ka sagedasel kasutamisel. K\u00e4tepuhastusvahend puhastab ja hooldab k\u00e4si, see on dermetoloogiliselt testitud, neutraalse pH tasemega ning kuni 80%osas biolagunev.\" \/>\n<meta property=\"og:url\" content=\"https:\/\/nordlube.ee\/toode\/mpm-hand-cleaner-star-special\/\" \/>\n<meta property=\"og:site_name\" content=\"Nordlube\" \/>\n<meta property=\"article:modified_time\" content=\"2024-12-16T10:07:06+00:00\" \/>\n<meta property=\"og:image\" content=\"https:\/\/nordlube.ee\/wp-content\/uploads\/2023\/11\/10300.png\" \/>\n\t<meta property=\"og:image:width\" content=\"720\" \/>\n\t<meta property=\"og:image:height\" content=\"720\" \/>\n\t<meta property=\"og:image:type\" content=\"image\/png\" \/>\n<meta name=\"twitter:card\" content=\"summary_large_image\" \/>\n<script type=\"application\/ld+json\" class=\"yoast-schema-graph\">{\"@context\":\"https:\\\/\\\/schema.org\",\"@graph\":[{\"@type\":\"WebPage\",\"@id\":\"https:\\\/\\\/nordlube.ee\\\/toode\\\/mpm-hand-cleaner-star-special\\\/\",\"url\":\"https:\\\/\\\/nordlube.ee\\\/toode\\\/mpm-hand-cleaner-star-special\\\/\",\"name\":\"MPM Hand Cleaner Star Special - Nordlube\",\"isPartOf\":{\"@id\":\"https:\\\/\\\/nordlube.ee\\\/#website\"},\"primaryImageOfPage\":{\"@id\":\"https:\\\/\\\/nordlube.ee\\\/toode\\\/mpm-hand-cleaner-star-special\\\/#primaryimage\"},\"image\":{\"@id\":\"https:\\\/\\\/nordlube.ee\\\/toode\\\/mpm-hand-cleaner-star-special\\\/#primaryimage\"},\"thumbnailUrl\":\"https:\\\/\\\/nordlube.ee\\\/wp-content\\\/uploads\\\/2023\\\/11\\\/10300.png\",\"datePublished\":\"2023-11-24T12:54:58+00:00\",\"dateModified\":\"2024-12-16T10:07:06+00:00\",\"breadcrumb\":{\"@id\":\"https:\\\/\\\/nordlube.ee\\\/toode\\\/mpm-hand-cleaner-star-special\\\/#breadcrumb\"},\"inLanguage\":\"en-US\",\"potentialAction\":[{\"@type\":\"ReadAction\",\"target\":[\"https:\\\/\\\/nordlube.ee\\\/toode\\\/mpm-hand-cleaner-star-special\\\/\"]}]},{\"@type\":\"ImageObject\",\"inLanguage\":\"en-US\",\"@id\":\"https:\\\/\\\/nordlube.ee\\\/toode\\\/mpm-hand-cleaner-star-special\\\/#primaryimage\",\"url\":\"https:\\\/\\\/nordlube.ee\\\/wp-content\\\/uploads\\\/2023\\\/11\\\/10300.png\",\"contentUrl\":\"https:\\\/\\\/nordlube.ee\\\/wp-content\\\/uploads\\\/2023\\\/11\\\/10300.png\",\"width\":720,\"height\":720},{\"@type\":\"BreadcrumbList\",\"@id\":\"https:\\\/\\\/nordlube.ee\\\/toode\\\/mpm-hand-cleaner-star-special\\\/#breadcrumb\",\"itemListElement\":[{\"@type\":\"ListItem\",\"position\":1,\"name\":\"Home\",\"item\":\"https:\\\/\\\/nordlube.ee\\\/en\\\/\"},{\"@type\":\"ListItem\",\"position\":2,\"name\":\"Products\",\"item\":\"https:\\\/\\\/nordlube.ee\\\/tooted\\\/\"},{\"@type\":\"ListItem\",\"position\":3,\"name\":\"MPM Hand Cleaner Star Special\"}]},{\"@type\":\"WebSite\",\"@id\":\"https:\\\/\\\/nordlube.ee\\\/#website\",\"url\":\"https:\\\/\\\/nordlube.ee\\\/\",\"name\":\"Nordlube\",\"description\":\"NESTE Lubricants ametlik esindaja Eestis\",\"potentialAction\":[{\"@type\":\"SearchAction\",\"target\":{\"@type\":\"EntryPoint\",\"urlTemplate\":\"https:\\\/\\\/nordlube.ee\\\/?s={search_term_string}\"},\"query-input\":{\"@type\":\"PropertyValueSpecification\",\"valueRequired\":true,\"valueName\":\"search_term_string\"}}],\"inLanguage\":\"en-US\"}]}<\/script>\n<!-- \/ Yoast SEO plugin. -->","yoast_head_json":{"title":"MPM Hand Cleaner Star Special - Nordlube","robots":{"index":"index","follow":"follow","max-snippet":"max-snippet:-1","max-image-preview":"max-image-preview:large","max-video-preview":"max-video-preview:-1"},"canonical":"https:\/\/nordlube.ee\/toode\/mpm-hand-cleaner-star-special\/","og_locale":"en_US","og_type":"article","og_title":"MPM Hand Cleaner Star Special - Nordlube","og_description":"K\u00e4tepuhastusvahend\u00a0Star Special.K\u00f5rge kvaliteediga lahustivaba k\u00e4tepuhastusvahend sisaldab nahahoolduse komponente ning naha- ja keskkonnas\u00f5bralikke abrasiive. MPM k\u00e4tepuhastusvahend Star Special on spetsiaalselt v\u00e4lja t\u00f6\u00f6tatud keskmise ja tugeva mustuse eemaldamiseks. T\u00e4nu oma unikaalsele koostisele ei \u00e4rrita see nahka ka sagedasel kasutamisel. K\u00e4tepuhastusvahend puhastab ja hooldab k\u00e4si, see on dermetoloogiliselt testitud, neutraalse pH tasemega ning kuni 80%osas biolagunev.","og_url":"https:\/\/nordlube.ee\/toode\/mpm-hand-cleaner-star-special\/","og_site_name":"Nordlube","article_modified_time":"2024-12-16T10:07:06+00:00","og_image":[{"width":720,"height":720,"url":"https:\/\/nordlube.ee\/wp-content\/uploads\/2023\/11\/10300.png","type":"image\/png"}],"twitter_card":"summary_large_image","schema":{"@context":"https:\/\/schema.org","@graph":[{"@type":"WebPage","@id":"https:\/\/nordlube.ee\/toode\/mpm-hand-cleaner-star-special\/","url":"https:\/\/nordlube.ee\/toode\/mpm-hand-cleaner-star-special\/","name":"MPM Hand Cleaner Star Special - Nordlube","isPartOf":{"@id":"https:\/\/nordlube.ee\/#website"},"primaryImageOfPage":{"@id":"https:\/\/nordlube.ee\/toode\/mpm-hand-cleaner-star-special\/#primaryimage"},"image":{"@id":"https:\/\/nordlube.ee\/toode\/mpm-hand-cleaner-star-special\/#primaryimage"},"thumbnailUrl":"https:\/\/nordlube.ee\/wp-content\/uploads\/2023\/11\/10300.png","datePublished":"2023-11-24T12:54:58+00:00","dateModified":"2024-12-16T10:07:06+00:00","breadcrumb":{"@id":"https:\/\/nordlube.ee\/toode\/mpm-hand-cleaner-star-special\/#breadcrumb"},"inLanguage":"en-US","potentialAction":[{"@type":"ReadAction","target":["https:\/\/nordlube.ee\/toode\/mpm-hand-cleaner-star-special\/"]}]},{"@type":"ImageObject","inLanguage":"en-US","@id":"https:\/\/nordlube.ee\/toode\/mpm-hand-cleaner-star-special\/#primaryimage","url":"https:\/\/nordlube.ee\/wp-content\/uploads\/2023\/11\/10300.png","contentUrl":"https:\/\/nordlube.ee\/wp-content\/uploads\/2023\/11\/10300.png","width":720,"height":720},{"@type":"BreadcrumbList","@id":"https:\/\/nordlube.ee\/toode\/mpm-hand-cleaner-star-special\/#breadcrumb","itemListElement":[{"@type":"ListItem","position":1,"name":"Home","item":"https:\/\/nordlube.ee\/en\/"},{"@type":"ListItem","position":2,"name":"Products","item":"https:\/\/nordlube.ee\/tooted\/"},{"@type":"ListItem","position":3,"name":"MPM Hand Cleaner Star Special"}]},{"@type":"WebSite","@id":"https:\/\/nordlube.ee\/#website","url":"https:\/\/nordlube.ee\/","name":"Nordlube","description":"NESTE Lubricants ametlik esindaja Eestis","potentialAction":[{"@type":"SearchAction","target":{"@type":"EntryPoint","urlTemplate":"https:\/\/nordlube.ee\/?s={search_term_string}"},"query-input":{"@type":"PropertyValueSpecification","valueRequired":true,"valueName":"search_term_string"}}],"inLanguage":"en-US"}]}},"_links":{"self":[{"href":"https:\/\/nordlube.ee\/en\/wp-json\/wp\/v2\/product\/2432","targetHints":{"allow":["GET"]}}],"collection":[{"href":"https:\/\/nordlube.ee\/en\/wp-json\/wp\/v2\/product"}],"about":[{"href":"https:\/\/nordlube.ee\/en\/wp-json\/wp\/v2\/types\/product"}],"wp:featuredmedia":[{"embeddable":true,"href":"https:\/\/nordlube.ee\/en\/wp-json\/wp\/v2\/media\/1967"}],"wp:attachment":[{"href":"https:\/\/nordlube.ee\/en\/wp-json\/wp\/v2\/media?parent=2432"}],"wp:term":[{"taxonomy":"product_brand","embeddable":true,"href":"https:\/\/nordlube.ee\/en\/wp-json\/wp\/v2\/product_brand?post=2432"},{"taxonomy":"product_cat","embeddable":true,"href":"https:\/\/nordlube.ee\/en\/wp-json\/wp\/v2\/product_cat?post=2432"},{"taxonomy":"product_tag","embeddable":true,"href":"https:\/\/nordlube.ee\/en\/wp-json\/wp\/v2\/product_tag?post=2432"}],"curies":[{"name":"wp","href":"https:\/\/api.w.org\/{rel}","templated":true}]}}