{"id":2395,"date":"2023-11-24T15:54:49","date_gmt":"2023-11-24T12:54:49","guid":{"rendered":"https:\/\/nordlube.ee\/toode\/mpm-coolant-36c-ready-to-use\/"},"modified":"2024-12-16T13:07:05","modified_gmt":"2024-12-16T10:07:05","slug":"mpm-coolant-36c-ready-to-use","status":"publish","type":"product","link":"https:\/\/nordlube.ee\/en\/product\/mpm-coolant-36c-ready-to-use\/","title":{"rendered":"MPM Coolant -36\u00b0C Ready to Use"},"content":{"rendered":"<p>Jahutusvedelik BS 6580kasutamiseks kuni temperatuurini -36\u00b0C.Standardset ja kuni -36\u00b0C temperatuuril kasutatavat jahutusvedelikku v\u00f5ib bensiini- ja diiselmootorite jahutuss\u00fcsteemides kasutada aastaringselt. Jahutusvedelikku ei pea lahjendama ning see kaitseb k\u00fclmumise eest kuni temperatuurini -36\u00b0C.Vastab spetsifikatsioonidele:AFNOR NF R 15-601ASTM D3306BS 6580SAE J 1034<\/p>\n","protected":false},"excerpt":{"rendered":"<p>Jahutusvedelik BS 6580kasutamiseks kuni temperatuurini -36\u00b0C.Standardset ja kuni -36\u00b0C temperatuuril kasutatavat jahutusvedelikku v\u00f5ib bensiini- ja diiselmootorite jahutuss\u00fcsteemides kasutada aastaringselt. Jahutusvedelikku ei pea lahjendama ning see kaitseb k\u00fclmumise eest kuni temperatuurini -36\u00b0C.Vastab spetsifikatsioonidele:AFNOR NF R 15-601ASTM D3306BS 6580SAE J 1034<\/p>\n","protected":false},"featured_media":1928,"template":"","meta":{"_acf_changed":false},"product_brand":[504],"product_cat":[513,206,514],"product_tag":[],"class_list":{"0":"post-2395","1":"product","2":"type-product","3":"status-publish","4":"has-post-thumbnail","6":"product_appliance-autoolid","7":"product_brand-mpm-oil","8":"product_cat-coolants-et","9":"product_cat-other-et","10":"product_cat-ready-to-use-et","11":"pa_maht-1-l-et","12":"pa_maht-20-l-et","13":"pa_maht-5-l-et","15":"first","16":"instock","17":"taxable","18":"shipping-taxable","19":"purchasable","20":"product-type-variable"},"acf":[],"yoast_head":"<!-- This site is optimized with the Yoast SEO plugin v27.4 - https:\/\/yoast.com\/product\/yoast-seo-wordpress\/ -->\n<title>MPM Coolant -36\u00b0C Ready to Use - Nordlube<\/title>\n<meta name=\"robots\" content=\"index, follow, max-snippet:-1, max-image-preview:large, max-video-preview:-1\" \/>\n<link rel=\"canonical\" href=\"https:\/\/nordlube.ee\/toode\/mpm-coolant-36c-ready-to-use\/\" \/>\n<meta property=\"og:locale\" content=\"en_US\" \/>\n<meta property=\"og:type\" content=\"article\" \/>\n<meta property=\"og:title\" content=\"MPM Coolant -36\u00b0C Ready to Use - Nordlube\" \/>\n<meta property=\"og:description\" content=\"Jahutusvedelik BS 6580kasutamiseks kuni temperatuurini -36\u00b0C.Standardset ja kuni -36\u00b0C temperatuuril kasutatavat jahutusvedelikku v\u00f5ib bensiini- ja diiselmootorite jahutuss\u00fcsteemides kasutada aastaringselt. Jahutusvedelikku ei pea lahjendama ning see kaitseb k\u00fclmumise eest kuni temperatuurini -36\u00b0C.Vastab spetsifikatsioonidele:AFNOR NF R 15-601ASTM D3306BS 6580SAE J 1034\" \/>\n<meta property=\"og:url\" content=\"https:\/\/nordlube.ee\/toode\/mpm-coolant-36c-ready-to-use\/\" \/>\n<meta property=\"og:site_name\" content=\"Nordlube\" \/>\n<meta property=\"article:modified_time\" content=\"2024-12-16T10:07:05+00:00\" \/>\n<meta property=\"og:image\" content=\"https:\/\/nordlube.ee\/wp-content\/uploads\/2023\/11\/83000-1024x1024.png\" \/>\n\t<meta property=\"og:image:width\" content=\"1024\" \/>\n\t<meta property=\"og:image:height\" content=\"1024\" \/>\n\t<meta property=\"og:image:type\" content=\"image\/png\" \/>\n<meta name=\"twitter:card\" content=\"summary_large_image\" \/>\n<script type=\"application\/ld+json\" class=\"yoast-schema-graph\">{\"@context\":\"https:\\\/\\\/schema.org\",\"@graph\":[{\"@type\":\"WebPage\",\"@id\":\"https:\\\/\\\/nordlube.ee\\\/toode\\\/mpm-coolant-36c-ready-to-use\\\/\",\"url\":\"https:\\\/\\\/nordlube.ee\\\/toode\\\/mpm-coolant-36c-ready-to-use\\\/\",\"name\":\"MPM Coolant -36\u00b0C Ready to Use - Nordlube\",\"isPartOf\":{\"@id\":\"https:\\\/\\\/nordlube.ee\\\/#website\"},\"primaryImageOfPage\":{\"@id\":\"https:\\\/\\\/nordlube.ee\\\/toode\\\/mpm-coolant-36c-ready-to-use\\\/#primaryimage\"},\"image\":{\"@id\":\"https:\\\/\\\/nordlube.ee\\\/toode\\\/mpm-coolant-36c-ready-to-use\\\/#primaryimage\"},\"thumbnailUrl\":\"https:\\\/\\\/nordlube.ee\\\/wp-content\\\/uploads\\\/2023\\\/11\\\/83000.png\",\"datePublished\":\"2023-11-24T12:54:49+00:00\",\"dateModified\":\"2024-12-16T10:07:05+00:00\",\"breadcrumb\":{\"@id\":\"https:\\\/\\\/nordlube.ee\\\/toode\\\/mpm-coolant-36c-ready-to-use\\\/#breadcrumb\"},\"inLanguage\":\"en-US\",\"potentialAction\":[{\"@type\":\"ReadAction\",\"target\":[\"https:\\\/\\\/nordlube.ee\\\/toode\\\/mpm-coolant-36c-ready-to-use\\\/\"]}]},{\"@type\":\"ImageObject\",\"inLanguage\":\"en-US\",\"@id\":\"https:\\\/\\\/nordlube.ee\\\/toode\\\/mpm-coolant-36c-ready-to-use\\\/#primaryimage\",\"url\":\"https:\\\/\\\/nordlube.ee\\\/wp-content\\\/uploads\\\/2023\\\/11\\\/83000.png\",\"contentUrl\":\"https:\\\/\\\/nordlube.ee\\\/wp-content\\\/uploads\\\/2023\\\/11\\\/83000.png\",\"width\":2635,\"height\":2635},{\"@type\":\"BreadcrumbList\",\"@id\":\"https:\\\/\\\/nordlube.ee\\\/toode\\\/mpm-coolant-36c-ready-to-use\\\/#breadcrumb\",\"itemListElement\":[{\"@type\":\"ListItem\",\"position\":1,\"name\":\"Home\",\"item\":\"https:\\\/\\\/nordlube.ee\\\/en\\\/\"},{\"@type\":\"ListItem\",\"position\":2,\"name\":\"Products\",\"item\":\"https:\\\/\\\/nordlube.ee\\\/tooted\\\/\"},{\"@type\":\"ListItem\",\"position\":3,\"name\":\"MPM Coolant -36\u00b0C Ready to Use\"}]},{\"@type\":\"WebSite\",\"@id\":\"https:\\\/\\\/nordlube.ee\\\/#website\",\"url\":\"https:\\\/\\\/nordlube.ee\\\/\",\"name\":\"Nordlube\",\"description\":\"NESTE Lubricants ametlik esindaja Eestis\",\"potentialAction\":[{\"@type\":\"SearchAction\",\"target\":{\"@type\":\"EntryPoint\",\"urlTemplate\":\"https:\\\/\\\/nordlube.ee\\\/?s={search_term_string}\"},\"query-input\":{\"@type\":\"PropertyValueSpecification\",\"valueRequired\":true,\"valueName\":\"search_term_string\"}}],\"inLanguage\":\"en-US\"}]}<\/script>\n<!-- \/ Yoast SEO plugin. -->","yoast_head_json":{"title":"MPM Coolant -36\u00b0C Ready to Use - Nordlube","robots":{"index":"index","follow":"follow","max-snippet":"max-snippet:-1","max-image-preview":"max-image-preview:large","max-video-preview":"max-video-preview:-1"},"canonical":"https:\/\/nordlube.ee\/toode\/mpm-coolant-36c-ready-to-use\/","og_locale":"en_US","og_type":"article","og_title":"MPM Coolant -36\u00b0C Ready to Use - Nordlube","og_description":"Jahutusvedelik BS 6580kasutamiseks kuni temperatuurini -36\u00b0C.Standardset ja kuni -36\u00b0C temperatuuril kasutatavat jahutusvedelikku v\u00f5ib bensiini- ja diiselmootorite jahutuss\u00fcsteemides kasutada aastaringselt. Jahutusvedelikku ei pea lahjendama ning see kaitseb k\u00fclmumise eest kuni temperatuurini -36\u00b0C.Vastab spetsifikatsioonidele:AFNOR NF R 15-601ASTM D3306BS 6580SAE J 1034","og_url":"https:\/\/nordlube.ee\/toode\/mpm-coolant-36c-ready-to-use\/","og_site_name":"Nordlube","article_modified_time":"2024-12-16T10:07:05+00:00","og_image":[{"width":1024,"height":1024,"url":"https:\/\/nordlube.ee\/wp-content\/uploads\/2023\/11\/83000-1024x1024.png","type":"image\/png"}],"twitter_card":"summary_large_image","schema":{"@context":"https:\/\/schema.org","@graph":[{"@type":"WebPage","@id":"https:\/\/nordlube.ee\/toode\/mpm-coolant-36c-ready-to-use\/","url":"https:\/\/nordlube.ee\/toode\/mpm-coolant-36c-ready-to-use\/","name":"MPM Coolant -36\u00b0C Ready to Use - Nordlube","isPartOf":{"@id":"https:\/\/nordlube.ee\/#website"},"primaryImageOfPage":{"@id":"https:\/\/nordlube.ee\/toode\/mpm-coolant-36c-ready-to-use\/#primaryimage"},"image":{"@id":"https:\/\/nordlube.ee\/toode\/mpm-coolant-36c-ready-to-use\/#primaryimage"},"thumbnailUrl":"https:\/\/nordlube.ee\/wp-content\/uploads\/2023\/11\/83000.png","datePublished":"2023-11-24T12:54:49+00:00","dateModified":"2024-12-16T10:07:05+00:00","breadcrumb":{"@id":"https:\/\/nordlube.ee\/toode\/mpm-coolant-36c-ready-to-use\/#breadcrumb"},"inLanguage":"en-US","potentialAction":[{"@type":"ReadAction","target":["https:\/\/nordlube.ee\/toode\/mpm-coolant-36c-ready-to-use\/"]}]},{"@type":"ImageObject","inLanguage":"en-US","@id":"https:\/\/nordlube.ee\/toode\/mpm-coolant-36c-ready-to-use\/#primaryimage","url":"https:\/\/nordlube.ee\/wp-content\/uploads\/2023\/11\/83000.png","contentUrl":"https:\/\/nordlube.ee\/wp-content\/uploads\/2023\/11\/83000.png","width":2635,"height":2635},{"@type":"BreadcrumbList","@id":"https:\/\/nordlube.ee\/toode\/mpm-coolant-36c-ready-to-use\/#breadcrumb","itemListElement":[{"@type":"ListItem","position":1,"name":"Home","item":"https:\/\/nordlube.ee\/en\/"},{"@type":"ListItem","position":2,"name":"Products","item":"https:\/\/nordlube.ee\/tooted\/"},{"@type":"ListItem","position":3,"name":"MPM Coolant -36\u00b0C Ready to Use"}]},{"@type":"WebSite","@id":"https:\/\/nordlube.ee\/#website","url":"https:\/\/nordlube.ee\/","name":"Nordlube","description":"NESTE Lubricants ametlik esindaja Eestis","potentialAction":[{"@type":"SearchAction","target":{"@type":"EntryPoint","urlTemplate":"https:\/\/nordlube.ee\/?s={search_term_string}"},"query-input":{"@type":"PropertyValueSpecification","valueRequired":true,"valueName":"search_term_string"}}],"inLanguage":"en-US"}]}},"_links":{"self":[{"href":"https:\/\/nordlube.ee\/en\/wp-json\/wp\/v2\/product\/2395","targetHints":{"allow":["GET"]}}],"collection":[{"href":"https:\/\/nordlube.ee\/en\/wp-json\/wp\/v2\/product"}],"about":[{"href":"https:\/\/nordlube.ee\/en\/wp-json\/wp\/v2\/types\/product"}],"wp:featuredmedia":[{"embeddable":true,"href":"https:\/\/nordlube.ee\/en\/wp-json\/wp\/v2\/media\/1928"}],"wp:attachment":[{"href":"https:\/\/nordlube.ee\/en\/wp-json\/wp\/v2\/media?parent=2395"}],"wp:term":[{"taxonomy":"product_brand","embeddable":true,"href":"https:\/\/nordlube.ee\/en\/wp-json\/wp\/v2\/product_brand?post=2395"},{"taxonomy":"product_cat","embeddable":true,"href":"https:\/\/nordlube.ee\/en\/wp-json\/wp\/v2\/product_cat?post=2395"},{"taxonomy":"product_tag","embeddable":true,"href":"https:\/\/nordlube.ee\/en\/wp-json\/wp\/v2\/product_tag?post=2395"}],"curies":[{"name":"wp","href":"https:\/\/api.w.org\/{rel}","templated":true}]}}