{"id":2386,"date":"2023-11-24T15:54:49","date_gmt":"2023-11-24T12:54:49","guid":{"rendered":"https:\/\/nordlube.ee\/toode\/mpm-copper-grease\/"},"modified":"2024-12-16T13:07:04","modified_gmt":"2024-12-16T10:07:04","slug":"mpm-copper-grease","status":"publish","type":"product","link":"https:\/\/nordlube.ee\/en\/product\/mpm-copper-grease\/","title":{"rendered":"MPM Copper Grease"},"content":{"rendered":"<p>Vaskm\u00e4\u00e4rdeaine.K\u00f5rge tilkumistasemega vaskm\u00e4\u00e4rdeaine on spetsiaalne l\u00f5dvendamise ja montaa\u017ai \u00fchend, mis on v\u00e4lja t\u00f6\u00f6tatud kasutamiseks keermestatud \u00fchenduste ja tihendite vahel. Sobib suurep\u00e4raselt kasutamiseks k\u00f5rge h\u00f5\u00f5rdumisastme ja k\u00f5rgete temperatuuride juures.<\/p>\n","protected":false},"excerpt":{"rendered":"<p>Vaskm\u00e4\u00e4rdeaine.K\u00f5rge tilkumistasemega vaskm\u00e4\u00e4rdeaine on spetsiaalne l\u00f5dvendamise ja montaa\u017ai \u00fchend, mis on v\u00e4lja t\u00f6\u00f6tatud kasutamiseks keermestatud \u00fchenduste ja tihendite vahel. Sobib suurep\u00e4raselt kasutamiseks k\u00f5rge h\u00f5\u00f5rdumisastme ja k\u00f5rgete temperatuuride juures.<\/p>\n","protected":false},"featured_media":1909,"template":"","meta":{"_acf_changed":false},"product_brand":[504],"product_cat":[537,206],"product_tag":[],"class_list":{"0":"post-2386","1":"product","2":"type-product","3":"status-publish","4":"has-post-thumbnail","6":"product_brand-mpm-oil","7":"product_cat-greases-et","8":"product_cat-other-et","9":"pa_maht-500-g-et","11":"first","12":"instock","13":"taxable","14":"shipping-taxable","15":"purchasable","16":"product-type-simple"},"acf":[],"yoast_head":"<!-- This site is optimized with the Yoast SEO plugin v27.3 - https:\/\/yoast.com\/product\/yoast-seo-wordpress\/ -->\n<title>MPM Copper Grease - Nordlube<\/title>\n<meta name=\"robots\" content=\"index, follow, max-snippet:-1, max-image-preview:large, max-video-preview:-1\" \/>\n<link rel=\"canonical\" href=\"https:\/\/nordlube.ee\/toode\/mpm-copper-grease\/\" \/>\n<meta property=\"og:locale\" content=\"en_US\" \/>\n<meta property=\"og:type\" content=\"article\" \/>\n<meta property=\"og:title\" content=\"MPM Copper Grease - Nordlube\" \/>\n<meta property=\"og:description\" content=\"Vaskm\u00e4\u00e4rdeaine.K\u00f5rge tilkumistasemega vaskm\u00e4\u00e4rdeaine on spetsiaalne l\u00f5dvendamise ja montaa\u017ai \u00fchend, mis on v\u00e4lja t\u00f6\u00f6tatud kasutamiseks keermestatud \u00fchenduste ja tihendite vahel. Sobib suurep\u00e4raselt kasutamiseks k\u00f5rge h\u00f5\u00f5rdumisastme ja k\u00f5rgete temperatuuride juures.\" \/>\n<meta property=\"og:url\" content=\"https:\/\/nordlube.ee\/toode\/mpm-copper-grease\/\" \/>\n<meta property=\"og:site_name\" content=\"Nordlube\" \/>\n<meta property=\"article:modified_time\" content=\"2024-12-16T10:07:04+00:00\" \/>\n<meta property=\"og:image\" content=\"https:\/\/nordlube.ee\/wp-content\/uploads\/2023\/11\/63000_63001.png\" \/>\n\t<meta property=\"og:image:width\" content=\"1176\" \/>\n\t<meta property=\"og:image:height\" content=\"1176\" \/>\n\t<meta property=\"og:image:type\" content=\"image\/png\" \/>\n<meta name=\"twitter:card\" content=\"summary_large_image\" \/>\n<script type=\"application\/ld+json\" class=\"yoast-schema-graph\">{\"@context\":\"https:\\\/\\\/schema.org\",\"@graph\":[{\"@type\":\"WebPage\",\"@id\":\"https:\\\/\\\/nordlube.ee\\\/toode\\\/mpm-copper-grease\\\/\",\"url\":\"https:\\\/\\\/nordlube.ee\\\/toode\\\/mpm-copper-grease\\\/\",\"name\":\"MPM Copper Grease - Nordlube\",\"isPartOf\":{\"@id\":\"https:\\\/\\\/nordlube.ee\\\/#website\"},\"primaryImageOfPage\":{\"@id\":\"https:\\\/\\\/nordlube.ee\\\/toode\\\/mpm-copper-grease\\\/#primaryimage\"},\"image\":{\"@id\":\"https:\\\/\\\/nordlube.ee\\\/toode\\\/mpm-copper-grease\\\/#primaryimage\"},\"thumbnailUrl\":\"https:\\\/\\\/nordlube.ee\\\/wp-content\\\/uploads\\\/2023\\\/11\\\/63000_63001.png\",\"datePublished\":\"2023-11-24T12:54:49+00:00\",\"dateModified\":\"2024-12-16T10:07:04+00:00\",\"breadcrumb\":{\"@id\":\"https:\\\/\\\/nordlube.ee\\\/toode\\\/mpm-copper-grease\\\/#breadcrumb\"},\"inLanguage\":\"en-US\",\"potentialAction\":[{\"@type\":\"ReadAction\",\"target\":[\"https:\\\/\\\/nordlube.ee\\\/toode\\\/mpm-copper-grease\\\/\"]}]},{\"@type\":\"ImageObject\",\"inLanguage\":\"en-US\",\"@id\":\"https:\\\/\\\/nordlube.ee\\\/toode\\\/mpm-copper-grease\\\/#primaryimage\",\"url\":\"https:\\\/\\\/nordlube.ee\\\/wp-content\\\/uploads\\\/2023\\\/11\\\/63000_63001.png\",\"contentUrl\":\"https:\\\/\\\/nordlube.ee\\\/wp-content\\\/uploads\\\/2023\\\/11\\\/63000_63001.png\",\"width\":1176,\"height\":1176},{\"@type\":\"BreadcrumbList\",\"@id\":\"https:\\\/\\\/nordlube.ee\\\/toode\\\/mpm-copper-grease\\\/#breadcrumb\",\"itemListElement\":[{\"@type\":\"ListItem\",\"position\":1,\"name\":\"Home\",\"item\":\"https:\\\/\\\/nordlube.ee\\\/en\\\/\"},{\"@type\":\"ListItem\",\"position\":2,\"name\":\"Products\",\"item\":\"https:\\\/\\\/nordlube.ee\\\/tooted\\\/\"},{\"@type\":\"ListItem\",\"position\":3,\"name\":\"MPM Copper Grease\"}]},{\"@type\":\"WebSite\",\"@id\":\"https:\\\/\\\/nordlube.ee\\\/#website\",\"url\":\"https:\\\/\\\/nordlube.ee\\\/\",\"name\":\"Nordlube\",\"description\":\"NESTE Lubricants ametlik esindaja Eestis\",\"potentialAction\":[{\"@type\":\"SearchAction\",\"target\":{\"@type\":\"EntryPoint\",\"urlTemplate\":\"https:\\\/\\\/nordlube.ee\\\/?s={search_term_string}\"},\"query-input\":{\"@type\":\"PropertyValueSpecification\",\"valueRequired\":true,\"valueName\":\"search_term_string\"}}],\"inLanguage\":\"en-US\"}]}<\/script>\n<!-- \/ Yoast SEO plugin. -->","yoast_head_json":{"title":"MPM Copper Grease - Nordlube","robots":{"index":"index","follow":"follow","max-snippet":"max-snippet:-1","max-image-preview":"max-image-preview:large","max-video-preview":"max-video-preview:-1"},"canonical":"https:\/\/nordlube.ee\/toode\/mpm-copper-grease\/","og_locale":"en_US","og_type":"article","og_title":"MPM Copper Grease - Nordlube","og_description":"Vaskm\u00e4\u00e4rdeaine.K\u00f5rge tilkumistasemega vaskm\u00e4\u00e4rdeaine on spetsiaalne l\u00f5dvendamise ja montaa\u017ai \u00fchend, mis on v\u00e4lja t\u00f6\u00f6tatud kasutamiseks keermestatud \u00fchenduste ja tihendite vahel. Sobib suurep\u00e4raselt kasutamiseks k\u00f5rge h\u00f5\u00f5rdumisastme ja k\u00f5rgete temperatuuride juures.","og_url":"https:\/\/nordlube.ee\/toode\/mpm-copper-grease\/","og_site_name":"Nordlube","article_modified_time":"2024-12-16T10:07:04+00:00","og_image":[{"width":1176,"height":1176,"url":"https:\/\/nordlube.ee\/wp-content\/uploads\/2023\/11\/63000_63001.png","type":"image\/png"}],"twitter_card":"summary_large_image","schema":{"@context":"https:\/\/schema.org","@graph":[{"@type":"WebPage","@id":"https:\/\/nordlube.ee\/toode\/mpm-copper-grease\/","url":"https:\/\/nordlube.ee\/toode\/mpm-copper-grease\/","name":"MPM Copper Grease - Nordlube","isPartOf":{"@id":"https:\/\/nordlube.ee\/#website"},"primaryImageOfPage":{"@id":"https:\/\/nordlube.ee\/toode\/mpm-copper-grease\/#primaryimage"},"image":{"@id":"https:\/\/nordlube.ee\/toode\/mpm-copper-grease\/#primaryimage"},"thumbnailUrl":"https:\/\/nordlube.ee\/wp-content\/uploads\/2023\/11\/63000_63001.png","datePublished":"2023-11-24T12:54:49+00:00","dateModified":"2024-12-16T10:07:04+00:00","breadcrumb":{"@id":"https:\/\/nordlube.ee\/toode\/mpm-copper-grease\/#breadcrumb"},"inLanguage":"en-US","potentialAction":[{"@type":"ReadAction","target":["https:\/\/nordlube.ee\/toode\/mpm-copper-grease\/"]}]},{"@type":"ImageObject","inLanguage":"en-US","@id":"https:\/\/nordlube.ee\/toode\/mpm-copper-grease\/#primaryimage","url":"https:\/\/nordlube.ee\/wp-content\/uploads\/2023\/11\/63000_63001.png","contentUrl":"https:\/\/nordlube.ee\/wp-content\/uploads\/2023\/11\/63000_63001.png","width":1176,"height":1176},{"@type":"BreadcrumbList","@id":"https:\/\/nordlube.ee\/toode\/mpm-copper-grease\/#breadcrumb","itemListElement":[{"@type":"ListItem","position":1,"name":"Home","item":"https:\/\/nordlube.ee\/en\/"},{"@type":"ListItem","position":2,"name":"Products","item":"https:\/\/nordlube.ee\/tooted\/"},{"@type":"ListItem","position":3,"name":"MPM Copper Grease"}]},{"@type":"WebSite","@id":"https:\/\/nordlube.ee\/#website","url":"https:\/\/nordlube.ee\/","name":"Nordlube","description":"NESTE Lubricants ametlik esindaja Eestis","potentialAction":[{"@type":"SearchAction","target":{"@type":"EntryPoint","urlTemplate":"https:\/\/nordlube.ee\/?s={search_term_string}"},"query-input":{"@type":"PropertyValueSpecification","valueRequired":true,"valueName":"search_term_string"}}],"inLanguage":"en-US"}]}},"_links":{"self":[{"href":"https:\/\/nordlube.ee\/en\/wp-json\/wp\/v2\/product\/2386","targetHints":{"allow":["GET"]}}],"collection":[{"href":"https:\/\/nordlube.ee\/en\/wp-json\/wp\/v2\/product"}],"about":[{"href":"https:\/\/nordlube.ee\/en\/wp-json\/wp\/v2\/types\/product"}],"wp:featuredmedia":[{"embeddable":true,"href":"https:\/\/nordlube.ee\/en\/wp-json\/wp\/v2\/media\/1909"}],"wp:attachment":[{"href":"https:\/\/nordlube.ee\/en\/wp-json\/wp\/v2\/media?parent=2386"}],"wp:term":[{"taxonomy":"product_brand","embeddable":true,"href":"https:\/\/nordlube.ee\/en\/wp-json\/wp\/v2\/product_brand?post=2386"},{"taxonomy":"product_cat","embeddable":true,"href":"https:\/\/nordlube.ee\/en\/wp-json\/wp\/v2\/product_cat?post=2386"},{"taxonomy":"product_tag","embeddable":true,"href":"https:\/\/nordlube.ee\/en\/wp-json\/wp\/v2\/product_tag?post=2386"}],"curies":[{"name":"wp","href":"https:\/\/api.w.org\/{rel}","templated":true}]}}