{"id":2353,"date":"2023-11-24T15:54:41","date_gmt":"2023-11-24T12:54:41","guid":{"rendered":"https:\/\/nordlube.ee\/toode\/mpm-instant-red-gasket-pressure-pack\/"},"modified":"2024-12-16T13:07:04","modified_gmt":"2024-12-16T10:07:04","slug":"mpm-instant-red-gasket-pressure-pack","status":"publish","type":"product","link":"https:\/\/nordlube.ee\/en\/product\/mpm-instant-red-gasket-pressure-pack\/","title":{"rendered":"MPM Instant Red Gasket (Pressure Pack)"},"content":{"rendered":"<p>MPM tihendusaine \u2018Red\u2019survepakendis.Suurep\u00e4rase \u00f5lit\u00f5rjev\u00f5imega hall tihendusaine on spetsiaalselt v\u00e4lja t\u00f6\u00f6tatud vajalikule kohale tihendi tekitamiseks. Mootoriosakeste tihendeid asendav aine on sobilik kasutamiseks transmissioonis\u00fcsteemi kaantel, silindripea ja karteri katetel, \u00f5li v\u00e4ntv\u00f5llidel, diferentsiaalidel ja veepumpadel.Kauakestva ja kuumakindla \u00fchekomponendlise silikoontihendusaine kuumakindlus ulatub kuni 300\u00b0C-ni. T\u00e4nu oma suurep\u00e4rasele nakkumisv\u00f5imele v\u00f5ib tihendusainet ilma kruntaineta kasutada ka sellistel pindadel nagu anodeeritud alumiinium, klaas ning epoks\u00fc- ja pol\u00fcesterpaneelid. Mugav survepakend v\u00f5imaldab tihendusainet peale kanda kerge vaevaga ja t\u00e4pselt vajalikus koguses.Peale silikooni pealem\u00e4\u00e4rimist k\u00f5veneb see atmosf\u00e4\u00e4ri niiskuse m\u00f5jul ning moodustab vastupidava kummist tihendi. MPM preemiumklassi tihendusainet ei saa \u00fcle v\u00e4rvida ning seda ei soovitata kasutada pol\u00fcet\u00fcleeniga, tefloniga ja pol\u00fcprop\u00fcleeniga kaetud pindadel.\u00a0<\/p>\n","protected":false},"excerpt":{"rendered":"<p>MPM tihendusaine \u2018Red\u2019survepakendis.Suurep\u00e4rase \u00f5lit\u00f5rjev\u00f5imega hall tihendusaine on spetsiaalselt v\u00e4lja t\u00f6\u00f6tatud vajalikule kohale tihendi tekitamiseks. Mootoriosakeste tihendeid asendav aine on sobilik kasutamiseks transmissioonis\u00fcsteemi kaantel, silindripea ja karteri katetel, \u00f5li v\u00e4ntv\u00f5llidel, diferentsiaalidel ja veepumpadel.Kauakestva ja kuumakindla \u00fchekomponendlise silikoontihendusaine kuumakindlus ulatub kuni 300\u00b0C-ni. T\u00e4nu oma suurep\u00e4rasele nakkumisv\u00f5imele v\u00f5ib tihendusainet ilma kruntaineta kasutada ka sellistel pindadel nagu anodeeritud alumiinium, klaas ning epoks\u00fc- ja pol\u00fcesterpaneelid. Mugav survepakend v\u00f5imaldab tihendusainet peale kanda kerge vaevaga ja t\u00e4pselt vajalikus koguses.Peale silikooni pealem\u00e4\u00e4rimist k\u00f5veneb see atmosf\u00e4\u00e4ri niiskuse m\u00f5jul ning moodustab vastupidava kummist tihendi. MPM preemiumklassi tihendusainet ei saa \u00fcle v\u00e4rvida ning seda ei soovitata kasutada pol\u00fcet\u00fcleeniga, tefloniga ja pol\u00fcprop\u00fcleeniga kaetud pindadel.\u00a0<\/p>\n","protected":false},"featured_media":1860,"template":"","meta":{"_acf_changed":false},"product_brand":[504],"product_cat":[206,527],"product_tag":[],"class_list":{"0":"post-2353","1":"product","2":"type-product","3":"status-publish","4":"has-post-thumbnail","6":"product_brand-mpm-oil","7":"product_cat-other-et","8":"product_cat-survepakend","9":"pa_maht-200-ml-et","11":"first","12":"instock","13":"taxable","14":"shipping-taxable","15":"purchasable","16":"product-type-simple"},"acf":[],"yoast_head":"<!-- This site is optimized with the Yoast SEO plugin v27.4 - https:\/\/yoast.com\/product\/yoast-seo-wordpress\/ -->\n<title>MPM Instant Red Gasket (Pressure Pack) - Nordlube<\/title>\n<meta name=\"robots\" content=\"index, follow, max-snippet:-1, max-image-preview:large, max-video-preview:-1\" \/>\n<link rel=\"canonical\" href=\"https:\/\/nordlube.ee\/toode\/mpm-instant-red-gasket-pressure-pack\/\" \/>\n<meta property=\"og:locale\" content=\"en_US\" \/>\n<meta property=\"og:type\" content=\"article\" \/>\n<meta property=\"og:title\" content=\"MPM Instant Red Gasket (Pressure Pack) - Nordlube\" \/>\n<meta property=\"og:description\" content=\"MPM tihendusaine \u2018Red\u2019survepakendis.Suurep\u00e4rase \u00f5lit\u00f5rjev\u00f5imega hall tihendusaine on spetsiaalselt v\u00e4lja t\u00f6\u00f6tatud vajalikule kohale tihendi tekitamiseks. Mootoriosakeste tihendeid asendav aine on sobilik kasutamiseks transmissioonis\u00fcsteemi kaantel, silindripea ja karteri katetel, \u00f5li v\u00e4ntv\u00f5llidel, diferentsiaalidel ja veepumpadel.Kauakestva ja kuumakindla \u00fchekomponendlise silikoontihendusaine kuumakindlus ulatub kuni 300\u00b0C-ni. T\u00e4nu oma suurep\u00e4rasele nakkumisv\u00f5imele v\u00f5ib tihendusainet ilma kruntaineta kasutada ka sellistel pindadel nagu anodeeritud alumiinium, klaas ning epoks\u00fc- ja pol\u00fcesterpaneelid. Mugav survepakend v\u00f5imaldab tihendusainet peale kanda kerge vaevaga ja t\u00e4pselt vajalikus koguses.Peale silikooni pealem\u00e4\u00e4rimist k\u00f5veneb see atmosf\u00e4\u00e4ri niiskuse m\u00f5jul ning moodustab vastupidava kummist tihendi. MPM preemiumklassi tihendusainet ei saa \u00fcle v\u00e4rvida ning seda ei soovitata kasutada pol\u00fcet\u00fcleeniga, tefloniga ja pol\u00fcprop\u00fcleeniga kaetud pindadel.\u00a0\" \/>\n<meta property=\"og:url\" content=\"https:\/\/nordlube.ee\/toode\/mpm-instant-red-gasket-pressure-pack\/\" \/>\n<meta property=\"og:site_name\" content=\"Nordlube\" \/>\n<meta property=\"article:modified_time\" content=\"2024-12-16T10:07:04+00:00\" \/>\n<meta property=\"og:image\" content=\"https:\/\/nordlube.ee\/wp-content\/uploads\/2023\/11\/PP200R.png\" \/>\n\t<meta property=\"og:image:width\" content=\"2441\" \/>\n\t<meta property=\"og:image:height\" content=\"2441\" \/>\n\t<meta property=\"og:image:type\" content=\"image\/png\" \/>\n<meta name=\"twitter:card\" content=\"summary_large_image\" \/>\n<meta name=\"twitter:label1\" content=\"Est. reading time\" \/>\n\t<meta name=\"twitter:data1\" content=\"1 minute\" \/>\n<script type=\"application\/ld+json\" class=\"yoast-schema-graph\">{\"@context\":\"https:\\\/\\\/schema.org\",\"@graph\":[{\"@type\":\"WebPage\",\"@id\":\"https:\\\/\\\/nordlube.ee\\\/toode\\\/mpm-instant-red-gasket-pressure-pack\\\/\",\"url\":\"https:\\\/\\\/nordlube.ee\\\/toode\\\/mpm-instant-red-gasket-pressure-pack\\\/\",\"name\":\"MPM Instant Red Gasket (Pressure Pack) - Nordlube\",\"isPartOf\":{\"@id\":\"https:\\\/\\\/nordlube.ee\\\/#website\"},\"primaryImageOfPage\":{\"@id\":\"https:\\\/\\\/nordlube.ee\\\/toode\\\/mpm-instant-red-gasket-pressure-pack\\\/#primaryimage\"},\"image\":{\"@id\":\"https:\\\/\\\/nordlube.ee\\\/toode\\\/mpm-instant-red-gasket-pressure-pack\\\/#primaryimage\"},\"thumbnailUrl\":\"https:\\\/\\\/nordlube.ee\\\/wp-content\\\/uploads\\\/2023\\\/11\\\/PP200R.png\",\"datePublished\":\"2023-11-24T12:54:41+00:00\",\"dateModified\":\"2024-12-16T10:07:04+00:00\",\"breadcrumb\":{\"@id\":\"https:\\\/\\\/nordlube.ee\\\/toode\\\/mpm-instant-red-gasket-pressure-pack\\\/#breadcrumb\"},\"inLanguage\":\"en-US\",\"potentialAction\":[{\"@type\":\"ReadAction\",\"target\":[\"https:\\\/\\\/nordlube.ee\\\/toode\\\/mpm-instant-red-gasket-pressure-pack\\\/\"]}]},{\"@type\":\"ImageObject\",\"inLanguage\":\"en-US\",\"@id\":\"https:\\\/\\\/nordlube.ee\\\/toode\\\/mpm-instant-red-gasket-pressure-pack\\\/#primaryimage\",\"url\":\"https:\\\/\\\/nordlube.ee\\\/wp-content\\\/uploads\\\/2023\\\/11\\\/PP200R.png\",\"contentUrl\":\"https:\\\/\\\/nordlube.ee\\\/wp-content\\\/uploads\\\/2023\\\/11\\\/PP200R.png\",\"width\":2441,\"height\":2441},{\"@type\":\"BreadcrumbList\",\"@id\":\"https:\\\/\\\/nordlube.ee\\\/toode\\\/mpm-instant-red-gasket-pressure-pack\\\/#breadcrumb\",\"itemListElement\":[{\"@type\":\"ListItem\",\"position\":1,\"name\":\"Home\",\"item\":\"https:\\\/\\\/nordlube.ee\\\/en\\\/\"},{\"@type\":\"ListItem\",\"position\":2,\"name\":\"Products\",\"item\":\"https:\\\/\\\/nordlube.ee\\\/tooted\\\/\"},{\"@type\":\"ListItem\",\"position\":3,\"name\":\"MPM Instant Red Gasket (Pressure Pack)\"}]},{\"@type\":\"WebSite\",\"@id\":\"https:\\\/\\\/nordlube.ee\\\/#website\",\"url\":\"https:\\\/\\\/nordlube.ee\\\/\",\"name\":\"Nordlube\",\"description\":\"NESTE Lubricants ametlik esindaja Eestis\",\"potentialAction\":[{\"@type\":\"SearchAction\",\"target\":{\"@type\":\"EntryPoint\",\"urlTemplate\":\"https:\\\/\\\/nordlube.ee\\\/?s={search_term_string}\"},\"query-input\":{\"@type\":\"PropertyValueSpecification\",\"valueRequired\":true,\"valueName\":\"search_term_string\"}}],\"inLanguage\":\"en-US\"}]}<\/script>\n<!-- \/ Yoast SEO plugin. -->","yoast_head_json":{"title":"MPM Instant Red Gasket (Pressure Pack) - Nordlube","robots":{"index":"index","follow":"follow","max-snippet":"max-snippet:-1","max-image-preview":"max-image-preview:large","max-video-preview":"max-video-preview:-1"},"canonical":"https:\/\/nordlube.ee\/toode\/mpm-instant-red-gasket-pressure-pack\/","og_locale":"en_US","og_type":"article","og_title":"MPM Instant Red Gasket (Pressure Pack) - Nordlube","og_description":"MPM tihendusaine \u2018Red\u2019survepakendis.Suurep\u00e4rase \u00f5lit\u00f5rjev\u00f5imega hall tihendusaine on spetsiaalselt v\u00e4lja t\u00f6\u00f6tatud vajalikule kohale tihendi tekitamiseks. Mootoriosakeste tihendeid asendav aine on sobilik kasutamiseks transmissioonis\u00fcsteemi kaantel, silindripea ja karteri katetel, \u00f5li v\u00e4ntv\u00f5llidel, diferentsiaalidel ja veepumpadel.Kauakestva ja kuumakindla \u00fchekomponendlise silikoontihendusaine kuumakindlus ulatub kuni 300\u00b0C-ni. T\u00e4nu oma suurep\u00e4rasele nakkumisv\u00f5imele v\u00f5ib tihendusainet ilma kruntaineta kasutada ka sellistel pindadel nagu anodeeritud alumiinium, klaas ning epoks\u00fc- ja pol\u00fcesterpaneelid. Mugav survepakend v\u00f5imaldab tihendusainet peale kanda kerge vaevaga ja t\u00e4pselt vajalikus koguses.Peale silikooni pealem\u00e4\u00e4rimist k\u00f5veneb see atmosf\u00e4\u00e4ri niiskuse m\u00f5jul ning moodustab vastupidava kummist tihendi. MPM preemiumklassi tihendusainet ei saa \u00fcle v\u00e4rvida ning seda ei soovitata kasutada pol\u00fcet\u00fcleeniga, tefloniga ja pol\u00fcprop\u00fcleeniga kaetud pindadel.\u00a0","og_url":"https:\/\/nordlube.ee\/toode\/mpm-instant-red-gasket-pressure-pack\/","og_site_name":"Nordlube","article_modified_time":"2024-12-16T10:07:04+00:00","og_image":[{"width":2441,"height":2441,"url":"https:\/\/nordlube.ee\/wp-content\/uploads\/2023\/11\/PP200R.png","type":"image\/png"}],"twitter_card":"summary_large_image","twitter_misc":{"Est. reading time":"1 minute"},"schema":{"@context":"https:\/\/schema.org","@graph":[{"@type":"WebPage","@id":"https:\/\/nordlube.ee\/toode\/mpm-instant-red-gasket-pressure-pack\/","url":"https:\/\/nordlube.ee\/toode\/mpm-instant-red-gasket-pressure-pack\/","name":"MPM Instant Red Gasket (Pressure Pack) - Nordlube","isPartOf":{"@id":"https:\/\/nordlube.ee\/#website"},"primaryImageOfPage":{"@id":"https:\/\/nordlube.ee\/toode\/mpm-instant-red-gasket-pressure-pack\/#primaryimage"},"image":{"@id":"https:\/\/nordlube.ee\/toode\/mpm-instant-red-gasket-pressure-pack\/#primaryimage"},"thumbnailUrl":"https:\/\/nordlube.ee\/wp-content\/uploads\/2023\/11\/PP200R.png","datePublished":"2023-11-24T12:54:41+00:00","dateModified":"2024-12-16T10:07:04+00:00","breadcrumb":{"@id":"https:\/\/nordlube.ee\/toode\/mpm-instant-red-gasket-pressure-pack\/#breadcrumb"},"inLanguage":"en-US","potentialAction":[{"@type":"ReadAction","target":["https:\/\/nordlube.ee\/toode\/mpm-instant-red-gasket-pressure-pack\/"]}]},{"@type":"ImageObject","inLanguage":"en-US","@id":"https:\/\/nordlube.ee\/toode\/mpm-instant-red-gasket-pressure-pack\/#primaryimage","url":"https:\/\/nordlube.ee\/wp-content\/uploads\/2023\/11\/PP200R.png","contentUrl":"https:\/\/nordlube.ee\/wp-content\/uploads\/2023\/11\/PP200R.png","width":2441,"height":2441},{"@type":"BreadcrumbList","@id":"https:\/\/nordlube.ee\/toode\/mpm-instant-red-gasket-pressure-pack\/#breadcrumb","itemListElement":[{"@type":"ListItem","position":1,"name":"Home","item":"https:\/\/nordlube.ee\/en\/"},{"@type":"ListItem","position":2,"name":"Products","item":"https:\/\/nordlube.ee\/tooted\/"},{"@type":"ListItem","position":3,"name":"MPM Instant Red Gasket (Pressure Pack)"}]},{"@type":"WebSite","@id":"https:\/\/nordlube.ee\/#website","url":"https:\/\/nordlube.ee\/","name":"Nordlube","description":"NESTE Lubricants ametlik esindaja Eestis","potentialAction":[{"@type":"SearchAction","target":{"@type":"EntryPoint","urlTemplate":"https:\/\/nordlube.ee\/?s={search_term_string}"},"query-input":{"@type":"PropertyValueSpecification","valueRequired":true,"valueName":"search_term_string"}}],"inLanguage":"en-US"}]}},"_links":{"self":[{"href":"https:\/\/nordlube.ee\/en\/wp-json\/wp\/v2\/product\/2353","targetHints":{"allow":["GET"]}}],"collection":[{"href":"https:\/\/nordlube.ee\/en\/wp-json\/wp\/v2\/product"}],"about":[{"href":"https:\/\/nordlube.ee\/en\/wp-json\/wp\/v2\/types\/product"}],"wp:featuredmedia":[{"embeddable":true,"href":"https:\/\/nordlube.ee\/en\/wp-json\/wp\/v2\/media\/1860"}],"wp:attachment":[{"href":"https:\/\/nordlube.ee\/en\/wp-json\/wp\/v2\/media?parent=2353"}],"wp:term":[{"taxonomy":"product_brand","embeddable":true,"href":"https:\/\/nordlube.ee\/en\/wp-json\/wp\/v2\/product_brand?post=2353"},{"taxonomy":"product_cat","embeddable":true,"href":"https:\/\/nordlube.ee\/en\/wp-json\/wp\/v2\/product_cat?post=2353"},{"taxonomy":"product_tag","embeddable":true,"href":"https:\/\/nordlube.ee\/en\/wp-json\/wp\/v2\/product_tag?post=2353"}],"curies":[{"name":"wp","href":"https:\/\/api.w.org\/{rel}","templated":true}]}}