{"id":2331,"date":"2023-11-24T15:54:35","date_gmt":"2023-11-24T12:54:35","guid":{"rendered":"https:\/\/nordlube.ee\/toode\/mpm-hand-cleaner-plus-yellow\/"},"modified":"2024-12-16T13:07:02","modified_gmt":"2024-12-16T10:07:02","slug":"mpm-hand-cleaner-plus-yellow","status":"publish","type":"product","link":"https:\/\/nordlube.ee\/en\/product\/mpm-hand-cleaner-plus-yellow\/","title":{"rendered":"MPM Hand Cleaner Plus Yellow"},"content":{"rendered":"<p>K\u00e4tepuhastusvahend\u00a0Plus Yellow.K\u00f5rge kvaliteediga k\u00e4tepuhastuspasta on valmistatud apelsiniterpeenide, Aloe Vera ekstraktide, Jojoba estrite ja nahas\u00f5bralike abrasiividebaasil. MPM k\u00e4tepuhastusvahend Plus Yellow on spetsiaalselt v\u00e4lja t\u00f6\u00f6tatud v\u00e4ga tugeva t\u00f6\u00f6stusliku mustuse eemaldamiseks. T\u00e4nu oma unikaalsele koostisele eemaldab see t\u00f5husalt k\u00e4telt selliste ainete j\u00e4\u00e4gid nagu m\u00e4\u00e4rdeained, rasv, v\u00e4rv, lakk, tint, t\u00f5rv, bituumen ja liim. K\u00e4tepuhastusvahend Yellow puhastab ja hooldab k\u00e4si, see on dermetoloogiliselt testitud, neutraalse pH tasemega ning biolagunev.<\/p>\n","protected":false},"excerpt":{"rendered":"<p>K\u00e4tepuhastusvahend\u00a0Plus Yellow.K\u00f5rge kvaliteediga k\u00e4tepuhastuspasta on valmistatud apelsiniterpeenide, Aloe Vera ekstraktide, Jojoba estrite ja nahas\u00f5bralike abrasiividebaasil. MPM k\u00e4tepuhastusvahend Plus Yellow on spetsiaalselt v\u00e4lja t\u00f6\u00f6tatud v\u00e4ga tugeva t\u00f6\u00f6stusliku mustuse eemaldamiseks. T\u00e4nu oma unikaalsele koostisele eemaldab see t\u00f5husalt k\u00e4telt selliste ainete j\u00e4\u00e4gid nagu m\u00e4\u00e4rdeained, rasv, v\u00e4rv, lakk, tint, t\u00f5rv, bituumen ja liim. K\u00e4tepuhastusvahend Yellow puhastab ja hooldab k\u00e4si, see on dermetoloogiliselt testitud, neutraalse pH tasemega ning biolagunev.<\/p>\n","protected":false},"featured_media":1816,"template":"","meta":{"_acf_changed":false},"product_brand":[504],"product_cat":[533,206],"product_tag":[],"class_list":{"0":"post-2331","1":"product","2":"type-product","3":"status-publish","4":"has-post-thumbnail","6":"product_brand-mpm-oil","7":"product_cat-kate-puhastus","8":"product_cat-other-et","9":"pa_maht-10-l-et","10":"pa_maht-45-l-et","11":"pa_maht-600-ml-et","13":"first","14":"instock","15":"taxable","16":"shipping-taxable","17":"purchasable","18":"product-type-simple"},"acf":[],"yoast_head":"<!-- This site is optimized with the Yoast SEO plugin v27.4 - https:\/\/yoast.com\/product\/yoast-seo-wordpress\/ -->\n<title>MPM Hand Cleaner Plus Yellow - Nordlube<\/title>\n<meta name=\"robots\" content=\"index, follow, max-snippet:-1, max-image-preview:large, max-video-preview:-1\" \/>\n<link rel=\"canonical\" href=\"https:\/\/nordlube.ee\/toode\/mpm-hand-cleaner-plus-yellow\/\" \/>\n<meta property=\"og:locale\" content=\"en_US\" \/>\n<meta property=\"og:type\" content=\"article\" \/>\n<meta property=\"og:title\" content=\"MPM Hand Cleaner Plus Yellow - Nordlube\" \/>\n<meta property=\"og:description\" content=\"K\u00e4tepuhastusvahend\u00a0Plus Yellow.K\u00f5rge kvaliteediga k\u00e4tepuhastuspasta on valmistatud apelsiniterpeenide, Aloe Vera ekstraktide, Jojoba estrite ja nahas\u00f5bralike abrasiividebaasil. MPM k\u00e4tepuhastusvahend Plus Yellow on spetsiaalselt v\u00e4lja t\u00f6\u00f6tatud v\u00e4ga tugeva t\u00f6\u00f6stusliku mustuse eemaldamiseks. T\u00e4nu oma unikaalsele koostisele eemaldab see t\u00f5husalt k\u00e4telt selliste ainete j\u00e4\u00e4gid nagu m\u00e4\u00e4rdeained, rasv, v\u00e4rv, lakk, tint, t\u00f5rv, bituumen ja liim. K\u00e4tepuhastusvahend Yellow puhastab ja hooldab k\u00e4si, see on dermetoloogiliselt testitud, neutraalse pH tasemega ning biolagunev.\" \/>\n<meta property=\"og:url\" content=\"https:\/\/nordlube.ee\/toode\/mpm-hand-cleaner-plus-yellow\/\" \/>\n<meta property=\"og:site_name\" content=\"Nordlube\" \/>\n<meta property=\"article:modified_time\" content=\"2024-12-16T10:07:02+00:00\" \/>\n<meta property=\"og:image\" content=\"https:\/\/nordlube.ee\/wp-content\/uploads\/2023\/11\/10200.png\" \/>\n\t<meta property=\"og:image:width\" content=\"720\" \/>\n\t<meta property=\"og:image:height\" content=\"720\" \/>\n\t<meta property=\"og:image:type\" content=\"image\/png\" \/>\n<meta name=\"twitter:card\" content=\"summary_large_image\" \/>\n<script type=\"application\/ld+json\" class=\"yoast-schema-graph\">{\"@context\":\"https:\\\/\\\/schema.org\",\"@graph\":[{\"@type\":\"WebPage\",\"@id\":\"https:\\\/\\\/nordlube.ee\\\/toode\\\/mpm-hand-cleaner-plus-yellow\\\/\",\"url\":\"https:\\\/\\\/nordlube.ee\\\/toode\\\/mpm-hand-cleaner-plus-yellow\\\/\",\"name\":\"MPM Hand Cleaner Plus Yellow - Nordlube\",\"isPartOf\":{\"@id\":\"https:\\\/\\\/nordlube.ee\\\/#website\"},\"primaryImageOfPage\":{\"@id\":\"https:\\\/\\\/nordlube.ee\\\/toode\\\/mpm-hand-cleaner-plus-yellow\\\/#primaryimage\"},\"image\":{\"@id\":\"https:\\\/\\\/nordlube.ee\\\/toode\\\/mpm-hand-cleaner-plus-yellow\\\/#primaryimage\"},\"thumbnailUrl\":\"https:\\\/\\\/nordlube.ee\\\/wp-content\\\/uploads\\\/2023\\\/11\\\/10200.png\",\"datePublished\":\"2023-11-24T12:54:35+00:00\",\"dateModified\":\"2024-12-16T10:07:02+00:00\",\"breadcrumb\":{\"@id\":\"https:\\\/\\\/nordlube.ee\\\/toode\\\/mpm-hand-cleaner-plus-yellow\\\/#breadcrumb\"},\"inLanguage\":\"en-US\",\"potentialAction\":[{\"@type\":\"ReadAction\",\"target\":[\"https:\\\/\\\/nordlube.ee\\\/toode\\\/mpm-hand-cleaner-plus-yellow\\\/\"]}]},{\"@type\":\"ImageObject\",\"inLanguage\":\"en-US\",\"@id\":\"https:\\\/\\\/nordlube.ee\\\/toode\\\/mpm-hand-cleaner-plus-yellow\\\/#primaryimage\",\"url\":\"https:\\\/\\\/nordlube.ee\\\/wp-content\\\/uploads\\\/2023\\\/11\\\/10200.png\",\"contentUrl\":\"https:\\\/\\\/nordlube.ee\\\/wp-content\\\/uploads\\\/2023\\\/11\\\/10200.png\",\"width\":720,\"height\":720},{\"@type\":\"BreadcrumbList\",\"@id\":\"https:\\\/\\\/nordlube.ee\\\/toode\\\/mpm-hand-cleaner-plus-yellow\\\/#breadcrumb\",\"itemListElement\":[{\"@type\":\"ListItem\",\"position\":1,\"name\":\"Home\",\"item\":\"https:\\\/\\\/nordlube.ee\\\/en\\\/\"},{\"@type\":\"ListItem\",\"position\":2,\"name\":\"Products\",\"item\":\"https:\\\/\\\/nordlube.ee\\\/tooted\\\/\"},{\"@type\":\"ListItem\",\"position\":3,\"name\":\"MPM Hand Cleaner Plus Yellow\"}]},{\"@type\":\"WebSite\",\"@id\":\"https:\\\/\\\/nordlube.ee\\\/#website\",\"url\":\"https:\\\/\\\/nordlube.ee\\\/\",\"name\":\"Nordlube\",\"description\":\"NESTE Lubricants ametlik esindaja Eestis\",\"potentialAction\":[{\"@type\":\"SearchAction\",\"target\":{\"@type\":\"EntryPoint\",\"urlTemplate\":\"https:\\\/\\\/nordlube.ee\\\/?s={search_term_string}\"},\"query-input\":{\"@type\":\"PropertyValueSpecification\",\"valueRequired\":true,\"valueName\":\"search_term_string\"}}],\"inLanguage\":\"en-US\"}]}<\/script>\n<!-- \/ Yoast SEO plugin. -->","yoast_head_json":{"title":"MPM Hand Cleaner Plus Yellow - Nordlube","robots":{"index":"index","follow":"follow","max-snippet":"max-snippet:-1","max-image-preview":"max-image-preview:large","max-video-preview":"max-video-preview:-1"},"canonical":"https:\/\/nordlube.ee\/toode\/mpm-hand-cleaner-plus-yellow\/","og_locale":"en_US","og_type":"article","og_title":"MPM Hand Cleaner Plus Yellow - Nordlube","og_description":"K\u00e4tepuhastusvahend\u00a0Plus Yellow.K\u00f5rge kvaliteediga k\u00e4tepuhastuspasta on valmistatud apelsiniterpeenide, Aloe Vera ekstraktide, Jojoba estrite ja nahas\u00f5bralike abrasiividebaasil. MPM k\u00e4tepuhastusvahend Plus Yellow on spetsiaalselt v\u00e4lja t\u00f6\u00f6tatud v\u00e4ga tugeva t\u00f6\u00f6stusliku mustuse eemaldamiseks. T\u00e4nu oma unikaalsele koostisele eemaldab see t\u00f5husalt k\u00e4telt selliste ainete j\u00e4\u00e4gid nagu m\u00e4\u00e4rdeained, rasv, v\u00e4rv, lakk, tint, t\u00f5rv, bituumen ja liim. K\u00e4tepuhastusvahend Yellow puhastab ja hooldab k\u00e4si, see on dermetoloogiliselt testitud, neutraalse pH tasemega ning biolagunev.","og_url":"https:\/\/nordlube.ee\/toode\/mpm-hand-cleaner-plus-yellow\/","og_site_name":"Nordlube","article_modified_time":"2024-12-16T10:07:02+00:00","og_image":[{"width":720,"height":720,"url":"https:\/\/nordlube.ee\/wp-content\/uploads\/2023\/11\/10200.png","type":"image\/png"}],"twitter_card":"summary_large_image","schema":{"@context":"https:\/\/schema.org","@graph":[{"@type":"WebPage","@id":"https:\/\/nordlube.ee\/toode\/mpm-hand-cleaner-plus-yellow\/","url":"https:\/\/nordlube.ee\/toode\/mpm-hand-cleaner-plus-yellow\/","name":"MPM Hand Cleaner Plus Yellow - Nordlube","isPartOf":{"@id":"https:\/\/nordlube.ee\/#website"},"primaryImageOfPage":{"@id":"https:\/\/nordlube.ee\/toode\/mpm-hand-cleaner-plus-yellow\/#primaryimage"},"image":{"@id":"https:\/\/nordlube.ee\/toode\/mpm-hand-cleaner-plus-yellow\/#primaryimage"},"thumbnailUrl":"https:\/\/nordlube.ee\/wp-content\/uploads\/2023\/11\/10200.png","datePublished":"2023-11-24T12:54:35+00:00","dateModified":"2024-12-16T10:07:02+00:00","breadcrumb":{"@id":"https:\/\/nordlube.ee\/toode\/mpm-hand-cleaner-plus-yellow\/#breadcrumb"},"inLanguage":"en-US","potentialAction":[{"@type":"ReadAction","target":["https:\/\/nordlube.ee\/toode\/mpm-hand-cleaner-plus-yellow\/"]}]},{"@type":"ImageObject","inLanguage":"en-US","@id":"https:\/\/nordlube.ee\/toode\/mpm-hand-cleaner-plus-yellow\/#primaryimage","url":"https:\/\/nordlube.ee\/wp-content\/uploads\/2023\/11\/10200.png","contentUrl":"https:\/\/nordlube.ee\/wp-content\/uploads\/2023\/11\/10200.png","width":720,"height":720},{"@type":"BreadcrumbList","@id":"https:\/\/nordlube.ee\/toode\/mpm-hand-cleaner-plus-yellow\/#breadcrumb","itemListElement":[{"@type":"ListItem","position":1,"name":"Home","item":"https:\/\/nordlube.ee\/en\/"},{"@type":"ListItem","position":2,"name":"Products","item":"https:\/\/nordlube.ee\/tooted\/"},{"@type":"ListItem","position":3,"name":"MPM Hand Cleaner Plus Yellow"}]},{"@type":"WebSite","@id":"https:\/\/nordlube.ee\/#website","url":"https:\/\/nordlube.ee\/","name":"Nordlube","description":"NESTE Lubricants ametlik esindaja Eestis","potentialAction":[{"@type":"SearchAction","target":{"@type":"EntryPoint","urlTemplate":"https:\/\/nordlube.ee\/?s={search_term_string}"},"query-input":{"@type":"PropertyValueSpecification","valueRequired":true,"valueName":"search_term_string"}}],"inLanguage":"en-US"}]}},"_links":{"self":[{"href":"https:\/\/nordlube.ee\/en\/wp-json\/wp\/v2\/product\/2331","targetHints":{"allow":["GET"]}}],"collection":[{"href":"https:\/\/nordlube.ee\/en\/wp-json\/wp\/v2\/product"}],"about":[{"href":"https:\/\/nordlube.ee\/en\/wp-json\/wp\/v2\/types\/product"}],"wp:featuredmedia":[{"embeddable":true,"href":"https:\/\/nordlube.ee\/en\/wp-json\/wp\/v2\/media\/1816"}],"wp:attachment":[{"href":"https:\/\/nordlube.ee\/en\/wp-json\/wp\/v2\/media?parent=2331"}],"wp:term":[{"taxonomy":"product_brand","embeddable":true,"href":"https:\/\/nordlube.ee\/en\/wp-json\/wp\/v2\/product_brand?post=2331"},{"taxonomy":"product_cat","embeddable":true,"href":"https:\/\/nordlube.ee\/en\/wp-json\/wp\/v2\/product_cat?post=2331"},{"taxonomy":"product_tag","embeddable":true,"href":"https:\/\/nordlube.ee\/en\/wp-json\/wp\/v2\/product_tag?post=2331"}],"curies":[{"name":"wp","href":"https:\/\/api.w.org\/{rel}","templated":true}]}}