{"id":2326,"date":"2023-11-24T15:54:32","date_gmt":"2023-11-24T12:54:32","guid":{"rendered":"https:\/\/nordlube.ee\/toode\/mpm-gearbox-oil-sae-80w-gl-4-mineral\/"},"modified":"2024-12-16T13:07:03","modified_gmt":"2024-12-16T10:07:03","slug":"mpm-gearbox-oil-sae-80w-gl-4-mineral","status":"publish","type":"product","link":"https:\/\/nordlube.ee\/en\/product\/mpm-gearbox-oil-sae-80w-gl-4-mineral\/","title":{"rendered":"MPM Gearbox Oil SAE 80W GL-4 Mineral"},"content":{"rendered":"<p>Mineraalne k\u00e4igukasti\u00f5li SAE 80W GL-4.Mineraalne k\u00e4igukasti\u00f5li SAE 80W on spetsiaalselt v\u00e4lja t\u00f6\u00f6tatud kasutamiseks manuaalk\u00e4igukastides ja k\u00f5ikides teistes \u00fclekannetes, mille puhul mineraalsete SAE 80W GL-4 \u00f5lide kasutamine on tootja poolt n\u00f5utav.Vastab spetsifikatsioonidele:API GL-4Ford SQ-M2C9008-AMIL-L-2105ZF TE-ML 17A<\/p>\n","protected":false},"excerpt":{"rendered":"<p>Mineraalne k\u00e4igukasti\u00f5li SAE 80W GL-4.Mineraalne k\u00e4igukasti\u00f5li SAE 80W on spetsiaalselt v\u00e4lja t\u00f6\u00f6tatud kasutamiseks manuaalk\u00e4igukastides ja k\u00f5ikides teistes \u00fclekannetes, mille puhul mineraalsete SAE 80W GL-4 \u00f5lide kasutamine on tootja poolt n\u00f5utav.Vastab spetsifikatsioonidele:API GL-4Ford SQ-M2C9008-AMIL-L-2105ZF TE-ML 17A<\/p>\n","protected":false},"featured_media":1802,"template":"","meta":{"_acf_changed":false},"product_brand":[504],"product_cat":[516,520,528,206],"product_tag":[],"class_list":{"0":"post-2326","1":"product","2":"type-product","3":"status-publish","4":"has-post-thumbnail","6":"product_appliance-autoolid","7":"product_appliance-olid-tootmistehnikale","8":"product_appliance-olid-veokitele-ja-bussidele","9":"product_appliance-pollumajandusolid","10":"product_brand-mpm-oil","11":"product_cat-gearbox-oil-differential-oil-et","12":"product_cat-manual-transmission-et","13":"product_cat-mineral-2-et","14":"product_cat-other-et","15":"pa_maht-1-l-et","16":"pa_maht-20-l-et","17":"pa_maht-205-l-et","18":"pa_maht-4-l-et","20":"first","21":"instock","22":"taxable","23":"shipping-taxable","24":"purchasable","25":"product-type-variable"},"acf":[],"yoast_head":"<!-- This site is optimized with the Yoast SEO plugin v27.5 - https:\/\/yoast.com\/product\/yoast-seo-wordpress\/ -->\n<title>MPM Gearbox Oil SAE 80W GL-4 Mineral - Nordlube<\/title>\n<meta name=\"robots\" content=\"index, follow, max-snippet:-1, max-image-preview:large, max-video-preview:-1\" \/>\n<link rel=\"canonical\" href=\"https:\/\/nordlube.ee\/toode\/mpm-gearbox-oil-sae-80w-gl-4-mineral\/\" \/>\n<meta property=\"og:locale\" content=\"en_US\" \/>\n<meta property=\"og:type\" content=\"article\" \/>\n<meta property=\"og:title\" content=\"MPM Gearbox Oil SAE 80W GL-4 Mineral - Nordlube\" \/>\n<meta property=\"og:description\" content=\"Mineraalne k\u00e4igukasti\u00f5li SAE 80W GL-4.Mineraalne k\u00e4igukasti\u00f5li SAE 80W on spetsiaalselt v\u00e4lja t\u00f6\u00f6tatud kasutamiseks manuaalk\u00e4igukastides ja k\u00f5ikides teistes \u00fclekannetes, mille puhul mineraalsete SAE 80W GL-4 \u00f5lide kasutamine on tootja poolt n\u00f5utav.Vastab spetsifikatsioonidele:API GL-4Ford SQ-M2C9008-AMIL-L-2105ZF TE-ML 17A\" \/>\n<meta property=\"og:url\" content=\"https:\/\/nordlube.ee\/toode\/mpm-gearbox-oil-sae-80w-gl-4-mineral\/\" \/>\n<meta property=\"og:site_name\" content=\"Nordlube\" \/>\n<meta property=\"article:modified_time\" content=\"2024-12-16T10:07:03+00:00\" \/>\n<meta property=\"og:image\" content=\"https:\/\/nordlube.ee\/wp-content\/uploads\/2023\/11\/11000-1024x1024.png\" \/>\n\t<meta property=\"og:image:width\" content=\"1024\" \/>\n\t<meta property=\"og:image:height\" content=\"1024\" \/>\n\t<meta property=\"og:image:type\" content=\"image\/png\" \/>\n<meta name=\"twitter:card\" content=\"summary_large_image\" \/>\n<meta name=\"twitter:label1\" content=\"Est. reading time\" \/>\n\t<meta name=\"twitter:data1\" content=\"1 minute\" \/>\n<script type=\"application\/ld+json\" class=\"yoast-schema-graph\">{\"@context\":\"https:\\\/\\\/schema.org\",\"@graph\":[{\"@type\":\"WebPage\",\"@id\":\"https:\\\/\\\/nordlube.ee\\\/toode\\\/mpm-gearbox-oil-sae-80w-gl-4-mineral\\\/\",\"url\":\"https:\\\/\\\/nordlube.ee\\\/toode\\\/mpm-gearbox-oil-sae-80w-gl-4-mineral\\\/\",\"name\":\"MPM Gearbox Oil SAE 80W GL-4 Mineral - Nordlube\",\"isPartOf\":{\"@id\":\"https:\\\/\\\/nordlube.ee\\\/#website\"},\"primaryImageOfPage\":{\"@id\":\"https:\\\/\\\/nordlube.ee\\\/toode\\\/mpm-gearbox-oil-sae-80w-gl-4-mineral\\\/#primaryimage\"},\"image\":{\"@id\":\"https:\\\/\\\/nordlube.ee\\\/toode\\\/mpm-gearbox-oil-sae-80w-gl-4-mineral\\\/#primaryimage\"},\"thumbnailUrl\":\"https:\\\/\\\/nordlube.ee\\\/wp-content\\\/uploads\\\/2023\\\/11\\\/11000.png\",\"datePublished\":\"2023-11-24T12:54:32+00:00\",\"dateModified\":\"2024-12-16T10:07:03+00:00\",\"breadcrumb\":{\"@id\":\"https:\\\/\\\/nordlube.ee\\\/toode\\\/mpm-gearbox-oil-sae-80w-gl-4-mineral\\\/#breadcrumb\"},\"inLanguage\":\"en-US\",\"potentialAction\":[{\"@type\":\"ReadAction\",\"target\":[\"https:\\\/\\\/nordlube.ee\\\/toode\\\/mpm-gearbox-oil-sae-80w-gl-4-mineral\\\/\"]}]},{\"@type\":\"ImageObject\",\"inLanguage\":\"en-US\",\"@id\":\"https:\\\/\\\/nordlube.ee\\\/toode\\\/mpm-gearbox-oil-sae-80w-gl-4-mineral\\\/#primaryimage\",\"url\":\"https:\\\/\\\/nordlube.ee\\\/wp-content\\\/uploads\\\/2023\\\/11\\\/11000.png\",\"contentUrl\":\"https:\\\/\\\/nordlube.ee\\\/wp-content\\\/uploads\\\/2023\\\/11\\\/11000.png\",\"width\":2635,\"height\":2635},{\"@type\":\"BreadcrumbList\",\"@id\":\"https:\\\/\\\/nordlube.ee\\\/toode\\\/mpm-gearbox-oil-sae-80w-gl-4-mineral\\\/#breadcrumb\",\"itemListElement\":[{\"@type\":\"ListItem\",\"position\":1,\"name\":\"Home\",\"item\":\"https:\\\/\\\/nordlube.ee\\\/en\\\/\"},{\"@type\":\"ListItem\",\"position\":2,\"name\":\"Products\",\"item\":\"https:\\\/\\\/nordlube.ee\\\/tooted\\\/\"},{\"@type\":\"ListItem\",\"position\":3,\"name\":\"MPM Gearbox Oil SAE 80W GL-4 Mineral\"}]},{\"@type\":\"WebSite\",\"@id\":\"https:\\\/\\\/nordlube.ee\\\/#website\",\"url\":\"https:\\\/\\\/nordlube.ee\\\/\",\"name\":\"Nordlube\",\"description\":\"NESTE Lubricants ametlik esindaja Eestis\",\"potentialAction\":[{\"@type\":\"SearchAction\",\"target\":{\"@type\":\"EntryPoint\",\"urlTemplate\":\"https:\\\/\\\/nordlube.ee\\\/?s={search_term_string}\"},\"query-input\":{\"@type\":\"PropertyValueSpecification\",\"valueRequired\":true,\"valueName\":\"search_term_string\"}}],\"inLanguage\":\"en-US\"}]}<\/script>\n<!-- \/ Yoast SEO plugin. -->","yoast_head_json":{"title":"MPM Gearbox Oil SAE 80W GL-4 Mineral - Nordlube","robots":{"index":"index","follow":"follow","max-snippet":"max-snippet:-1","max-image-preview":"max-image-preview:large","max-video-preview":"max-video-preview:-1"},"canonical":"https:\/\/nordlube.ee\/toode\/mpm-gearbox-oil-sae-80w-gl-4-mineral\/","og_locale":"en_US","og_type":"article","og_title":"MPM Gearbox Oil SAE 80W GL-4 Mineral - Nordlube","og_description":"Mineraalne k\u00e4igukasti\u00f5li SAE 80W GL-4.Mineraalne k\u00e4igukasti\u00f5li SAE 80W on spetsiaalselt v\u00e4lja t\u00f6\u00f6tatud kasutamiseks manuaalk\u00e4igukastides ja k\u00f5ikides teistes \u00fclekannetes, mille puhul mineraalsete SAE 80W GL-4 \u00f5lide kasutamine on tootja poolt n\u00f5utav.Vastab spetsifikatsioonidele:API GL-4Ford SQ-M2C9008-AMIL-L-2105ZF TE-ML 17A","og_url":"https:\/\/nordlube.ee\/toode\/mpm-gearbox-oil-sae-80w-gl-4-mineral\/","og_site_name":"Nordlube","article_modified_time":"2024-12-16T10:07:03+00:00","og_image":[{"width":1024,"height":1024,"url":"https:\/\/nordlube.ee\/wp-content\/uploads\/2023\/11\/11000-1024x1024.png","type":"image\/png"}],"twitter_card":"summary_large_image","twitter_misc":{"Est. reading time":"1 minute"},"schema":{"@context":"https:\/\/schema.org","@graph":[{"@type":"WebPage","@id":"https:\/\/nordlube.ee\/toode\/mpm-gearbox-oil-sae-80w-gl-4-mineral\/","url":"https:\/\/nordlube.ee\/toode\/mpm-gearbox-oil-sae-80w-gl-4-mineral\/","name":"MPM Gearbox Oil SAE 80W GL-4 Mineral - Nordlube","isPartOf":{"@id":"https:\/\/nordlube.ee\/#website"},"primaryImageOfPage":{"@id":"https:\/\/nordlube.ee\/toode\/mpm-gearbox-oil-sae-80w-gl-4-mineral\/#primaryimage"},"image":{"@id":"https:\/\/nordlube.ee\/toode\/mpm-gearbox-oil-sae-80w-gl-4-mineral\/#primaryimage"},"thumbnailUrl":"https:\/\/nordlube.ee\/wp-content\/uploads\/2023\/11\/11000.png","datePublished":"2023-11-24T12:54:32+00:00","dateModified":"2024-12-16T10:07:03+00:00","breadcrumb":{"@id":"https:\/\/nordlube.ee\/toode\/mpm-gearbox-oil-sae-80w-gl-4-mineral\/#breadcrumb"},"inLanguage":"en-US","potentialAction":[{"@type":"ReadAction","target":["https:\/\/nordlube.ee\/toode\/mpm-gearbox-oil-sae-80w-gl-4-mineral\/"]}]},{"@type":"ImageObject","inLanguage":"en-US","@id":"https:\/\/nordlube.ee\/toode\/mpm-gearbox-oil-sae-80w-gl-4-mineral\/#primaryimage","url":"https:\/\/nordlube.ee\/wp-content\/uploads\/2023\/11\/11000.png","contentUrl":"https:\/\/nordlube.ee\/wp-content\/uploads\/2023\/11\/11000.png","width":2635,"height":2635},{"@type":"BreadcrumbList","@id":"https:\/\/nordlube.ee\/toode\/mpm-gearbox-oil-sae-80w-gl-4-mineral\/#breadcrumb","itemListElement":[{"@type":"ListItem","position":1,"name":"Home","item":"https:\/\/nordlube.ee\/en\/"},{"@type":"ListItem","position":2,"name":"Products","item":"https:\/\/nordlube.ee\/tooted\/"},{"@type":"ListItem","position":3,"name":"MPM Gearbox Oil SAE 80W GL-4 Mineral"}]},{"@type":"WebSite","@id":"https:\/\/nordlube.ee\/#website","url":"https:\/\/nordlube.ee\/","name":"Nordlube","description":"NESTE Lubricants ametlik esindaja Eestis","potentialAction":[{"@type":"SearchAction","target":{"@type":"EntryPoint","urlTemplate":"https:\/\/nordlube.ee\/?s={search_term_string}"},"query-input":{"@type":"PropertyValueSpecification","valueRequired":true,"valueName":"search_term_string"}}],"inLanguage":"en-US"}]}},"_links":{"self":[{"href":"https:\/\/nordlube.ee\/en\/wp-json\/wp\/v2\/product\/2326","targetHints":{"allow":["GET"]}}],"collection":[{"href":"https:\/\/nordlube.ee\/en\/wp-json\/wp\/v2\/product"}],"about":[{"href":"https:\/\/nordlube.ee\/en\/wp-json\/wp\/v2\/types\/product"}],"wp:featuredmedia":[{"embeddable":true,"href":"https:\/\/nordlube.ee\/en\/wp-json\/wp\/v2\/media\/1802"}],"wp:attachment":[{"href":"https:\/\/nordlube.ee\/en\/wp-json\/wp\/v2\/media?parent=2326"}],"wp:term":[{"taxonomy":"product_brand","embeddable":true,"href":"https:\/\/nordlube.ee\/en\/wp-json\/wp\/v2\/product_brand?post=2326"},{"taxonomy":"product_cat","embeddable":true,"href":"https:\/\/nordlube.ee\/en\/wp-json\/wp\/v2\/product_cat?post=2326"},{"taxonomy":"product_tag","embeddable":true,"href":"https:\/\/nordlube.ee\/en\/wp-json\/wp\/v2\/product_tag?post=2326"}],"curies":[{"name":"wp","href":"https:\/\/api.w.org\/{rel}","templated":true}]}}