{"id":2282,"date":"2023-11-24T15:54:24","date_gmt":"2023-11-24T12:54:24","guid":{"rendered":"https:\/\/nordlube.ee\/toode\/mpm-atf-automatic-transmission-fluid-dexron-ii-d\/"},"modified":"2024-12-16T13:07:01","modified_gmt":"2024-12-16T10:07:01","slug":"mpm-atf-automatic-transmission-fluid-dexron-ii-d","status":"publish","type":"product","link":"https:\/\/nordlube.ee\/en\/product\/mpm-atf-automatic-transmission-fluid-dexron-ii-d\/","title":{"rendered":"MPM ATF Automatic Transmission Fluid Dexron II-D"},"content":{"rendered":"<p>ATF\u00a0automaat\u00a0transmissioonivedelik\u00a0Dexron IID.Mineraalne automaat transmissiooni\u00f5li ATF IID \/ Dexron IID on spetsiaalselt v\u00e4lja t\u00f6\u00f6tatud kasutamiseks automaat transmissioonis\u00fcsteemides, rooliv\u00f5imendites, p\u00f6\u00f6rdemomendi muundurites ja k\u00f5ikides muudes automaat transmissioonis\u00fcsteemi osades, mille puhul ATF Dexron IID \u00f5li kasutamine on tootja poolt n\u00f5utav.Vastab spetsifikatsioonidele:Allison C4Caterpillar TO-2Chrysler MS-6704AFord ESP-M2C138-CJ \/ ESP-M2C166-H \/ MerconGM Dexron IIDMAN 339 Type V1 \/ 339 Type Z1MB-Approval 236.5 \/ 236.6 \/ 236.7<\/p>\n","protected":false},"excerpt":{"rendered":"<p>ATF\u00a0automaat\u00a0transmissioonivedelik\u00a0Dexron IID.Mineraalne automaat transmissiooni\u00f5li ATF IID \/ Dexron IID on spetsiaalselt v\u00e4lja t\u00f6\u00f6tatud kasutamiseks automaat transmissioonis\u00fcsteemides, rooliv\u00f5imendites, p\u00f6\u00f6rdemomendi muundurites ja k\u00f5ikides muudes automaat transmissioonis\u00fcsteemi osades, mille puhul ATF Dexron IID \u00f5li kasutamine on tootja poolt n\u00f5utav.Vastab spetsifikatsioonidele:Allison C4Caterpillar TO-2Chrysler MS-6704AFord ESP-M2C138-CJ \/ ESP-M2C166-H \/ MerconGM Dexron IIDMAN 339 Type V1 \/ 339 Type Z1MB-Approval 236.5 \/ 236.6 \/ 236.7<\/p>\n","protected":false},"featured_media":1736,"template":"","meta":{"_acf_changed":false},"product_brand":[504],"product_cat":[515,516,206],"product_tag":[],"class_list":{"0":"post-2282","1":"product","2":"type-product","3":"status-publish","4":"has-post-thumbnail","6":"product_appliance-autoolid","7":"product_appliance-olid-tootmistehnikale","8":"product_appliance-olid-veokitele-ja-bussidele","9":"product_appliance-pollumajandusolid","10":"product_brand-mpm-oil","11":"product_cat-automatic-transmission-et","12":"product_cat-gearbox-oil-differential-oil-et","13":"product_cat-other-et","14":"pa_maht-1-l-et","15":"pa_maht-20-l-et","16":"pa_maht-205-l-et","17":"pa_maht-4-l-et","19":"first","20":"instock","21":"taxable","22":"shipping-taxable","23":"purchasable","24":"product-type-variable"},"acf":[],"yoast_head":"<!-- This site is optimized with the Yoast SEO plugin v27.3 - https:\/\/yoast.com\/product\/yoast-seo-wordpress\/ -->\n<title>MPM ATF Automatic Transmission Fluid Dexron II-D - Nordlube<\/title>\n<meta name=\"robots\" content=\"index, follow, max-snippet:-1, max-image-preview:large, max-video-preview:-1\" \/>\n<link rel=\"canonical\" href=\"https:\/\/nordlube.ee\/toode\/mpm-atf-automatic-transmission-fluid-dexron-ii-d\/\" \/>\n<meta property=\"og:locale\" content=\"en_US\" \/>\n<meta property=\"og:type\" content=\"article\" \/>\n<meta property=\"og:title\" content=\"MPM ATF Automatic Transmission Fluid Dexron II-D - Nordlube\" \/>\n<meta property=\"og:description\" content=\"ATF\u00a0automaat\u00a0transmissioonivedelik\u00a0Dexron IID.Mineraalne automaat transmissiooni\u00f5li ATF IID \/ Dexron IID on spetsiaalselt v\u00e4lja t\u00f6\u00f6tatud kasutamiseks automaat transmissioonis\u00fcsteemides, rooliv\u00f5imendites, p\u00f6\u00f6rdemomendi muundurites ja k\u00f5ikides muudes automaat transmissioonis\u00fcsteemi osades, mille puhul ATF Dexron IID \u00f5li kasutamine on tootja poolt n\u00f5utav.Vastab spetsifikatsioonidele:Allison C4Caterpillar TO-2Chrysler MS-6704AFord ESP-M2C138-CJ \/ ESP-M2C166-H \/ MerconGM Dexron IIDMAN 339 Type V1 \/ 339 Type Z1MB-Approval 236.5 \/ 236.6 \/ 236.7\" \/>\n<meta property=\"og:url\" content=\"https:\/\/nordlube.ee\/toode\/mpm-atf-automatic-transmission-fluid-dexron-ii-d\/\" \/>\n<meta property=\"og:site_name\" content=\"Nordlube\" \/>\n<meta property=\"article:modified_time\" content=\"2024-12-16T10:07:01+00:00\" \/>\n<meta property=\"og:image\" content=\"https:\/\/nordlube.ee\/wp-content\/uploads\/2023\/11\/15000-1024x1024.png\" \/>\n\t<meta property=\"og:image:width\" content=\"1024\" \/>\n\t<meta property=\"og:image:height\" content=\"1024\" \/>\n\t<meta property=\"og:image:type\" content=\"image\/png\" \/>\n<meta name=\"twitter:card\" content=\"summary_large_image\" \/>\n<script type=\"application\/ld+json\" class=\"yoast-schema-graph\">{\"@context\":\"https:\\\/\\\/schema.org\",\"@graph\":[{\"@type\":\"WebPage\",\"@id\":\"https:\\\/\\\/nordlube.ee\\\/toode\\\/mpm-atf-automatic-transmission-fluid-dexron-ii-d\\\/\",\"url\":\"https:\\\/\\\/nordlube.ee\\\/toode\\\/mpm-atf-automatic-transmission-fluid-dexron-ii-d\\\/\",\"name\":\"MPM ATF Automatic Transmission Fluid Dexron II-D - Nordlube\",\"isPartOf\":{\"@id\":\"https:\\\/\\\/nordlube.ee\\\/#website\"},\"primaryImageOfPage\":{\"@id\":\"https:\\\/\\\/nordlube.ee\\\/toode\\\/mpm-atf-automatic-transmission-fluid-dexron-ii-d\\\/#primaryimage\"},\"image\":{\"@id\":\"https:\\\/\\\/nordlube.ee\\\/toode\\\/mpm-atf-automatic-transmission-fluid-dexron-ii-d\\\/#primaryimage\"},\"thumbnailUrl\":\"https:\\\/\\\/nordlube.ee\\\/wp-content\\\/uploads\\\/2023\\\/11\\\/15000.png\",\"datePublished\":\"2023-11-24T12:54:24+00:00\",\"dateModified\":\"2024-12-16T10:07:01+00:00\",\"breadcrumb\":{\"@id\":\"https:\\\/\\\/nordlube.ee\\\/toode\\\/mpm-atf-automatic-transmission-fluid-dexron-ii-d\\\/#breadcrumb\"},\"inLanguage\":\"en-US\",\"potentialAction\":[{\"@type\":\"ReadAction\",\"target\":[\"https:\\\/\\\/nordlube.ee\\\/toode\\\/mpm-atf-automatic-transmission-fluid-dexron-ii-d\\\/\"]}]},{\"@type\":\"ImageObject\",\"inLanguage\":\"en-US\",\"@id\":\"https:\\\/\\\/nordlube.ee\\\/toode\\\/mpm-atf-automatic-transmission-fluid-dexron-ii-d\\\/#primaryimage\",\"url\":\"https:\\\/\\\/nordlube.ee\\\/wp-content\\\/uploads\\\/2023\\\/11\\\/15000.png\",\"contentUrl\":\"https:\\\/\\\/nordlube.ee\\\/wp-content\\\/uploads\\\/2023\\\/11\\\/15000.png\",\"width\":2635,\"height\":2635},{\"@type\":\"BreadcrumbList\",\"@id\":\"https:\\\/\\\/nordlube.ee\\\/toode\\\/mpm-atf-automatic-transmission-fluid-dexron-ii-d\\\/#breadcrumb\",\"itemListElement\":[{\"@type\":\"ListItem\",\"position\":1,\"name\":\"Home\",\"item\":\"https:\\\/\\\/nordlube.ee\\\/en\\\/\"},{\"@type\":\"ListItem\",\"position\":2,\"name\":\"Products\",\"item\":\"https:\\\/\\\/nordlube.ee\\\/tooted\\\/\"},{\"@type\":\"ListItem\",\"position\":3,\"name\":\"MPM ATF Automatic Transmission Fluid Dexron II-D\"}]},{\"@type\":\"WebSite\",\"@id\":\"https:\\\/\\\/nordlube.ee\\\/#website\",\"url\":\"https:\\\/\\\/nordlube.ee\\\/\",\"name\":\"Nordlube\",\"description\":\"NESTE Lubricants ametlik esindaja Eestis\",\"potentialAction\":[{\"@type\":\"SearchAction\",\"target\":{\"@type\":\"EntryPoint\",\"urlTemplate\":\"https:\\\/\\\/nordlube.ee\\\/?s={search_term_string}\"},\"query-input\":{\"@type\":\"PropertyValueSpecification\",\"valueRequired\":true,\"valueName\":\"search_term_string\"}}],\"inLanguage\":\"en-US\"}]}<\/script>\n<!-- \/ Yoast SEO plugin. -->","yoast_head_json":{"title":"MPM ATF Automatic Transmission Fluid Dexron II-D - Nordlube","robots":{"index":"index","follow":"follow","max-snippet":"max-snippet:-1","max-image-preview":"max-image-preview:large","max-video-preview":"max-video-preview:-1"},"canonical":"https:\/\/nordlube.ee\/toode\/mpm-atf-automatic-transmission-fluid-dexron-ii-d\/","og_locale":"en_US","og_type":"article","og_title":"MPM ATF Automatic Transmission Fluid Dexron II-D - Nordlube","og_description":"ATF\u00a0automaat\u00a0transmissioonivedelik\u00a0Dexron IID.Mineraalne automaat transmissiooni\u00f5li ATF IID \/ Dexron IID on spetsiaalselt v\u00e4lja t\u00f6\u00f6tatud kasutamiseks automaat transmissioonis\u00fcsteemides, rooliv\u00f5imendites, p\u00f6\u00f6rdemomendi muundurites ja k\u00f5ikides muudes automaat transmissioonis\u00fcsteemi osades, mille puhul ATF Dexron IID \u00f5li kasutamine on tootja poolt n\u00f5utav.Vastab spetsifikatsioonidele:Allison C4Caterpillar TO-2Chrysler MS-6704AFord ESP-M2C138-CJ \/ ESP-M2C166-H \/ MerconGM Dexron IIDMAN 339 Type V1 \/ 339 Type Z1MB-Approval 236.5 \/ 236.6 \/ 236.7","og_url":"https:\/\/nordlube.ee\/toode\/mpm-atf-automatic-transmission-fluid-dexron-ii-d\/","og_site_name":"Nordlube","article_modified_time":"2024-12-16T10:07:01+00:00","og_image":[{"width":1024,"height":1024,"url":"https:\/\/nordlube.ee\/wp-content\/uploads\/2023\/11\/15000-1024x1024.png","type":"image\/png"}],"twitter_card":"summary_large_image","schema":{"@context":"https:\/\/schema.org","@graph":[{"@type":"WebPage","@id":"https:\/\/nordlube.ee\/toode\/mpm-atf-automatic-transmission-fluid-dexron-ii-d\/","url":"https:\/\/nordlube.ee\/toode\/mpm-atf-automatic-transmission-fluid-dexron-ii-d\/","name":"MPM ATF Automatic Transmission Fluid Dexron II-D - Nordlube","isPartOf":{"@id":"https:\/\/nordlube.ee\/#website"},"primaryImageOfPage":{"@id":"https:\/\/nordlube.ee\/toode\/mpm-atf-automatic-transmission-fluid-dexron-ii-d\/#primaryimage"},"image":{"@id":"https:\/\/nordlube.ee\/toode\/mpm-atf-automatic-transmission-fluid-dexron-ii-d\/#primaryimage"},"thumbnailUrl":"https:\/\/nordlube.ee\/wp-content\/uploads\/2023\/11\/15000.png","datePublished":"2023-11-24T12:54:24+00:00","dateModified":"2024-12-16T10:07:01+00:00","breadcrumb":{"@id":"https:\/\/nordlube.ee\/toode\/mpm-atf-automatic-transmission-fluid-dexron-ii-d\/#breadcrumb"},"inLanguage":"en-US","potentialAction":[{"@type":"ReadAction","target":["https:\/\/nordlube.ee\/toode\/mpm-atf-automatic-transmission-fluid-dexron-ii-d\/"]}]},{"@type":"ImageObject","inLanguage":"en-US","@id":"https:\/\/nordlube.ee\/toode\/mpm-atf-automatic-transmission-fluid-dexron-ii-d\/#primaryimage","url":"https:\/\/nordlube.ee\/wp-content\/uploads\/2023\/11\/15000.png","contentUrl":"https:\/\/nordlube.ee\/wp-content\/uploads\/2023\/11\/15000.png","width":2635,"height":2635},{"@type":"BreadcrumbList","@id":"https:\/\/nordlube.ee\/toode\/mpm-atf-automatic-transmission-fluid-dexron-ii-d\/#breadcrumb","itemListElement":[{"@type":"ListItem","position":1,"name":"Home","item":"https:\/\/nordlube.ee\/en\/"},{"@type":"ListItem","position":2,"name":"Products","item":"https:\/\/nordlube.ee\/tooted\/"},{"@type":"ListItem","position":3,"name":"MPM ATF Automatic Transmission Fluid Dexron II-D"}]},{"@type":"WebSite","@id":"https:\/\/nordlube.ee\/#website","url":"https:\/\/nordlube.ee\/","name":"Nordlube","description":"NESTE Lubricants ametlik esindaja Eestis","potentialAction":[{"@type":"SearchAction","target":{"@type":"EntryPoint","urlTemplate":"https:\/\/nordlube.ee\/?s={search_term_string}"},"query-input":{"@type":"PropertyValueSpecification","valueRequired":true,"valueName":"search_term_string"}}],"inLanguage":"en-US"}]}},"_links":{"self":[{"href":"https:\/\/nordlube.ee\/en\/wp-json\/wp\/v2\/product\/2282","targetHints":{"allow":["GET"]}}],"collection":[{"href":"https:\/\/nordlube.ee\/en\/wp-json\/wp\/v2\/product"}],"about":[{"href":"https:\/\/nordlube.ee\/en\/wp-json\/wp\/v2\/types\/product"}],"wp:featuredmedia":[{"embeddable":true,"href":"https:\/\/nordlube.ee\/en\/wp-json\/wp\/v2\/media\/1736"}],"wp:attachment":[{"href":"https:\/\/nordlube.ee\/en\/wp-json\/wp\/v2\/media?parent=2282"}],"wp:term":[{"taxonomy":"product_brand","embeddable":true,"href":"https:\/\/nordlube.ee\/en\/wp-json\/wp\/v2\/product_brand?post=2282"},{"taxonomy":"product_cat","embeddable":true,"href":"https:\/\/nordlube.ee\/en\/wp-json\/wp\/v2\/product_cat?post=2282"},{"taxonomy":"product_tag","embeddable":true,"href":"https:\/\/nordlube.ee\/en\/wp-json\/wp\/v2\/product_tag?post=2282"}],"curies":[{"name":"wp","href":"https:\/\/api.w.org\/{rel}","templated":true}]}}