{"id":2276,"date":"2023-11-24T15:54:22","date_gmt":"2023-11-24T12:54:22","guid":{"rendered":"https:\/\/nordlube.ee\/toode\/mpm-atf-automatic-transmission-fluid-hfm\/"},"modified":"2024-12-16T13:07:01","modified_gmt":"2024-12-16T10:07:01","slug":"mpm-atf-automatic-transmission-fluid-hfm","status":"publish","type":"product","link":"https:\/\/nordlube.ee\/en\/product\/mpm-atf-automatic-transmission-fluid-hfm\/","title":{"rendered":"MPM ATF Automatic Transmission Fluid HFM"},"content":{"rendered":"<p>ATF automaattransmissioonivedelik kasutamiseks muuhulgas Audi, VW, Porsche, Volvo, Toyota ja Saab\u00a0mudelites.Preemiumklassi s\u00fcnteetiline automaat transmissiooni\u00f5li on spetsiaalselt v\u00e4lja t\u00f6\u00f6tatud kasutamiseks muuhulgas k\u00f5ikides Aisin Warner automaattransmissiooni s\u00fcsteemiga varustatud Audi, VW, Porsche, Volvo, Toyota, Lexus ja Saab mudelites.Vastab spetsifikatsioonidele:Aisin Warner JWS 3309 \/ JWS 3314 \/ JWS 3317BMW ETL-7045E \/ ETL-8072BFord Mercon-V \/ WSS-M2C202-BHonda ATF Z1Hyundai ATF SP-III \/ ATF SP-IVKIA SP-III \/ SP-IVMitsubishi Diamond SP-II \/ Diamond SP-IIINissan Matic D \/ Matic J \/ Matic KOpel\/GM 1940 773Saab JWS 3309Suzuki JWS 3309Toyota T \/ T-III \/ T-IVVW G 055 025Volvo 1161540<\/p>\n","protected":false},"excerpt":{"rendered":"<p>ATF automaattransmissioonivedelik kasutamiseks muuhulgas Audi, VW, Porsche, Volvo, Toyota ja Saab\u00a0mudelites.Preemiumklassi s\u00fcnteetiline automaat transmissiooni\u00f5li on spetsiaalselt v\u00e4lja t\u00f6\u00f6tatud kasutamiseks muuhulgas k\u00f5ikides Aisin Warner automaattransmissiooni s\u00fcsteemiga varustatud Audi, VW, Porsche, Volvo, Toyota, Lexus ja Saab mudelites.Vastab spetsifikatsioonidele:Aisin Warner JWS 3309 \/ JWS 3314 \/ JWS 3317BMW ETL-7045E \/ ETL-8072BFord Mercon-V \/ WSS-M2C202-BHonda ATF Z1Hyundai ATF SP-III \/ ATF SP-IVKIA SP-III \/ SP-IVMitsubishi Diamond SP-II \/ Diamond SP-IIINissan Matic D \/ Matic J \/ Matic KOpel\/GM 1940 773Saab JWS 3309Suzuki JWS 3309Toyota T \/ T-III \/ T-IVVW G 055 025Volvo 1161540<\/p>\n","protected":false},"featured_media":1714,"template":"","meta":{"_acf_changed":false},"product_brand":[504],"product_cat":[515,516],"product_tag":[],"class_list":{"0":"post-2276","1":"product","2":"type-product","3":"status-publish","4":"has-post-thumbnail","6":"product_appliance-autoolid","7":"product_brand-mpm-oil","8":"product_cat-automatic-transmission-et","9":"product_cat-gearbox-oil-differential-oil-et","10":"pa_maht-1-l-et","11":"pa_maht-20-l-et","12":"pa_maht-4-l-et","14":"first","15":"instock","16":"taxable","17":"shipping-taxable","18":"purchasable","19":"product-type-variable"},"acf":[],"yoast_head":"<!-- This site is optimized with the Yoast SEO plugin v27.3 - https:\/\/yoast.com\/product\/yoast-seo-wordpress\/ -->\n<title>MPM ATF Automatic Transmission Fluid HFM - Nordlube<\/title>\n<meta name=\"robots\" content=\"index, follow, max-snippet:-1, max-image-preview:large, max-video-preview:-1\" \/>\n<link rel=\"canonical\" href=\"https:\/\/nordlube.ee\/toode\/mpm-atf-automatic-transmission-fluid-hfm\/\" \/>\n<meta property=\"og:locale\" content=\"en_US\" \/>\n<meta property=\"og:type\" content=\"article\" \/>\n<meta property=\"og:title\" content=\"MPM ATF Automatic Transmission Fluid HFM - Nordlube\" \/>\n<meta property=\"og:description\" content=\"ATF automaattransmissioonivedelik kasutamiseks muuhulgas Audi, VW, Porsche, Volvo, Toyota ja Saab\u00a0mudelites.Preemiumklassi s\u00fcnteetiline automaat transmissiooni\u00f5li on spetsiaalselt v\u00e4lja t\u00f6\u00f6tatud kasutamiseks muuhulgas k\u00f5ikides Aisin Warner automaattransmissiooni s\u00fcsteemiga varustatud Audi, VW, Porsche, Volvo, Toyota, Lexus ja Saab mudelites.Vastab spetsifikatsioonidele:Aisin Warner JWS 3309 \/ JWS 3314 \/ JWS 3317BMW ETL-7045E \/ ETL-8072BFord Mercon-V \/ WSS-M2C202-BHonda ATF Z1Hyundai ATF SP-III \/ ATF SP-IVKIA SP-III \/ SP-IVMitsubishi Diamond SP-II \/ Diamond SP-IIINissan Matic D \/ Matic J \/ Matic KOpel\/GM 1940 773Saab JWS 3309Suzuki JWS 3309Toyota T \/ T-III \/ T-IVVW G 055 025Volvo 1161540\" \/>\n<meta property=\"og:url\" content=\"https:\/\/nordlube.ee\/toode\/mpm-atf-automatic-transmission-fluid-hfm\/\" \/>\n<meta property=\"og:site_name\" content=\"Nordlube\" \/>\n<meta property=\"article:modified_time\" content=\"2024-12-16T10:07:01+00:00\" \/>\n<meta property=\"og:image\" content=\"https:\/\/nordlube.ee\/wp-content\/uploads\/2023\/11\/16000HFM-1024x1024.png\" \/>\n\t<meta property=\"og:image:width\" content=\"1024\" \/>\n\t<meta property=\"og:image:height\" content=\"1024\" \/>\n\t<meta property=\"og:image:type\" content=\"image\/png\" \/>\n<meta name=\"twitter:card\" content=\"summary_large_image\" \/>\n<script type=\"application\/ld+json\" class=\"yoast-schema-graph\">{\"@context\":\"https:\\\/\\\/schema.org\",\"@graph\":[{\"@type\":\"WebPage\",\"@id\":\"https:\\\/\\\/nordlube.ee\\\/toode\\\/mpm-atf-automatic-transmission-fluid-hfm\\\/\",\"url\":\"https:\\\/\\\/nordlube.ee\\\/toode\\\/mpm-atf-automatic-transmission-fluid-hfm\\\/\",\"name\":\"MPM ATF Automatic Transmission Fluid HFM - Nordlube\",\"isPartOf\":{\"@id\":\"https:\\\/\\\/nordlube.ee\\\/#website\"},\"primaryImageOfPage\":{\"@id\":\"https:\\\/\\\/nordlube.ee\\\/toode\\\/mpm-atf-automatic-transmission-fluid-hfm\\\/#primaryimage\"},\"image\":{\"@id\":\"https:\\\/\\\/nordlube.ee\\\/toode\\\/mpm-atf-automatic-transmission-fluid-hfm\\\/#primaryimage\"},\"thumbnailUrl\":\"https:\\\/\\\/nordlube.ee\\\/wp-content\\\/uploads\\\/2023\\\/11\\\/16000HFM.png\",\"datePublished\":\"2023-11-24T12:54:22+00:00\",\"dateModified\":\"2024-12-16T10:07:01+00:00\",\"breadcrumb\":{\"@id\":\"https:\\\/\\\/nordlube.ee\\\/toode\\\/mpm-atf-automatic-transmission-fluid-hfm\\\/#breadcrumb\"},\"inLanguage\":\"en-US\",\"potentialAction\":[{\"@type\":\"ReadAction\",\"target\":[\"https:\\\/\\\/nordlube.ee\\\/toode\\\/mpm-atf-automatic-transmission-fluid-hfm\\\/\"]}]},{\"@type\":\"ImageObject\",\"inLanguage\":\"en-US\",\"@id\":\"https:\\\/\\\/nordlube.ee\\\/toode\\\/mpm-atf-automatic-transmission-fluid-hfm\\\/#primaryimage\",\"url\":\"https:\\\/\\\/nordlube.ee\\\/wp-content\\\/uploads\\\/2023\\\/11\\\/16000HFM.png\",\"contentUrl\":\"https:\\\/\\\/nordlube.ee\\\/wp-content\\\/uploads\\\/2023\\\/11\\\/16000HFM.png\",\"width\":2635,\"height\":2635},{\"@type\":\"BreadcrumbList\",\"@id\":\"https:\\\/\\\/nordlube.ee\\\/toode\\\/mpm-atf-automatic-transmission-fluid-hfm\\\/#breadcrumb\",\"itemListElement\":[{\"@type\":\"ListItem\",\"position\":1,\"name\":\"Home\",\"item\":\"https:\\\/\\\/nordlube.ee\\\/en\\\/\"},{\"@type\":\"ListItem\",\"position\":2,\"name\":\"Products\",\"item\":\"https:\\\/\\\/nordlube.ee\\\/tooted\\\/\"},{\"@type\":\"ListItem\",\"position\":3,\"name\":\"MPM ATF Automatic Transmission Fluid HFM\"}]},{\"@type\":\"WebSite\",\"@id\":\"https:\\\/\\\/nordlube.ee\\\/#website\",\"url\":\"https:\\\/\\\/nordlube.ee\\\/\",\"name\":\"Nordlube\",\"description\":\"NESTE Lubricants ametlik esindaja Eestis\",\"potentialAction\":[{\"@type\":\"SearchAction\",\"target\":{\"@type\":\"EntryPoint\",\"urlTemplate\":\"https:\\\/\\\/nordlube.ee\\\/?s={search_term_string}\"},\"query-input\":{\"@type\":\"PropertyValueSpecification\",\"valueRequired\":true,\"valueName\":\"search_term_string\"}}],\"inLanguage\":\"en-US\"}]}<\/script>\n<!-- \/ Yoast SEO plugin. -->","yoast_head_json":{"title":"MPM ATF Automatic Transmission Fluid HFM - Nordlube","robots":{"index":"index","follow":"follow","max-snippet":"max-snippet:-1","max-image-preview":"max-image-preview:large","max-video-preview":"max-video-preview:-1"},"canonical":"https:\/\/nordlube.ee\/toode\/mpm-atf-automatic-transmission-fluid-hfm\/","og_locale":"en_US","og_type":"article","og_title":"MPM ATF Automatic Transmission Fluid HFM - Nordlube","og_description":"ATF automaattransmissioonivedelik kasutamiseks muuhulgas Audi, VW, Porsche, Volvo, Toyota ja Saab\u00a0mudelites.Preemiumklassi s\u00fcnteetiline automaat transmissiooni\u00f5li on spetsiaalselt v\u00e4lja t\u00f6\u00f6tatud kasutamiseks muuhulgas k\u00f5ikides Aisin Warner automaattransmissiooni s\u00fcsteemiga varustatud Audi, VW, Porsche, Volvo, Toyota, Lexus ja Saab mudelites.Vastab spetsifikatsioonidele:Aisin Warner JWS 3309 \/ JWS 3314 \/ JWS 3317BMW ETL-7045E \/ ETL-8072BFord Mercon-V \/ WSS-M2C202-BHonda ATF Z1Hyundai ATF SP-III \/ ATF SP-IVKIA SP-III \/ SP-IVMitsubishi Diamond SP-II \/ Diamond SP-IIINissan Matic D \/ Matic J \/ Matic KOpel\/GM 1940 773Saab JWS 3309Suzuki JWS 3309Toyota T \/ T-III \/ T-IVVW G 055 025Volvo 1161540","og_url":"https:\/\/nordlube.ee\/toode\/mpm-atf-automatic-transmission-fluid-hfm\/","og_site_name":"Nordlube","article_modified_time":"2024-12-16T10:07:01+00:00","og_image":[{"width":1024,"height":1024,"url":"https:\/\/nordlube.ee\/wp-content\/uploads\/2023\/11\/16000HFM-1024x1024.png","type":"image\/png"}],"twitter_card":"summary_large_image","schema":{"@context":"https:\/\/schema.org","@graph":[{"@type":"WebPage","@id":"https:\/\/nordlube.ee\/toode\/mpm-atf-automatic-transmission-fluid-hfm\/","url":"https:\/\/nordlube.ee\/toode\/mpm-atf-automatic-transmission-fluid-hfm\/","name":"MPM ATF Automatic Transmission Fluid HFM - Nordlube","isPartOf":{"@id":"https:\/\/nordlube.ee\/#website"},"primaryImageOfPage":{"@id":"https:\/\/nordlube.ee\/toode\/mpm-atf-automatic-transmission-fluid-hfm\/#primaryimage"},"image":{"@id":"https:\/\/nordlube.ee\/toode\/mpm-atf-automatic-transmission-fluid-hfm\/#primaryimage"},"thumbnailUrl":"https:\/\/nordlube.ee\/wp-content\/uploads\/2023\/11\/16000HFM.png","datePublished":"2023-11-24T12:54:22+00:00","dateModified":"2024-12-16T10:07:01+00:00","breadcrumb":{"@id":"https:\/\/nordlube.ee\/toode\/mpm-atf-automatic-transmission-fluid-hfm\/#breadcrumb"},"inLanguage":"en-US","potentialAction":[{"@type":"ReadAction","target":["https:\/\/nordlube.ee\/toode\/mpm-atf-automatic-transmission-fluid-hfm\/"]}]},{"@type":"ImageObject","inLanguage":"en-US","@id":"https:\/\/nordlube.ee\/toode\/mpm-atf-automatic-transmission-fluid-hfm\/#primaryimage","url":"https:\/\/nordlube.ee\/wp-content\/uploads\/2023\/11\/16000HFM.png","contentUrl":"https:\/\/nordlube.ee\/wp-content\/uploads\/2023\/11\/16000HFM.png","width":2635,"height":2635},{"@type":"BreadcrumbList","@id":"https:\/\/nordlube.ee\/toode\/mpm-atf-automatic-transmission-fluid-hfm\/#breadcrumb","itemListElement":[{"@type":"ListItem","position":1,"name":"Home","item":"https:\/\/nordlube.ee\/en\/"},{"@type":"ListItem","position":2,"name":"Products","item":"https:\/\/nordlube.ee\/tooted\/"},{"@type":"ListItem","position":3,"name":"MPM ATF Automatic Transmission Fluid HFM"}]},{"@type":"WebSite","@id":"https:\/\/nordlube.ee\/#website","url":"https:\/\/nordlube.ee\/","name":"Nordlube","description":"NESTE Lubricants ametlik esindaja Eestis","potentialAction":[{"@type":"SearchAction","target":{"@type":"EntryPoint","urlTemplate":"https:\/\/nordlube.ee\/?s={search_term_string}"},"query-input":{"@type":"PropertyValueSpecification","valueRequired":true,"valueName":"search_term_string"}}],"inLanguage":"en-US"}]}},"_links":{"self":[{"href":"https:\/\/nordlube.ee\/en\/wp-json\/wp\/v2\/product\/2276","targetHints":{"allow":["GET"]}}],"collection":[{"href":"https:\/\/nordlube.ee\/en\/wp-json\/wp\/v2\/product"}],"about":[{"href":"https:\/\/nordlube.ee\/en\/wp-json\/wp\/v2\/types\/product"}],"wp:featuredmedia":[{"embeddable":true,"href":"https:\/\/nordlube.ee\/en\/wp-json\/wp\/v2\/media\/1714"}],"wp:attachment":[{"href":"https:\/\/nordlube.ee\/en\/wp-json\/wp\/v2\/media?parent=2276"}],"wp:term":[{"taxonomy":"product_brand","embeddable":true,"href":"https:\/\/nordlube.ee\/en\/wp-json\/wp\/v2\/product_brand?post=2276"},{"taxonomy":"product_cat","embeddable":true,"href":"https:\/\/nordlube.ee\/en\/wp-json\/wp\/v2\/product_cat?post=2276"},{"taxonomy":"product_tag","embeddable":true,"href":"https:\/\/nordlube.ee\/en\/wp-json\/wp\/v2\/product_tag?post=2276"}],"curies":[{"name":"wp","href":"https:\/\/api.w.org\/{rel}","templated":true}]}}